{"id":87,"date":"2020-02-19T13:33:59","date_gmt":"2020-02-19T13:33:59","guid":{"rendered":"http:\/\/museenationaldelaphotographie.com\/?page_id=87"},"modified":"2025-08-22T18:29:59","modified_gmt":"2025-08-22T18:29:59","slug":"informations","status":"publish","type":"page","link":"https:\/\/museenationaldelaphotographie.com\/en\/informations","title":{"rendered":"CONTACT US"},"content":{"rendered":"<h2>CONTACT US<\/h2>\n<p><\/p>\n<p>NOS COORDONN\u00c9ES<\/p>\n<p>Courriel : museedelaphoto@gmail.com<\/p>\n<p>T\u00e9l\u00e9phone: 819 474-5782<\/p>\n<p>Adresse: 400, rue Heriot, Drummondville (Qu\u00e9bec) J2B 1B3<\/p>\n<h2>HEURES D&rsquo;OUVERTURE<br \/><\/h2>\n<p>\t\t\t\t\t\t\t\t\t\t\t\t\t\t\t<img data-recalc-dims=\"1\" fetchpriority=\"high\" decoding=\"async\" width=\"486\" height=\"330\" src=\"https:\/\/i0.wp.com\/museenationaldelaphotographie.com\/wp-content\/uploads\/2024\/05\/Capture-decran-2024-05-08-151618.png?resize=486%2C330&#038;ssl=1\" alt=\"Heures d&#039;ouverture du Mus\u00e9e de la photographie\" srcset=\"https:\/\/i0.wp.com\/museenationaldelaphotographie.com\/wp-content\/uploads\/2024\/05\/Capture-decran-2024-05-08-151618.png?w=486&amp;ssl=1 486w, https:\/\/i0.wp.com\/museenationaldelaphotographie.com\/wp-content\/uploads\/2024\/05\/Capture-decran-2024-05-08-151618.png?resize=300%2C204&amp;ssl=1 300w, https:\/\/i0.wp.com\/museenationaldelaphotographie.com\/wp-content\/uploads\/2024\/05\/Capture-decran-2024-05-08-151618.png?resize=18%2C12&amp;ssl=1 18w\" sizes=\"100vw\" \/><br \/>\n\t\t\t<iframe loading=\"lazy\"\n\t\t\t\t\tsrc=\"https:\/\/maps.google.com\/maps?q=Mus%C3%A9e%20de%20la%20photographie%20Desjardins&#038;t=m&#038;z=15&#038;output=embed&#038;iwloc=near\"\n\t\t\t\t\ttitle=\"Mus\u00e9e de la photographie Desjardins\"\n\t\t\t\t\taria-label=\"Mus\u00e9e de la photographie Desjardins\"\n\t\t\t><\/iframe><\/p>\n<h2>Section commentaires<\/h2>","protected":false},"excerpt":{"rendered":"<p>NOUS JOINDRE NOS COORDONN\u00c9ES Courriel : museedelaphoto@gmail.com T\u00e9l\u00e9phone: 819 474-5782 Adresse: 400, rue Heriot, Drummondville (Qu\u00e9bec) J2B 1B3 HEURES D&rsquo;OUVERTURE Section commentaires<\/p>","protected":false},"author":1,"featured_media":5401,"parent":0,"menu_order":0,"comment_status":"open","ping_status":"closed","template":"","meta":{"ngg_post_thumbnail":0,"footnotes":""},"class_list":["post-87","page","type-page","status-publish","has-post-thumbnail","hentry"],"yoast_head":"<!-- This site is optimized with the Yoast SEO plugin v27.3 - https:\/\/yoast.com\/product\/yoast-seo-wordpress\/ -->\n<title>Nous joindre -<\/title>\n<meta name=\"description\" content=\"Vous pouvez contacter le Mus\u00e9e de la photographie de Drummondville au 819-474-5782 ainsi que pas courriel.\" \/>\n<meta name=\"robots\" content=\"index, follow, max-snippet:-1, max-image-preview:large, max-video-preview:-1\" \/>\n<link rel=\"canonical\" href=\"https:\/\/museenationaldelaphotographie.com\/en\/informations\/\" \/>\n<meta property=\"og:locale\" content=\"en_US\" \/>\n<meta property=\"og:type\" content=\"article\" \/>\n<meta property=\"og:title\" content=\"Nous joindre -\" \/>\n<meta property=\"og:description\" content=\"Vous pouvez contacter le Mus\u00e9e de la photographie de Drummondville au 819-474-5782 ainsi que pas courriel.\" \/>\n<meta property=\"og:url\" content=\"https:\/\/museenationaldelaphotographie.com\/en\/informations\/\" \/>\n<meta property=\"article:modified_time\" content=\"2025-08-22T18:29:59+00:00\" \/>\n<meta property=\"og:image\" content=\"https:\/\/museenationaldelaphotographie.com\/wp-content\/uploads\/2024\/05\/IMG_4623-scaled.jpg\" \/>\n\t<meta property=\"og:image:width\" content=\"2560\" \/>\n\t<meta property=\"og:image:height\" content=\"1040\" \/>\n\t<meta property=\"og:image:type\" content=\"image\/jpeg\" \/>\n<meta name=\"twitter:card\" content=\"summary_large_image\" \/>\n<meta name=\"twitter:label1\" content=\"Est. reading time\" \/>\n\t<meta name=\"twitter:data1\" content=\"1 minute\" \/>\n<script type=\"application\/ld+json\" class=\"yoast-schema-graph\">{\"@context\":\"https:\\\/\\\/schema.org\",\"@graph\":[{\"@type\":\"WebPage\",\"@id\":\"https:\\\/\\\/museenationaldelaphotographie.com\\\/informations\",\"url\":\"https:\\\/\\\/museenationaldelaphotographie.com\\\/informations\",\"name\":\"Nous joindre -\",\"isPartOf\":{\"@id\":\"https:\\\/\\\/museenationaldelaphotographie.com\\\/#website\"},\"primaryImageOfPage\":{\"@id\":\"https:\\\/\\\/museenationaldelaphotographie.com\\\/informations#primaryimage\"},\"image\":{\"@id\":\"https:\\\/\\\/museenationaldelaphotographie.com\\\/informations#primaryimage\"},\"thumbnailUrl\":\"https:\\\/\\\/i0.wp.com\\\/museenationaldelaphotographie.com\\\/wp-content\\\/uploads\\\/2024\\\/05\\\/IMG_4623-scaled.jpg?fit=2560%2C1040&ssl=1\",\"datePublished\":\"2020-02-19T13:33:59+00:00\",\"dateModified\":\"2025-08-22T18:29:59+00:00\",\"description\":\"Vous pouvez contacter le Mus\u00e9e de la photographie de Drummondville au 819-474-5782 ainsi que pas courriel.\",\"breadcrumb\":{\"@id\":\"https:\\\/\\\/museenationaldelaphotographie.com\\\/informations#breadcrumb\"},\"inLanguage\":\"en-CA\",\"potentialAction\":[{\"@type\":\"ReadAction\",\"target\":[\"https:\\\/\\\/museenationaldelaphotographie.com\\\/informations\"]}]},{\"@type\":\"ImageObject\",\"inLanguage\":\"en-CA\",\"@id\":\"https:\\\/\\\/museenationaldelaphotographie.com\\\/informations#primaryimage\",\"url\":\"https:\\\/\\\/i0.wp.com\\\/museenationaldelaphotographie.com\\\/wp-content\\\/uploads\\\/2024\\\/05\\\/IMG_4623-scaled.jpg?fit=2560%2C1040&ssl=1\",\"contentUrl\":\"https:\\\/\\\/i0.wp.com\\\/museenationaldelaphotographie.com\\\/wp-content\\\/uploads\\\/2024\\\/05\\\/IMG_4623-scaled.jpg?fit=2560%2C1040&ssl=1\",\"width\":2560,\"height\":1040},{\"@type\":\"BreadcrumbList\",\"@id\":\"https:\\\/\\\/museenationaldelaphotographie.com\\\/informations#breadcrumb\",\"itemListElement\":[{\"@type\":\"ListItem\",\"position\":1,\"name\":\"Accueil\",\"item\":\"https:\\\/\\\/museenationaldelaphotographie.com\\\/\"},{\"@type\":\"ListItem\",\"position\":2,\"name\":\"NOUS JOINDRE\"}]},{\"@type\":\"WebSite\",\"@id\":\"https:\\\/\\\/museenationaldelaphotographie.com\\\/#website\",\"url\":\"https:\\\/\\\/museenationaldelaphotographie.com\\\/\",\"name\":\"\",\"description\":\"\",\"potentialAction\":[{\"@type\":\"SearchAction\",\"target\":{\"@type\":\"EntryPoint\",\"urlTemplate\":\"https:\\\/\\\/museenationaldelaphotographie.com\\\/?s={search_term_string}\"},\"query-input\":{\"@type\":\"PropertyValueSpecification\",\"valueRequired\":true,\"valueName\":\"search_term_string\"}}],\"inLanguage\":\"en-CA\"}]}<\/script>\n<!-- \/ Yoast SEO plugin. -->","yoast_head_json":{"title":"Nous joindre -","description":"Vous pouvez contacter le Mus\u00e9e de la photographie de Drummondville au 819-474-5782 ainsi que pas courriel.","robots":{"index":"index","follow":"follow","max-snippet":"max-snippet:-1","max-image-preview":"max-image-preview:large","max-video-preview":"max-video-preview:-1"},"canonical":"https:\/\/museenationaldelaphotographie.com\/en\/informations\/","og_locale":"en_US","og_type":"article","og_title":"Nous joindre -","og_description":"Vous pouvez contacter le Mus\u00e9e de la photographie de Drummondville au 819-474-5782 ainsi que pas courriel.","og_url":"https:\/\/museenationaldelaphotographie.com\/en\/informations\/","article_modified_time":"2025-08-22T18:29:59+00:00","og_image":[{"width":2560,"height":1040,"url":"https:\/\/museenationaldelaphotographie.com\/wp-content\/uploads\/2024\/05\/IMG_4623-scaled.jpg","type":"image\/jpeg"}],"twitter_card":"summary_large_image","twitter_misc":{"Est. reading time":"1 minute"},"schema":{"@context":"https:\/\/schema.org","@graph":[{"@type":"WebPage","@id":"https:\/\/museenationaldelaphotographie.com\/informations","url":"https:\/\/museenationaldelaphotographie.com\/informations","name":"Nous joindre -","isPartOf":{"@id":"https:\/\/museenationaldelaphotographie.com\/#website"},"primaryImageOfPage":{"@id":"https:\/\/museenationaldelaphotographie.com\/informations#primaryimage"},"image":{"@id":"https:\/\/museenationaldelaphotographie.com\/informations#primaryimage"},"thumbnailUrl":"https:\/\/i0.wp.com\/museenationaldelaphotographie.com\/wp-content\/uploads\/2024\/05\/IMG_4623-scaled.jpg?fit=2560%2C1040&ssl=1","datePublished":"2020-02-19T13:33:59+00:00","dateModified":"2025-08-22T18:29:59+00:00","description":"Vous pouvez contacter le Mus\u00e9e de la photographie de Drummondville au 819-474-5782 ainsi que pas courriel.","breadcrumb":{"@id":"https:\/\/museenationaldelaphotographie.com\/informations#breadcrumb"},"inLanguage":"en-CA","potentialAction":[{"@type":"ReadAction","target":["https:\/\/museenationaldelaphotographie.com\/informations"]}]},{"@type":"ImageObject","inLanguage":"en-CA","@id":"https:\/\/museenationaldelaphotographie.com\/informations#primaryimage","url":"https:\/\/i0.wp.com\/museenationaldelaphotographie.com\/wp-content\/uploads\/2024\/05\/IMG_4623-scaled.jpg?fit=2560%2C1040&ssl=1","contentUrl":"https:\/\/i0.wp.com\/museenationaldelaphotographie.com\/wp-content\/uploads\/2024\/05\/IMG_4623-scaled.jpg?fit=2560%2C1040&ssl=1","width":2560,"height":1040},{"@type":"BreadcrumbList","@id":"https:\/\/museenationaldelaphotographie.com\/informations#breadcrumb","itemListElement":[{"@type":"ListItem","position":1,"name":"Accueil","item":"https:\/\/museenationaldelaphotographie.com\/"},{"@type":"ListItem","position":2,"name":"NOUS JOINDRE"}]},{"@type":"WebSite","@id":"https:\/\/museenationaldelaphotographie.com\/#website","url":"https:\/\/museenationaldelaphotographie.com\/","name":"","description":"","potentialAction":[{"@type":"SearchAction","target":{"@type":"EntryPoint","urlTemplate":"https:\/\/museenationaldelaphotographie.com\/?s={search_term_string}"},"query-input":{"@type":"PropertyValueSpecification","valueRequired":true,"valueName":"search_term_string"}}],"inLanguage":"en-CA"}]}},"jetpack_sharing_enabled":true,"_links":{"self":[{"href":"https:\/\/museenationaldelaphotographie.com\/en\/wp-json\/wp\/v2\/pages\/87","targetHints":{"allow":["GET"]}}],"collection":[{"href":"https:\/\/museenationaldelaphotographie.com\/en\/wp-json\/wp\/v2\/pages"}],"about":[{"href":"https:\/\/museenationaldelaphotographie.com\/en\/wp-json\/wp\/v2\/types\/page"}],"author":[{"embeddable":true,"href":"https:\/\/museenationaldelaphotographie.com\/en\/wp-json\/wp\/v2\/users\/1"}],"replies":[{"embeddable":true,"href":"https:\/\/museenationaldelaphotographie.com\/en\/wp-json\/wp\/v2\/comments?post=87"}],"version-history":[{"count":177,"href":"https:\/\/museenationaldelaphotographie.com\/en\/wp-json\/wp\/v2\/pages\/87\/revisions"}],"predecessor-version":[{"id":5916,"href":"https:\/\/museenationaldelaphotographie.com\/en\/wp-json\/wp\/v2\/pages\/87\/revisions\/5916"}],"wp:featuredmedia":[{"embeddable":true,"href":"https:\/\/museenationaldelaphotographie.com\/en\/wp-json\/wp\/v2\/media\/5401"}],"wp:attachment":[{"href":"https:\/\/museenationaldelaphotographie.com\/en\/wp-json\/wp\/v2\/media?parent=87"}],"curies":[{"name":"wp","href":"https:\/\/api.w.org\/{rel}","templated":true}]}}