{"id":5203,"date":"2024-05-16T17:47:24","date_gmt":"2024-05-16T17:47:24","guid":{"rendered":"https:\/\/museenationaldelaphotographie.com\/?page_id=5203"},"modified":"2026-03-31T12:54:52","modified_gmt":"2026-03-31T12:54:52","slug":"visite-guide","status":"publish","type":"page","link":"https:\/\/museenationaldelaphotographie.com\/en\/visite-guide","title":{"rendered":"ACTIVITIES"},"content":{"rendered":"<div data-elementor-type=\"wp-page\" data-elementor-id=\"5203\" class=\"elementor elementor-5203\">\n\t\t\t\t\t\t<section class=\"elementor-section elementor-top-section elementor-element elementor-element-4200277 elementor-section-boxed elementor-section-height-default elementor-section-height-default\" data-id=\"4200277\" data-element_type=\"section\" data-e-type=\"section\">\n\t\t\t\t\t\t<div class=\"elementor-container elementor-column-gap-default\">\n\t\t\t\t\t<div class=\"elementor-column elementor-col-100 elementor-top-column elementor-element elementor-element-876c8d0\" data-id=\"876c8d0\" data-element_type=\"column\" data-e-type=\"column\">\n\t\t\t<div class=\"elementor-widget-wrap elementor-element-populated\">\n\t\t\t\t\t\t<div class=\"elementor-element elementor-element-e15aee0 elementor-widget elementor-widget-heading\" data-id=\"e15aee0\" data-element_type=\"widget\" data-e-type=\"widget\" data-widget_type=\"heading.default\">\n\t\t\t\t<div class=\"elementor-widget-container\">\n\t\t\t\t\t<h2 class=\"elementor-heading-title elementor-size-default\">QUOI FAIRE AU MUS\u00c9E?<\/h2>\t\t\t\t<\/div>\n\t\t\t\t<\/div>\n\t\t\t\t\t<\/div>\n\t\t<\/div>\n\t\t\t\t\t<\/div>\n\t\t<\/section>\n\t\t\t\t<section class=\"elementor-section elementor-top-section elementor-element elementor-element-97793f3 elementor-section-stretched elementor-section-boxed elementor-section-height-default elementor-section-height-default\" data-id=\"97793f3\" data-element_type=\"section\" data-e-type=\"section\" data-settings=\"{&quot;stretch_section&quot;:&quot;section-stretched&quot;}\">\n\t\t\t\t\t\t<div class=\"elementor-container elementor-column-gap-default\">\n\t\t\t\t\t<div class=\"elementor-column elementor-col-100 elementor-top-column elementor-element elementor-element-e15d117\" data-id=\"e15d117\" data-element_type=\"column\" data-e-type=\"column\">\n\t\t\t<div class=\"elementor-widget-wrap elementor-element-populated\">\n\t\t\t\t\t\t<div class=\"elementor-element elementor-element-79312e3 elementor-widget elementor-widget-text-editor\" data-id=\"79312e3\" data-element_type=\"widget\" data-e-type=\"widget\" data-widget_type=\"text-editor.default\">\n\t\t\t\t<div class=\"elementor-widget-container\">\n\t\t\t\t\t\t\t\t\t<p>En vue de votre visite, voyez ici les diff\u00e9rentes options qui s\u2019offrent \u00e0 vous pour faire de votre visite une exp\u00e9rience inoubliable. Que ce soit en groupe, en famille ou en solo, nous avons l&rsquo;option qui vous conviendra! Vous trouverez dans les diff\u00e9rents onglets de cette section toutes les activit\u00e9s que le Mus\u00e9e de la photographie Desjardins vous propose. Pour les groupes, nous pouvons construire une journ\u00e9e sur mesure en fonction de vos besoins.&nbsp;<\/p>\n<p><\/p>\n<p>Au plaisir de vous voir bient\u00f4t au Mus\u00e9e!&nbsp;<\/p>\t\t\t\t\t\t\t\t<\/div>\n\t\t\t\t<\/div>\n\t\t\t\t\t<\/div>\n\t\t<\/div>\n\t\t\t\t\t<\/div>\n\t\t<\/section>\n\t\t\t\t<section class=\"elementor-section elementor-top-section elementor-element elementor-element-d5648bb elementor-section-boxed elementor-section-height-default elementor-section-height-default\" data-id=\"d5648bb\" data-element_type=\"section\" data-e-type=\"section\">\n\t\t\t\t\t\t<div class=\"elementor-container elementor-column-gap-default\">\n\t\t\t\t\t<div class=\"elementor-column elementor-col-100 elementor-top-column elementor-element elementor-element-169bb52\" data-id=\"169bb52\" data-element_type=\"column\" data-e-type=\"column\">\n\t\t\t<div class=\"elementor-widget-wrap elementor-element-populated\">\n\t\t\t\t\t\t<div class=\"elementor-element elementor-element-2320c6b elementor-align-center elementor-widget elementor-widget-button\" data-id=\"2320c6b\" data-element_type=\"widget\" data-e-type=\"widget\" data-widget_type=\"button.default\">\n\t\t\t\t<div class=\"elementor-widget-container\">\n\t\t\t\t\t\t\t\t\t<div class=\"elementor-button-wrapper\">\n\t\t\t\t\t<a class=\"elementor-button elementor-button-link elementor-size-sm\" href=\"https:\/\/www.zeffy.com\/fr-CA\/ticketing\/billetterie-musee-de-la-photographie-desjardins\" target=\"_blank\">\n\t\t\t\t\t\t<span class=\"elementor-button-content-wrapper\">\n\t\t\t\t\t\t\t\t\t<span class=\"elementor-button-text\">BILLETTERIE EN LIGNE<\/span>\n\t\t\t\t\t<\/span>\n\t\t\t\t\t<\/a>\n\t\t\t\t<\/div>\n\t\t\t\t\t\t\t\t<\/div>\n\t\t\t\t<\/div>\n\t\t\t\t\t<\/div>\n\t\t<\/div>\n\t\t\t\t\t<\/div>\n\t\t<\/section>\n\t\t\t\t<\/div>","protected":false},"excerpt":{"rendered":"<p>QUOI FAIRE AU MUS\u00c9E? En vue de votre visite, voyez ici les diff\u00e9rentes options qui s\u2019offrent \u00e0 vous pour faire de votre visite une exp\u00e9rience inoubliable. Que ce soit en groupe, en famille ou en solo, nous avons l&rsquo;option qui vous conviendra! Vous trouverez dans les diff\u00e9rents onglets de cette section toutes les activit\u00e9s que &hellip; <\/p>\n<p class=\"link-more\"><a href=\"https:\/\/museenationaldelaphotographie.com\/en\/visite-guide\" class=\"more-link\">Continue reading<span class=\"screen-reader-text\"> \u00ab\u00a0ACTIVIT\u00c9S\u00a0\u00bb<\/span><\/a><\/p>","protected":false},"author":1,"featured_media":5398,"parent":0,"menu_order":0,"comment_status":"closed","ping_status":"closed","template":"","meta":{"ngg_post_thumbnail":0,"footnotes":""},"class_list":["post-5203","page","type-page","status-publish","has-post-thumbnail","hentry"],"yoast_head":"<!-- This site is optimized with the Yoast SEO plugin v27.4 - https:\/\/yoast.com\/product\/yoast-seo-wordpress\/ -->\n<title>Activit\u00e9s du Mus\u00e9e de la photographie Desjardins -<\/title>\n<meta name=\"description\" content=\"En vue de votre visite, voyez ici les diff\u00e9rentes options qui s\u2019offrent \u00e0 vous pour faire de votre visite une exp\u00e9rience inoubliable.\" \/>\n<meta name=\"robots\" content=\"index, follow, max-snippet:-1, max-image-preview:large, max-video-preview:-1\" \/>\n<link rel=\"canonical\" href=\"https:\/\/museenationaldelaphotographie.com\/en\/visite-guide\/\" \/>\n<meta property=\"og:locale\" content=\"en_US\" \/>\n<meta property=\"og:type\" content=\"article\" \/>\n<meta property=\"og:title\" content=\"Activit\u00e9s du Mus\u00e9e de la photographie Desjardins -\" \/>\n<meta property=\"og:description\" content=\"En vue de votre visite, voyez ici les diff\u00e9rentes options qui s\u2019offrent \u00e0 vous pour faire de votre visite une exp\u00e9rience inoubliable.\" \/>\n<meta property=\"og:url\" content=\"https:\/\/museenationaldelaphotographie.com\/en\/visite-guide\/\" \/>\n<meta property=\"article:modified_time\" content=\"2026-03-31T12:54:52+00:00\" \/>\n<meta property=\"og:image\" content=\"https:\/\/museenationaldelaphotographie.com\/wp-content\/uploads\/2024\/05\/IMG_4607-scaled-e1716381731621.jpg\" \/>\n\t<meta property=\"og:image:width\" content=\"2560\" \/>\n\t<meta property=\"og:image:height\" content=\"1220\" \/>\n\t<meta property=\"og:image:type\" content=\"image\/jpeg\" \/>\n<meta name=\"twitter:card\" content=\"summary_large_image\" \/>\n<meta name=\"twitter:label1\" content=\"Est. reading time\" \/>\n\t<meta name=\"twitter:data1\" content=\"1 minute\" \/>\n<script type=\"application\/ld+json\" class=\"yoast-schema-graph\">{\"@context\":\"https:\\\/\\\/schema.org\",\"@graph\":[{\"@type\":\"WebPage\",\"@id\":\"https:\\\/\\\/museenationaldelaphotographie.com\\\/visite-guide\",\"url\":\"https:\\\/\\\/museenationaldelaphotographie.com\\\/visite-guide\",\"name\":\"Activit\u00e9s du Mus\u00e9e de la photographie Desjardins -\",\"isPartOf\":{\"@id\":\"https:\\\/\\\/museenationaldelaphotographie.com\\\/#website\"},\"primaryImageOfPage\":{\"@id\":\"https:\\\/\\\/museenationaldelaphotographie.com\\\/visite-guide#primaryimage\"},\"image\":{\"@id\":\"https:\\\/\\\/museenationaldelaphotographie.com\\\/visite-guide#primaryimage\"},\"thumbnailUrl\":\"https:\\\/\\\/i0.wp.com\\\/museenationaldelaphotographie.com\\\/wp-content\\\/uploads\\\/2024\\\/05\\\/IMG_4607-scaled-e1716381731621.jpg?fit=2560%2C1220&ssl=1\",\"datePublished\":\"2024-05-16T17:47:24+00:00\",\"dateModified\":\"2026-03-31T12:54:52+00:00\",\"description\":\"En vue de votre visite, voyez ici les diff\u00e9rentes options qui s\u2019offrent \u00e0 vous pour faire de votre visite une exp\u00e9rience inoubliable.\",\"breadcrumb\":{\"@id\":\"https:\\\/\\\/museenationaldelaphotographie.com\\\/visite-guide#breadcrumb\"},\"inLanguage\":\"en-CA\",\"potentialAction\":[{\"@type\":\"ReadAction\",\"target\":[\"https:\\\/\\\/museenationaldelaphotographie.com\\\/visite-guide\"]}]},{\"@type\":\"ImageObject\",\"inLanguage\":\"en-CA\",\"@id\":\"https:\\\/\\\/museenationaldelaphotographie.com\\\/visite-guide#primaryimage\",\"url\":\"https:\\\/\\\/i0.wp.com\\\/museenationaldelaphotographie.com\\\/wp-content\\\/uploads\\\/2024\\\/05\\\/IMG_4607-scaled-e1716381731621.jpg?fit=2560%2C1220&ssl=1\",\"contentUrl\":\"https:\\\/\\\/i0.wp.com\\\/museenationaldelaphotographie.com\\\/wp-content\\\/uploads\\\/2024\\\/05\\\/IMG_4607-scaled-e1716381731621.jpg?fit=2560%2C1220&ssl=1\",\"width\":2560,\"height\":1220},{\"@type\":\"BreadcrumbList\",\"@id\":\"https:\\\/\\\/museenationaldelaphotographie.com\\\/visite-guide#breadcrumb\",\"itemListElement\":[{\"@type\":\"ListItem\",\"position\":1,\"name\":\"Accueil\",\"item\":\"https:\\\/\\\/museenationaldelaphotographie.com\\\/\"},{\"@type\":\"ListItem\",\"position\":2,\"name\":\"ACTIVIT\u00c9S\"}]},{\"@type\":\"WebSite\",\"@id\":\"https:\\\/\\\/museenationaldelaphotographie.com\\\/#website\",\"url\":\"https:\\\/\\\/museenationaldelaphotographie.com\\\/\",\"name\":\"\",\"description\":\"\",\"potentialAction\":[{\"@type\":\"SearchAction\",\"target\":{\"@type\":\"EntryPoint\",\"urlTemplate\":\"https:\\\/\\\/museenationaldelaphotographie.com\\\/?s={search_term_string}\"},\"query-input\":{\"@type\":\"PropertyValueSpecification\",\"valueRequired\":true,\"valueName\":\"search_term_string\"}}],\"inLanguage\":\"en-CA\"}]}<\/script>\n<!-- \/ Yoast SEO plugin. -->","yoast_head_json":{"title":"Activit\u00e9s du Mus\u00e9e de la photographie Desjardins -","description":"En vue de votre visite, voyez ici les diff\u00e9rentes options qui s\u2019offrent \u00e0 vous pour faire de votre visite une exp\u00e9rience inoubliable.","robots":{"index":"index","follow":"follow","max-snippet":"max-snippet:-1","max-image-preview":"max-image-preview:large","max-video-preview":"max-video-preview:-1"},"canonical":"https:\/\/museenationaldelaphotographie.com\/en\/visite-guide\/","og_locale":"en_US","og_type":"article","og_title":"Activit\u00e9s du Mus\u00e9e de la photographie Desjardins -","og_description":"En vue de votre visite, voyez ici les diff\u00e9rentes options qui s\u2019offrent \u00e0 vous pour faire de votre visite une exp\u00e9rience inoubliable.","og_url":"https:\/\/museenationaldelaphotographie.com\/en\/visite-guide\/","article_modified_time":"2026-03-31T12:54:52+00:00","og_image":[{"width":2560,"height":1220,"url":"https:\/\/museenationaldelaphotographie.com\/wp-content\/uploads\/2024\/05\/IMG_4607-scaled-e1716381731621.jpg","type":"image\/jpeg"}],"twitter_card":"summary_large_image","twitter_misc":{"Est. reading time":"1 minute"},"schema":{"@context":"https:\/\/schema.org","@graph":[{"@type":"WebPage","@id":"https:\/\/museenationaldelaphotographie.com\/visite-guide","url":"https:\/\/museenationaldelaphotographie.com\/visite-guide","name":"Activit\u00e9s du Mus\u00e9e de la photographie Desjardins -","isPartOf":{"@id":"https:\/\/museenationaldelaphotographie.com\/#website"},"primaryImageOfPage":{"@id":"https:\/\/museenationaldelaphotographie.com\/visite-guide#primaryimage"},"image":{"@id":"https:\/\/museenationaldelaphotographie.com\/visite-guide#primaryimage"},"thumbnailUrl":"https:\/\/i0.wp.com\/museenationaldelaphotographie.com\/wp-content\/uploads\/2024\/05\/IMG_4607-scaled-e1716381731621.jpg?fit=2560%2C1220&ssl=1","datePublished":"2024-05-16T17:47:24+00:00","dateModified":"2026-03-31T12:54:52+00:00","description":"En vue de votre visite, voyez ici les diff\u00e9rentes options qui s\u2019offrent \u00e0 vous pour faire de votre visite une exp\u00e9rience inoubliable.","breadcrumb":{"@id":"https:\/\/museenationaldelaphotographie.com\/visite-guide#breadcrumb"},"inLanguage":"en-CA","potentialAction":[{"@type":"ReadAction","target":["https:\/\/museenationaldelaphotographie.com\/visite-guide"]}]},{"@type":"ImageObject","inLanguage":"en-CA","@id":"https:\/\/museenationaldelaphotographie.com\/visite-guide#primaryimage","url":"https:\/\/i0.wp.com\/museenationaldelaphotographie.com\/wp-content\/uploads\/2024\/05\/IMG_4607-scaled-e1716381731621.jpg?fit=2560%2C1220&ssl=1","contentUrl":"https:\/\/i0.wp.com\/museenationaldelaphotographie.com\/wp-content\/uploads\/2024\/05\/IMG_4607-scaled-e1716381731621.jpg?fit=2560%2C1220&ssl=1","width":2560,"height":1220},{"@type":"BreadcrumbList","@id":"https:\/\/museenationaldelaphotographie.com\/visite-guide#breadcrumb","itemListElement":[{"@type":"ListItem","position":1,"name":"Accueil","item":"https:\/\/museenationaldelaphotographie.com\/"},{"@type":"ListItem","position":2,"name":"ACTIVIT\u00c9S"}]},{"@type":"WebSite","@id":"https:\/\/museenationaldelaphotographie.com\/#website","url":"https:\/\/museenationaldelaphotographie.com\/","name":"","description":"","potentialAction":[{"@type":"SearchAction","target":{"@type":"EntryPoint","urlTemplate":"https:\/\/museenationaldelaphotographie.com\/?s={search_term_string}"},"query-input":{"@type":"PropertyValueSpecification","valueRequired":true,"valueName":"search_term_string"}}],"inLanguage":"en-CA"}]}},"jetpack_sharing_enabled":true,"_links":{"self":[{"href":"https:\/\/museenationaldelaphotographie.com\/en\/wp-json\/wp\/v2\/pages\/5203","targetHints":{"allow":["GET"]}}],"collection":[{"href":"https:\/\/museenationaldelaphotographie.com\/en\/wp-json\/wp\/v2\/pages"}],"about":[{"href":"https:\/\/museenationaldelaphotographie.com\/en\/wp-json\/wp\/v2\/types\/page"}],"author":[{"embeddable":true,"href":"https:\/\/museenationaldelaphotographie.com\/en\/wp-json\/wp\/v2\/users\/1"}],"replies":[{"embeddable":true,"href":"https:\/\/museenationaldelaphotographie.com\/en\/wp-json\/wp\/v2\/comments?post=5203"}],"version-history":[{"count":24,"href":"https:\/\/museenationaldelaphotographie.com\/en\/wp-json\/wp\/v2\/pages\/5203\/revisions"}],"predecessor-version":[{"id":6022,"href":"https:\/\/museenationaldelaphotographie.com\/en\/wp-json\/wp\/v2\/pages\/5203\/revisions\/6022"}],"wp:featuredmedia":[{"embeddable":true,"href":"https:\/\/museenationaldelaphotographie.com\/en\/wp-json\/wp\/v2\/media\/5398"}],"wp:attachment":[{"href":"https:\/\/museenationaldelaphotographie.com\/en\/wp-json\/wp\/v2\/media?parent=5203"}],"curies":[{"name":"wp","href":"https:\/\/api.w.org\/{rel}","templated":true}]}}