{"id":5149,"date":"2024-05-15T16:11:22","date_gmt":"2024-05-15T16:11:22","guid":{"rendered":"https:\/\/museenationaldelaphotographie.com\/?page_id=5149"},"modified":"2024-09-17T15:00:38","modified_gmt":"2024-09-17T15:00:38","slug":"emploie-drummondville","status":"publish","type":"page","link":"https:\/\/museenationaldelaphotographie.com\/en\/emploie-drummondville","title":{"rendered":"EMPLOI"},"content":{"rendered":"<div data-elementor-type=\"wp-page\" data-elementor-id=\"5149\" class=\"elementor elementor-5149\">\n\t\t\t\t\t\t<section class=\"elementor-section elementor-top-section elementor-element elementor-element-4cf09b3 elementor-section-boxed elementor-section-height-default elementor-section-height-default\" data-id=\"4cf09b3\" data-element_type=\"section\" data-e-type=\"section\">\n\t\t\t\t\t\t<div class=\"elementor-container elementor-column-gap-default\">\n\t\t\t\t\t<div class=\"elementor-column elementor-col-100 elementor-top-column elementor-element elementor-element-760019c\" data-id=\"760019c\" data-element_type=\"column\" data-e-type=\"column\">\n\t\t\t<div class=\"elementor-widget-wrap elementor-element-populated\">\n\t\t\t\t\t\t<div class=\"elementor-element elementor-element-55303bc elementor-widget elementor-widget-heading\" data-id=\"55303bc\" data-element_type=\"widget\" data-e-type=\"widget\" data-widget_type=\"heading.default\">\n\t\t\t\t<div class=\"elementor-widget-container\">\n\t\t\t\t\t<h2 class=\"elementor-heading-title elementor-size-default\">EMPLOI<\/h2>\t\t\t\t<\/div>\n\t\t\t\t<\/div>\n\t\t\t\t\t<\/div>\n\t\t<\/div>\n\t\t\t\t\t<\/div>\n\t\t<\/section>\n\t\t\t\t<section class=\"elementor-section elementor-top-section elementor-element elementor-element-6838ce2 elementor-section-stretched elementor-section-boxed elementor-section-height-default elementor-section-height-default\" data-id=\"6838ce2\" data-element_type=\"section\" data-e-type=\"section\" data-settings=\"{&quot;stretch_section&quot;:&quot;section-stretched&quot;}\">\n\t\t\t\t\t\t<div class=\"elementor-container elementor-column-gap-default\">\n\t\t\t\t\t<div class=\"elementor-column elementor-col-100 elementor-top-column elementor-element elementor-element-3d6bdfc\" data-id=\"3d6bdfc\" data-element_type=\"column\" data-e-type=\"column\">\n\t\t\t<div class=\"elementor-widget-wrap elementor-element-populated\">\n\t\t\t\t\t\t<div class=\"elementor-element elementor-element-a759ec1 elementor-widget elementor-widget-text-editor\" data-id=\"a759ec1\" data-element_type=\"widget\" data-e-type=\"widget\" data-widget_type=\"text-editor.default\">\n\t\t\t\t<div class=\"elementor-widget-container\">\n\t\t\t\t\t\t\t\t\t<p style=\"text-align: left;\">Aucun emploi n&rsquo;est disponible actuellement au Mus\u00e9e de la photographie Desjardins.<\/p><p style=\"text-align: left;\">Nous remercions toutes les personnes qui ont pos\u00e9 leur candidature pour le contrat de Responsable de la m\u00e9diation culturelle et du d\u00e9veloppement des publics.\u00a0<\/p>\t\t\t\t\t\t\t\t<\/div>\n\t\t\t\t<\/div>\n\t\t\t\t\t<\/div>\n\t\t<\/div>\n\t\t\t\t\t<\/div>\n\t\t<\/section>\n\t\t\t\t<\/div>","protected":false},"excerpt":{"rendered":"<p>EMPLOI Aucun emploi n&rsquo;est disponible actuellement au Mus\u00e9e de la photographie Desjardins. Nous remercions toutes les personnes qui ont pos\u00e9 leur candidature pour le contrat de Responsable de la m\u00e9diation culturelle et du d\u00e9veloppement des publics.\u00a0<\/p>","protected":false},"author":1,"featured_media":5448,"parent":0,"menu_order":0,"comment_status":"closed","ping_status":"closed","template":"","meta":{"ngg_post_thumbnail":0,"footnotes":""},"class_list":["post-5149","page","type-page","status-publish","has-post-thumbnail","hentry"],"yoast_head":"<!-- This site is optimized with the Yoast SEO plugin v27.4 - https:\/\/yoast.com\/product\/yoast-seo-wordpress\/ -->\n<title>Offres d&#039;emploie du Mus\u00e9e de la photographie Desjardins -<\/title>\n<meta name=\"description\" content=\"Le Mus\u00e9e de la photographie de Drummondville recherche des employ\u00e9s d&#039;\u00e9t\u00e9 ainsi que des b\u00e9n\u00e9voles. Consult\u00e9 nos offres d&#039;emplois:\" \/>\n<meta name=\"robots\" content=\"index, follow, max-snippet:-1, max-image-preview:large, max-video-preview:-1\" \/>\n<link rel=\"canonical\" href=\"https:\/\/museenationaldelaphotographie.com\/en\/emploie-drummondville\/\" \/>\n<meta property=\"og:locale\" content=\"en_US\" \/>\n<meta property=\"og:type\" content=\"article\" \/>\n<meta property=\"og:title\" content=\"Offres d&#039;emploie du Mus\u00e9e de la photographie Desjardins -\" \/>\n<meta property=\"og:description\" content=\"Le Mus\u00e9e de la photographie de Drummondville recherche des employ\u00e9s d&#039;\u00e9t\u00e9 ainsi que des b\u00e9n\u00e9voles. Consult\u00e9 nos offres d&#039;emplois:\" \/>\n<meta property=\"og:url\" content=\"https:\/\/museenationaldelaphotographie.com\/en\/emploie-drummondville\/\" \/>\n<meta property=\"article:modified_time\" content=\"2024-09-17T15:00:38+00:00\" \/>\n<meta property=\"og:image\" content=\"https:\/\/museenationaldelaphotographie.com\/wp-content\/uploads\/2024\/05\/DSC_7598-Modifier-1-scaled.jpg\" \/>\n\t<meta property=\"og:image:width\" content=\"2560\" \/>\n\t<meta property=\"og:image:height\" content=\"1440\" \/>\n\t<meta property=\"og:image:type\" content=\"image\/jpeg\" \/>\n<meta name=\"twitter:card\" content=\"summary_large_image\" \/>\n<meta name=\"twitter:label1\" content=\"Est. reading time\" \/>\n\t<meta name=\"twitter:data1\" content=\"1 minute\" \/>\n<script type=\"application\/ld+json\" class=\"yoast-schema-graph\">{\"@context\":\"https:\\\/\\\/schema.org\",\"@graph\":[{\"@type\":\"WebPage\",\"@id\":\"https:\\\/\\\/museenationaldelaphotographie.com\\\/emploie-drummondville\",\"url\":\"https:\\\/\\\/museenationaldelaphotographie.com\\\/emploie-drummondville\",\"name\":\"Offres d'emploie du Mus\u00e9e de la photographie Desjardins -\",\"isPartOf\":{\"@id\":\"https:\\\/\\\/museenationaldelaphotographie.com\\\/#website\"},\"primaryImageOfPage\":{\"@id\":\"https:\\\/\\\/museenationaldelaphotographie.com\\\/emploie-drummondville#primaryimage\"},\"image\":{\"@id\":\"https:\\\/\\\/museenationaldelaphotographie.com\\\/emploie-drummondville#primaryimage\"},\"thumbnailUrl\":\"https:\\\/\\\/i0.wp.com\\\/museenationaldelaphotographie.com\\\/wp-content\\\/uploads\\\/2024\\\/05\\\/DSC_7598-Modifier-1-scaled.jpg?fit=2560%2C1440&ssl=1\",\"datePublished\":\"2024-05-15T16:11:22+00:00\",\"dateModified\":\"2024-09-17T15:00:38+00:00\",\"description\":\"Le Mus\u00e9e de la photographie de Drummondville recherche des employ\u00e9s d'\u00e9t\u00e9 ainsi que des b\u00e9n\u00e9voles. Consult\u00e9 nos offres d'emplois:\",\"breadcrumb\":{\"@id\":\"https:\\\/\\\/museenationaldelaphotographie.com\\\/emploie-drummondville#breadcrumb\"},\"inLanguage\":\"en-CA\",\"potentialAction\":[{\"@type\":\"ReadAction\",\"target\":[\"https:\\\/\\\/museenationaldelaphotographie.com\\\/emploie-drummondville\"]}]},{\"@type\":\"ImageObject\",\"inLanguage\":\"en-CA\",\"@id\":\"https:\\\/\\\/museenationaldelaphotographie.com\\\/emploie-drummondville#primaryimage\",\"url\":\"https:\\\/\\\/i0.wp.com\\\/museenationaldelaphotographie.com\\\/wp-content\\\/uploads\\\/2024\\\/05\\\/DSC_7598-Modifier-1-scaled.jpg?fit=2560%2C1440&ssl=1\",\"contentUrl\":\"https:\\\/\\\/i0.wp.com\\\/museenationaldelaphotographie.com\\\/wp-content\\\/uploads\\\/2024\\\/05\\\/DSC_7598-Modifier-1-scaled.jpg?fit=2560%2C1440&ssl=1\",\"width\":2560,\"height\":1440},{\"@type\":\"BreadcrumbList\",\"@id\":\"https:\\\/\\\/museenationaldelaphotographie.com\\\/emploie-drummondville#breadcrumb\",\"itemListElement\":[{\"@type\":\"ListItem\",\"position\":1,\"name\":\"Accueil\",\"item\":\"https:\\\/\\\/museenationaldelaphotographie.com\\\/\"},{\"@type\":\"ListItem\",\"position\":2,\"name\":\"EMPLOI\"}]},{\"@type\":\"WebSite\",\"@id\":\"https:\\\/\\\/museenationaldelaphotographie.com\\\/#website\",\"url\":\"https:\\\/\\\/museenationaldelaphotographie.com\\\/\",\"name\":\"\",\"description\":\"\",\"potentialAction\":[{\"@type\":\"SearchAction\",\"target\":{\"@type\":\"EntryPoint\",\"urlTemplate\":\"https:\\\/\\\/museenationaldelaphotographie.com\\\/?s={search_term_string}\"},\"query-input\":{\"@type\":\"PropertyValueSpecification\",\"valueRequired\":true,\"valueName\":\"search_term_string\"}}],\"inLanguage\":\"en-CA\"}]}<\/script>\n<!-- \/ Yoast SEO plugin. -->","yoast_head_json":{"title":"Offres d'emploie du Mus\u00e9e de la photographie Desjardins -","description":"Le Mus\u00e9e de la photographie de Drummondville recherche des employ\u00e9s d'\u00e9t\u00e9 ainsi que des b\u00e9n\u00e9voles. Consult\u00e9 nos offres d'emplois:","robots":{"index":"index","follow":"follow","max-snippet":"max-snippet:-1","max-image-preview":"max-image-preview:large","max-video-preview":"max-video-preview:-1"},"canonical":"https:\/\/museenationaldelaphotographie.com\/en\/emploie-drummondville\/","og_locale":"en_US","og_type":"article","og_title":"Offres d'emploie du Mus\u00e9e de la photographie Desjardins -","og_description":"Le Mus\u00e9e de la photographie de Drummondville recherche des employ\u00e9s d'\u00e9t\u00e9 ainsi que des b\u00e9n\u00e9voles. Consult\u00e9 nos offres d'emplois:","og_url":"https:\/\/museenationaldelaphotographie.com\/en\/emploie-drummondville\/","article_modified_time":"2024-09-17T15:00:38+00:00","og_image":[{"width":2560,"height":1440,"url":"https:\/\/museenationaldelaphotographie.com\/wp-content\/uploads\/2024\/05\/DSC_7598-Modifier-1-scaled.jpg","type":"image\/jpeg"}],"twitter_card":"summary_large_image","twitter_misc":{"Est. reading time":"1 minute"},"schema":{"@context":"https:\/\/schema.org","@graph":[{"@type":"WebPage","@id":"https:\/\/museenationaldelaphotographie.com\/emploie-drummondville","url":"https:\/\/museenationaldelaphotographie.com\/emploie-drummondville","name":"Offres d'emploie du Mus\u00e9e de la photographie Desjardins -","isPartOf":{"@id":"https:\/\/museenationaldelaphotographie.com\/#website"},"primaryImageOfPage":{"@id":"https:\/\/museenationaldelaphotographie.com\/emploie-drummondville#primaryimage"},"image":{"@id":"https:\/\/museenationaldelaphotographie.com\/emploie-drummondville#primaryimage"},"thumbnailUrl":"https:\/\/i0.wp.com\/museenationaldelaphotographie.com\/wp-content\/uploads\/2024\/05\/DSC_7598-Modifier-1-scaled.jpg?fit=2560%2C1440&ssl=1","datePublished":"2024-05-15T16:11:22+00:00","dateModified":"2024-09-17T15:00:38+00:00","description":"Le Mus\u00e9e de la photographie de Drummondville recherche des employ\u00e9s d'\u00e9t\u00e9 ainsi que des b\u00e9n\u00e9voles. Consult\u00e9 nos offres d'emplois:","breadcrumb":{"@id":"https:\/\/museenationaldelaphotographie.com\/emploie-drummondville#breadcrumb"},"inLanguage":"en-CA","potentialAction":[{"@type":"ReadAction","target":["https:\/\/museenationaldelaphotographie.com\/emploie-drummondville"]}]},{"@type":"ImageObject","inLanguage":"en-CA","@id":"https:\/\/museenationaldelaphotographie.com\/emploie-drummondville#primaryimage","url":"https:\/\/i0.wp.com\/museenationaldelaphotographie.com\/wp-content\/uploads\/2024\/05\/DSC_7598-Modifier-1-scaled.jpg?fit=2560%2C1440&ssl=1","contentUrl":"https:\/\/i0.wp.com\/museenationaldelaphotographie.com\/wp-content\/uploads\/2024\/05\/DSC_7598-Modifier-1-scaled.jpg?fit=2560%2C1440&ssl=1","width":2560,"height":1440},{"@type":"BreadcrumbList","@id":"https:\/\/museenationaldelaphotographie.com\/emploie-drummondville#breadcrumb","itemListElement":[{"@type":"ListItem","position":1,"name":"Accueil","item":"https:\/\/museenationaldelaphotographie.com\/"},{"@type":"ListItem","position":2,"name":"EMPLOI"}]},{"@type":"WebSite","@id":"https:\/\/museenationaldelaphotographie.com\/#website","url":"https:\/\/museenationaldelaphotographie.com\/","name":"","description":"","potentialAction":[{"@type":"SearchAction","target":{"@type":"EntryPoint","urlTemplate":"https:\/\/museenationaldelaphotographie.com\/?s={search_term_string}"},"query-input":{"@type":"PropertyValueSpecification","valueRequired":true,"valueName":"search_term_string"}}],"inLanguage":"en-CA"}]}},"jetpack_sharing_enabled":true,"_links":{"self":[{"href":"https:\/\/museenationaldelaphotographie.com\/en\/wp-json\/wp\/v2\/pages\/5149","targetHints":{"allow":["GET"]}}],"collection":[{"href":"https:\/\/museenationaldelaphotographie.com\/en\/wp-json\/wp\/v2\/pages"}],"about":[{"href":"https:\/\/museenationaldelaphotographie.com\/en\/wp-json\/wp\/v2\/types\/page"}],"author":[{"embeddable":true,"href":"https:\/\/museenationaldelaphotographie.com\/en\/wp-json\/wp\/v2\/users\/1"}],"replies":[{"embeddable":true,"href":"https:\/\/museenationaldelaphotographie.com\/en\/wp-json\/wp\/v2\/comments?post=5149"}],"version-history":[{"count":44,"href":"https:\/\/museenationaldelaphotographie.com\/en\/wp-json\/wp\/v2\/pages\/5149\/revisions"}],"predecessor-version":[{"id":5751,"href":"https:\/\/museenationaldelaphotographie.com\/en\/wp-json\/wp\/v2\/pages\/5149\/revisions\/5751"}],"wp:featuredmedia":[{"embeddable":true,"href":"https:\/\/museenationaldelaphotographie.com\/en\/wp-json\/wp\/v2\/media\/5448"}],"wp:attachment":[{"href":"https:\/\/museenationaldelaphotographie.com\/en\/wp-json\/wp\/v2\/media?parent=5149"}],"curies":[{"name":"wp","href":"https:\/\/api.w.org\/{rel}","templated":true}]}}