{"id":4822,"date":"2024-05-07T13:43:15","date_gmt":"2024-05-07T13:43:15","guid":{"rendered":"https:\/\/museenationaldelaphotographie.com\/?page_id=4822"},"modified":"2024-05-22T11:35:53","modified_gmt":"2024-05-22T11:35:53","slug":"historique","status":"publish","type":"page","link":"https:\/\/museenationaldelaphotographie.com\/en\/historique","title":{"rendered":"QUI SOMMES-NOUS?"},"content":{"rendered":"<div data-elementor-type=\"wp-page\" data-elementor-id=\"4822\" class=\"elementor elementor-4822\">\n\t\t\t\t\t\t<section class=\"elementor-section elementor-top-section elementor-element elementor-element-fab80d5 elementor-section-stretched elementor-section-boxed elementor-section-height-default elementor-section-height-default\" data-id=\"fab80d5\" data-element_type=\"section\" data-e-type=\"section\" data-settings=\"{&quot;stretch_section&quot;:&quot;section-stretched&quot;}\">\n\t\t\t\t\t\t<div class=\"elementor-container elementor-column-gap-default\">\n\t\t\t\t\t<div class=\"elementor-column elementor-col-100 elementor-top-column elementor-element elementor-element-641b02c\" data-id=\"641b02c\" data-element_type=\"column\" data-e-type=\"column\">\n\t\t\t<div class=\"elementor-widget-wrap elementor-element-populated\">\n\t\t\t\t\t\t<div class=\"elementor-element elementor-element-9c413c1 elementor-widget elementor-widget-text-editor\" data-id=\"9c413c1\" data-element_type=\"widget\" data-e-type=\"widget\" data-widget_type=\"text-editor.default\">\n\t\t\t\t<div class=\"elementor-widget-container\">\n\t\t\t\t\t\t\t\t\t<p><span style=\"font-family: Arial, sans-serif; text-align: justify;\">Situ\u00e9\n\u00e0 Drummondville, le Mus\u00e9e de la photographie Desjardins est un centre de\nr\u00e9f\u00e9rence incontournable consacr\u00e9 \u00e0 l\u2019histoire de la photographie. Le Mus\u00e9e propose\nune offre de service distinctive, \u00e9volutive et accessible visant \u00e0 vous offrir\nune exp\u00e9rience unique. Fid\u00e8le \u00e0 notre mission, l\u2019institution mus\u00e9ale est \u00e9galement\nun lieu de recherche, de diffusion et d\u2019\u00e9ducation d\u00e9di\u00e9 au rayonnement\nartistique et culturel de la photographie et de son histoire.<\/span><\/p><p><span style=\"font-family: Arial, sans-serif; text-align: justify;\">Les\nmembres et l\u2019\u00e9quipe du Mus\u00e9e de la photographie Desjardins sont tous anim\u00e9s par\ncette m\u00eame passion qui les caract\u00e9rise. Tous partagent des valeurs d\u2019ouverture,\nde respect, d\u2019\u00e9thique, d\u2019int\u00e9grit\u00e9 et de rigueur dans l\u2019atteinte des objectifs\ndu Mus\u00e9e.<\/span><\/p>\t\t\t\t\t\t\t\t<\/div>\n\t\t\t\t<\/div>\n\t\t\t\t\t<\/div>\n\t\t<\/div>\n\t\t\t\t\t<\/div>\n\t\t<\/section>\n\t\t\t\t<section class=\"elementor-section elementor-top-section elementor-element elementor-element-178e6f0 elementor-section-boxed elementor-section-height-default elementor-section-height-default\" data-id=\"178e6f0\" data-element_type=\"section\" data-e-type=\"section\">\n\t\t\t\t\t\t<div class=\"elementor-container elementor-column-gap-default\">\n\t\t\t\t\t<div class=\"elementor-column elementor-col-100 elementor-top-column elementor-element elementor-element-2737c26\" data-id=\"2737c26\" data-element_type=\"column\" data-e-type=\"column\">\n\t\t\t<div class=\"elementor-widget-wrap elementor-element-populated\">\n\t\t\t\t\t\t<div class=\"elementor-element elementor-element-bf7e84c elementor-widget elementor-widget-heading\" data-id=\"bf7e84c\" data-element_type=\"widget\" data-e-type=\"widget\" data-widget_type=\"heading.default\">\n\t\t\t\t<div class=\"elementor-widget-container\">\n\t\t\t\t\t<h2 class=\"elementor-heading-title elementor-size-default\">NOTRE HISTORIQUE<\/h2>\t\t\t\t<\/div>\n\t\t\t\t<\/div>\n\t\t\t\t\t<\/div>\n\t\t<\/div>\n\t\t\t\t\t<\/div>\n\t\t<\/section>\n\t\t\t\t<section class=\"elementor-section elementor-top-section elementor-element elementor-element-10958f7 elementor-section-stretched elementor-section-boxed elementor-section-height-default elementor-section-height-default\" data-id=\"10958f7\" data-element_type=\"section\" data-e-type=\"section\" data-settings=\"{&quot;stretch_section&quot;:&quot;section-stretched&quot;}\">\n\t\t\t\t\t\t<div class=\"elementor-container elementor-column-gap-default\">\n\t\t\t\t\t<div class=\"elementor-column elementor-col-100 elementor-top-column elementor-element elementor-element-af0d005\" data-id=\"af0d005\" data-element_type=\"column\" data-e-type=\"column\">\n\t\t\t<div class=\"elementor-widget-wrap elementor-element-populated\">\n\t\t\t\t\t\t<div class=\"elementor-element elementor-element-1d92ce6 elementor-widget elementor-widget-text-editor\" data-id=\"1d92ce6\" data-element_type=\"widget\" data-e-type=\"widget\" data-widget_type=\"text-editor.default\">\n\t\t\t\t<div class=\"elementor-widget-container\">\n\t\t\t\t\t\t\t\t\t<h1 style=\"color: #000000; font-family: 'Times New Roman'; font-size: medium;\"><span style=\"font-family: arial, helvetica, sans-serif; font-size: 19px; color: #ffffff;\">Fond\u00e9 un mus\u00e9e de la photographie \u00e0 Drummondville \u00e9tait un r\u00eave de son premier directeur et fondateur Jean Lauzon, qu\u2019il r\u00e9alisa en 2003. D\u2019abord nomm\u00e9 le Mus\u00e9e populaire de la photographie, le Mus\u00e9e \u00e9tait alors situ\u00e9 au sous-sol de la basilique St-Fr\u00e9d\u00e9ric. Puis, l\u2019organisme d\u00e9m\u00e9nagea dans son \u00e9difice actuel au 400, rue Heriot en 2018, sous la direction de Jean-Hugues Potvin, il porta le nom de Mus\u00e9e national de la photographie. Ce vaste b\u00e2timent a permis de multiplier les activit\u00e9s par une plus grande offre d\u2019expositions, tout en permettant l\u2019am\u00e9nagement d\u2019une chambre noire et d\u2019un studio professionnel, ainsi qu\u2019une expansion de sa collection. Suite \u00e0 son partenariat avec la Caisse Desjardins de Drummondville, l\u2019institution mus\u00e9ale porte actuellement le nom de Mus\u00e9e de la photographie Desjardins. Apr\u00e8s avoir subi d\u2019\u00e9normes pertes suite \u00e0 la pand\u00e9mie, le Mus\u00e9e amorce une nouvelle phase de d\u00e9veloppement en 2024 sous la direction de Jocelyne Fortin.<\/span><\/h1>\n<h2 style=\"color: #000000; font-family: 'Times New Roman'; font-size: medium;\"><span style=\"font-family: arial, helvetica, sans-serif; font-size: 19px; color: #ffffff;\">Bien que son nom a vari\u00e9 avec les ann\u00e9es, le Mus\u00e9e de la photographie de Drummondville ne cesse de conqu\u00e9rir le c\u0153ur de son public et d\u2019attirer naturellement ses visiteurs, puisqu\u2019il est unique au Canada comme lieu consacr\u00e9 exclusivement \u00e0 l\u2019histoire et \u00e0 l\u2019\u00e9volution technologique et socioculturelle de la photographie.<\/span><\/h2>\t\t\t\t\t\t\t\t<\/div>\n\t\t\t\t<\/div>\n\t\t\t\t\t<\/div>\n\t\t<\/div>\n\t\t\t\t\t<\/div>\n\t\t<\/section>\n\t\t\t\t<\/div>","protected":false},"excerpt":{"rendered":"<p>Situ\u00e9 \u00e0 Drummondville, le Mus\u00e9e de la photographie Desjardins est un centre de r\u00e9f\u00e9rence incontournable consacr\u00e9 \u00e0 l\u2019histoire de la photographie. Le Mus\u00e9e propose une offre de service distinctive, \u00e9volutive et accessible visant \u00e0 vous offrir une exp\u00e9rience unique. Fid\u00e8le \u00e0 notre mission, l\u2019institution mus\u00e9ale est \u00e9galement un lieu de recherche, de diffusion et d\u2019\u00e9ducation &hellip; <\/p>\n<p class=\"link-more\"><a href=\"https:\/\/museenationaldelaphotographie.com\/en\/historique\" class=\"more-link\">Continue reading<span class=\"screen-reader-text\"> \u00ab\u00a0QUI SOMMES-NOUS?\u00a0\u00bb<\/span><\/a><\/p>","protected":false},"author":1,"featured_media":0,"parent":0,"menu_order":0,"comment_status":"closed","ping_status":"closed","template":"","meta":{"ngg_post_thumbnail":0,"footnotes":""},"class_list":["post-4822","page","type-page","status-publish","hentry"],"yoast_head":"<!-- This site is optimized with the Yoast SEO plugin v27.4 - https:\/\/yoast.com\/product\/yoast-seo-wordpress\/ -->\n<title>QUI SOMMES-NOUS? -<\/title>\n<meta name=\"description\" content=\"Situ\u00e9 \u00e0 Drummondville, le Mus\u00e9e de la photographie Desjardins est un centre de r\u00e9f\u00e9rence incontournable consacr\u00e9 \u00e0 l\u2019histoire de la photographie.\" \/>\n<meta name=\"robots\" content=\"index, follow, max-snippet:-1, max-image-preview:large, max-video-preview:-1\" \/>\n<link rel=\"canonical\" href=\"https:\/\/museenationaldelaphotographie.com\/en\/historique\/\" \/>\n<meta property=\"og:locale\" content=\"en_US\" \/>\n<meta property=\"og:type\" content=\"article\" \/>\n<meta property=\"og:title\" content=\"QUI SOMMES-NOUS? -\" \/>\n<meta property=\"og:description\" content=\"Situ\u00e9 \u00e0 Drummondville, le Mus\u00e9e de la photographie Desjardins est un centre de r\u00e9f\u00e9rence incontournable consacr\u00e9 \u00e0 l\u2019histoire de la photographie.\" \/>\n<meta property=\"og:url\" content=\"https:\/\/museenationaldelaphotographie.com\/en\/historique\/\" \/>\n<meta property=\"article:modified_time\" content=\"2024-05-22T11:35:53+00:00\" \/>\n<meta name=\"twitter:card\" content=\"summary_large_image\" \/>\n<meta name=\"twitter:label1\" content=\"Est. reading time\" \/>\n\t<meta name=\"twitter:data1\" content=\"2 minutes\" \/>\n<script type=\"application\/ld+json\" class=\"yoast-schema-graph\">{\"@context\":\"https:\\\/\\\/schema.org\",\"@graph\":[{\"@type\":\"WebPage\",\"@id\":\"https:\\\/\\\/museenationaldelaphotographie.com\\\/historique\",\"url\":\"https:\\\/\\\/museenationaldelaphotographie.com\\\/historique\",\"name\":\"QUI SOMMES-NOUS? -\",\"isPartOf\":{\"@id\":\"https:\\\/\\\/museenationaldelaphotographie.com\\\/#website\"},\"datePublished\":\"2024-05-07T13:43:15+00:00\",\"dateModified\":\"2024-05-22T11:35:53+00:00\",\"description\":\"Situ\u00e9 \u00e0 Drummondville, le Mus\u00e9e de la photographie Desjardins est un centre de r\u00e9f\u00e9rence incontournable consacr\u00e9 \u00e0 l\u2019histoire de la photographie.\",\"breadcrumb\":{\"@id\":\"https:\\\/\\\/museenationaldelaphotographie.com\\\/historique#breadcrumb\"},\"inLanguage\":\"en-CA\",\"potentialAction\":[{\"@type\":\"ReadAction\",\"target\":[\"https:\\\/\\\/museenationaldelaphotographie.com\\\/historique\"]}]},{\"@type\":\"BreadcrumbList\",\"@id\":\"https:\\\/\\\/museenationaldelaphotographie.com\\\/historique#breadcrumb\",\"itemListElement\":[{\"@type\":\"ListItem\",\"position\":1,\"name\":\"Accueil\",\"item\":\"https:\\\/\\\/museenationaldelaphotographie.com\\\/\"},{\"@type\":\"ListItem\",\"position\":2,\"name\":\"QUI SOMMES-NOUS?\"}]},{\"@type\":\"WebSite\",\"@id\":\"https:\\\/\\\/museenationaldelaphotographie.com\\\/#website\",\"url\":\"https:\\\/\\\/museenationaldelaphotographie.com\\\/\",\"name\":\"\",\"description\":\"\",\"potentialAction\":[{\"@type\":\"SearchAction\",\"target\":{\"@type\":\"EntryPoint\",\"urlTemplate\":\"https:\\\/\\\/museenationaldelaphotographie.com\\\/?s={search_term_string}\"},\"query-input\":{\"@type\":\"PropertyValueSpecification\",\"valueRequired\":true,\"valueName\":\"search_term_string\"}}],\"inLanguage\":\"en-CA\"}]}<\/script>\n<!-- \/ Yoast SEO plugin. -->","yoast_head_json":{"title":"QUI SOMMES-NOUS? -","description":"Situ\u00e9 \u00e0 Drummondville, le Mus\u00e9e de la photographie Desjardins est un centre de r\u00e9f\u00e9rence incontournable consacr\u00e9 \u00e0 l\u2019histoire de la photographie.","robots":{"index":"index","follow":"follow","max-snippet":"max-snippet:-1","max-image-preview":"max-image-preview:large","max-video-preview":"max-video-preview:-1"},"canonical":"https:\/\/museenationaldelaphotographie.com\/en\/historique\/","og_locale":"en_US","og_type":"article","og_title":"QUI SOMMES-NOUS? -","og_description":"Situ\u00e9 \u00e0 Drummondville, le Mus\u00e9e de la photographie Desjardins est un centre de r\u00e9f\u00e9rence incontournable consacr\u00e9 \u00e0 l\u2019histoire de la photographie.","og_url":"https:\/\/museenationaldelaphotographie.com\/en\/historique\/","article_modified_time":"2024-05-22T11:35:53+00:00","twitter_card":"summary_large_image","twitter_misc":{"Est. reading time":"2 minutes"},"schema":{"@context":"https:\/\/schema.org","@graph":[{"@type":"WebPage","@id":"https:\/\/museenationaldelaphotographie.com\/historique","url":"https:\/\/museenationaldelaphotographie.com\/historique","name":"QUI SOMMES-NOUS? -","isPartOf":{"@id":"https:\/\/museenationaldelaphotographie.com\/#website"},"datePublished":"2024-05-07T13:43:15+00:00","dateModified":"2024-05-22T11:35:53+00:00","description":"Situ\u00e9 \u00e0 Drummondville, le Mus\u00e9e de la photographie Desjardins est un centre de r\u00e9f\u00e9rence incontournable consacr\u00e9 \u00e0 l\u2019histoire de la photographie.","breadcrumb":{"@id":"https:\/\/museenationaldelaphotographie.com\/historique#breadcrumb"},"inLanguage":"en-CA","potentialAction":[{"@type":"ReadAction","target":["https:\/\/museenationaldelaphotographie.com\/historique"]}]},{"@type":"BreadcrumbList","@id":"https:\/\/museenationaldelaphotographie.com\/historique#breadcrumb","itemListElement":[{"@type":"ListItem","position":1,"name":"Accueil","item":"https:\/\/museenationaldelaphotographie.com\/"},{"@type":"ListItem","position":2,"name":"QUI SOMMES-NOUS?"}]},{"@type":"WebSite","@id":"https:\/\/museenationaldelaphotographie.com\/#website","url":"https:\/\/museenationaldelaphotographie.com\/","name":"","description":"","potentialAction":[{"@type":"SearchAction","target":{"@type":"EntryPoint","urlTemplate":"https:\/\/museenationaldelaphotographie.com\/?s={search_term_string}"},"query-input":{"@type":"PropertyValueSpecification","valueRequired":true,"valueName":"search_term_string"}}],"inLanguage":"en-CA"}]}},"jetpack_sharing_enabled":true,"_links":{"self":[{"href":"https:\/\/museenationaldelaphotographie.com\/en\/wp-json\/wp\/v2\/pages\/4822","targetHints":{"allow":["GET"]}}],"collection":[{"href":"https:\/\/museenationaldelaphotographie.com\/en\/wp-json\/wp\/v2\/pages"}],"about":[{"href":"https:\/\/museenationaldelaphotographie.com\/en\/wp-json\/wp\/v2\/types\/page"}],"author":[{"embeddable":true,"href":"https:\/\/museenationaldelaphotographie.com\/en\/wp-json\/wp\/v2\/users\/1"}],"replies":[{"embeddable":true,"href":"https:\/\/museenationaldelaphotographie.com\/en\/wp-json\/wp\/v2\/comments?post=4822"}],"version-history":[{"count":18,"href":"https:\/\/museenationaldelaphotographie.com\/en\/wp-json\/wp\/v2\/pages\/4822\/revisions"}],"predecessor-version":[{"id":5306,"href":"https:\/\/museenationaldelaphotographie.com\/en\/wp-json\/wp\/v2\/pages\/4822\/revisions\/5306"}],"wp:attachment":[{"href":"https:\/\/museenationaldelaphotographie.com\/en\/wp-json\/wp\/v2\/media?parent=4822"}],"curies":[{"name":"wp","href":"https:\/\/api.w.org\/{rel}","templated":true}]}}