{"id":4819,"date":"2024-05-07T13:43:15","date_gmt":"2024-05-07T13:43:15","guid":{"rendered":"https:\/\/museenationaldelaphotographie.com\/?page_id=4819"},"modified":"2026-03-31T13:10:34","modified_gmt":"2026-03-31T13:10:34","slug":"membre","status":"publish","type":"page","link":"https:\/\/museenationaldelaphotographie.com\/en\/membre","title":{"rendered":"MEMBRE"},"content":{"rendered":"<div data-elementor-type=\"wp-page\" data-elementor-id=\"4819\" class=\"elementor elementor-4819\">\n\t\t\t\t\t\t<section class=\"elementor-section elementor-top-section elementor-element elementor-element-09df1cd elementor-section-boxed elementor-section-height-default elementor-section-height-default\" data-id=\"09df1cd\" data-element_type=\"section\" data-e-type=\"section\">\n\t\t\t\t\t\t<div class=\"elementor-container elementor-column-gap-default\">\n\t\t\t\t\t<div class=\"elementor-column elementor-col-100 elementor-top-column elementor-element elementor-element-ba0162b\" data-id=\"ba0162b\" data-element_type=\"column\" data-e-type=\"column\">\n\t\t\t<div class=\"elementor-widget-wrap elementor-element-populated\">\n\t\t\t\t\t\t<div class=\"elementor-element elementor-element-b051289 elementor-widget elementor-widget-heading\" data-id=\"b051289\" data-element_type=\"widget\" data-e-type=\"widget\" data-widget_type=\"heading.default\">\n\t\t\t\t<div class=\"elementor-widget-container\">\n\t\t\t\t\t<h2 class=\"elementor-heading-title elementor-size-default\">POURQUOI DEVENIR MEMBRE?<\/h2>\t\t\t\t<\/div>\n\t\t\t\t<\/div>\n\t\t\t\t\t<\/div>\n\t\t<\/div>\n\t\t\t\t\t<\/div>\n\t\t<\/section>\n\t\t\t\t<section class=\"elementor-section elementor-top-section elementor-element elementor-element-e9cf558 elementor-section-stretched elementor-section-boxed elementor-section-height-default elementor-section-height-default\" data-id=\"e9cf558\" data-element_type=\"section\" data-e-type=\"section\" data-settings=\"{&quot;stretch_section&quot;:&quot;section-stretched&quot;}\">\n\t\t\t\t\t\t<div class=\"elementor-container elementor-column-gap-default\">\n\t\t\t\t\t<div class=\"elementor-column elementor-col-100 elementor-top-column elementor-element elementor-element-0379258\" data-id=\"0379258\" data-element_type=\"column\" data-e-type=\"column\">\n\t\t\t<div class=\"elementor-widget-wrap elementor-element-populated\">\n\t\t\t\t\t\t<div class=\"elementor-element elementor-element-9e3e845 elementor-widget elementor-widget-text-editor\" data-id=\"9e3e845\" data-element_type=\"widget\" data-e-type=\"widget\" data-widget_type=\"text-editor.default\">\n\t\t\t\t<div class=\"elementor-widget-container\">\n\t\t\t\t\t\t\t\t\t<p>Devenir membre du Mus\u00e9e de la photographie Desjardins est une excellente fa\u00e7on d\u2019encourager le <strong>d\u00e9veloppement de l\u2019institution<\/strong> mus\u00e9ale. Deux types d\u2019adh\u00e9sion sont disponibles et inclus des <strong>acc\u00e8s privil\u00e9gi\u00e9s aux installations<\/strong>, tels que l\u2019<strong>entr\u00e9e&nbsp;<\/strong><strong>gratuite au Mus\u00e9e<\/strong>, <strong>rabais sur les produits et services<\/strong> ainsi que la possibilit\u00e9 d\u2019<strong>assister aux vernissages<\/strong> et autres \u00e9v\u00e9nements sp\u00e9ciaux du Mus\u00e9e. Vous pouvez aussi b\u00e9n\u00e9ficier de <strong>tarifs pr\u00e9f\u00e9rentiels<\/strong> pour la location de la chambre noire et du studio.<\/p>\n<p style=\"margin-left: 18.0pt; mso-add-space: auto;\">\n<\/p>\t\t\t\t\t\t\t\t<\/div>\n\t\t\t\t<\/div>\n\t\t\t\t\t<\/div>\n\t\t<\/div>\n\t\t\t\t\t<\/div>\n\t\t<\/section>\n\t\t\t\t<section class=\"elementor-section elementor-top-section elementor-element elementor-element-f177bb1 elementor-section-full_width elementor-section-height-default elementor-section-height-default\" data-id=\"f177bb1\" data-element_type=\"section\" data-e-type=\"section\">\n\t\t\t\t\t\t<div class=\"elementor-container elementor-column-gap-default\">\n\t\t\t\t\t<div class=\"elementor-column elementor-col-100 elementor-top-column elementor-element elementor-element-7793d05\" data-id=\"7793d05\" data-element_type=\"column\" data-e-type=\"column\">\n\t\t\t<div class=\"elementor-widget-wrap elementor-element-populated\">\n\t\t\t\t\t\t<div class=\"elementor-element elementor-element-e72724f elementor-align-center elementor-widget elementor-widget-button\" data-id=\"e72724f\" data-element_type=\"widget\" data-e-type=\"widget\" data-widget_type=\"button.default\">\n\t\t\t\t<div class=\"elementor-widget-container\">\n\t\t\t\t\t\t\t\t\t<div class=\"elementor-button-wrapper\">\n\t\t\t\t\t<a class=\"elementor-button elementor-button-link elementor-size-sm\" href=\"https:\/\/www.zeffy.com\/fr-CA\/ticketing\/membres-du-musee-de-la-photographie-desjardins\" target=\"_blank\">\n\t\t\t\t\t\t<span class=\"elementor-button-content-wrapper\">\n\t\t\t\t\t\t\t\t\t<span class=\"elementor-button-text\">BECOMING A MEMBER<\/span>\n\t\t\t\t\t<\/span>\n\t\t\t\t\t<\/a>\n\t\t\t\t<\/div>\n\t\t\t\t\t\t\t\t<\/div>\n\t\t\t\t<\/div>\n\t\t\t\t\t<\/div>\n\t\t<\/div>\n\t\t\t\t\t<\/div>\n\t\t<\/section>\n\t\t\t\t<\/div>","protected":false},"excerpt":{"rendered":"<p>POURQUOI DEVENIR MEMBRE? Devenir membre du Mus\u00e9e de la photographie Desjardins est une excellente fa\u00e7on d\u2019encourager le d\u00e9veloppement de l\u2019institution mus\u00e9ale. Deux types d\u2019adh\u00e9sion sont disponibles et inclus des acc\u00e8s privil\u00e9gi\u00e9s aux installations, tels que l\u2019entr\u00e9e&nbsp;gratuite au Mus\u00e9e, des rabais sur les produits et services ainsi que la possibilit\u00e9 d\u2019assister aux vernissages et autres \u00e9v\u00e9nements &hellip; <\/p>\n<p class=\"link-more\"><a href=\"https:\/\/museenationaldelaphotographie.com\/en\/membre\" class=\"more-link\">Continue reading<span class=\"screen-reader-text\"> \u00ab\u00a0MEMBRE\u00a0\u00bb<\/span><\/a><\/p>","protected":false},"author":1,"featured_media":5405,"parent":0,"menu_order":0,"comment_status":"closed","ping_status":"closed","template":"","meta":{"ngg_post_thumbnail":0,"footnotes":""},"class_list":["post-4819","page","type-page","status-publish","has-post-thumbnail","hentry"],"yoast_head":"<!-- This site is optimized with the Yoast SEO plugin v27.3 - https:\/\/yoast.com\/product\/yoast-seo-wordpress\/ -->\n<title>MEMBRE -<\/title>\n<meta name=\"robots\" content=\"index, follow, max-snippet:-1, max-image-preview:large, max-video-preview:-1\" \/>\n<link rel=\"canonical\" href=\"https:\/\/museenationaldelaphotographie.com\/en\/membre\/\" \/>\n<meta property=\"og:locale\" content=\"en_US\" \/>\n<meta property=\"og:type\" content=\"article\" \/>\n<meta property=\"og:title\" content=\"MEMBRE -\" \/>\n<meta property=\"og:description\" content=\"POURQUOI DEVENIR MEMBRE? Devenir membre du Mus\u00e9e de la photographie Desjardins est une excellente fa\u00e7on d\u2019encourager le d\u00e9veloppement de l\u2019institution mus\u00e9ale. Deux types d\u2019adh\u00e9sion sont disponibles et inclus des acc\u00e8s privil\u00e9gi\u00e9s aux installations, tels que l\u2019entr\u00e9e&nbsp;gratuite au Mus\u00e9e, des rabais sur les produits et services ainsi que la possibilit\u00e9 d\u2019assister aux vernissages et autres \u00e9v\u00e9nements &hellip; Continue reading &quot;MEMBRE&quot;\" \/>\n<meta property=\"og:url\" content=\"https:\/\/museenationaldelaphotographie.com\/en\/membre\/\" \/>\n<meta property=\"article:modified_time\" content=\"2026-03-31T13:10:34+00:00\" \/>\n<meta property=\"og:image\" content=\"https:\/\/museenationaldelaphotographie.com\/wp-content\/uploads\/2024\/05\/IMG_4630-scaled-e1716384739686.jpg\" \/>\n\t<meta property=\"og:image:width\" content=\"2560\" \/>\n\t<meta property=\"og:image:height\" content=\"1442\" \/>\n\t<meta property=\"og:image:type\" content=\"image\/jpeg\" \/>\n<meta name=\"twitter:card\" content=\"summary_large_image\" \/>\n<meta name=\"twitter:label1\" content=\"Est. reading time\" \/>\n\t<meta name=\"twitter:data1\" content=\"1 minute\" \/>\n<script type=\"application\/ld+json\" class=\"yoast-schema-graph\">{\"@context\":\"https:\\\/\\\/schema.org\",\"@graph\":[{\"@type\":\"WebPage\",\"@id\":\"https:\\\/\\\/museenationaldelaphotographie.com\\\/membre\",\"url\":\"https:\\\/\\\/museenationaldelaphotographie.com\\\/membre\",\"name\":\"MEMBRE -\",\"isPartOf\":{\"@id\":\"https:\\\/\\\/museenationaldelaphotographie.com\\\/#website\"},\"primaryImageOfPage\":{\"@id\":\"https:\\\/\\\/museenationaldelaphotographie.com\\\/membre#primaryimage\"},\"image\":{\"@id\":\"https:\\\/\\\/museenationaldelaphotographie.com\\\/membre#primaryimage\"},\"thumbnailUrl\":\"https:\\\/\\\/i0.wp.com\\\/museenationaldelaphotographie.com\\\/wp-content\\\/uploads\\\/2024\\\/05\\\/IMG_4630-scaled-e1716384739686.jpg?fit=2560%2C1442&ssl=1\",\"datePublished\":\"2024-05-07T13:43:15+00:00\",\"dateModified\":\"2026-03-31T13:10:34+00:00\",\"breadcrumb\":{\"@id\":\"https:\\\/\\\/museenationaldelaphotographie.com\\\/membre#breadcrumb\"},\"inLanguage\":\"en-CA\",\"potentialAction\":[{\"@type\":\"ReadAction\",\"target\":[\"https:\\\/\\\/museenationaldelaphotographie.com\\\/membre\"]}]},{\"@type\":\"ImageObject\",\"inLanguage\":\"en-CA\",\"@id\":\"https:\\\/\\\/museenationaldelaphotographie.com\\\/membre#primaryimage\",\"url\":\"https:\\\/\\\/i0.wp.com\\\/museenationaldelaphotographie.com\\\/wp-content\\\/uploads\\\/2024\\\/05\\\/IMG_4630-scaled-e1716384739686.jpg?fit=2560%2C1442&ssl=1\",\"contentUrl\":\"https:\\\/\\\/i0.wp.com\\\/museenationaldelaphotographie.com\\\/wp-content\\\/uploads\\\/2024\\\/05\\\/IMG_4630-scaled-e1716384739686.jpg?fit=2560%2C1442&ssl=1\",\"width\":2560,\"height\":1442},{\"@type\":\"BreadcrumbList\",\"@id\":\"https:\\\/\\\/museenationaldelaphotographie.com\\\/membre#breadcrumb\",\"itemListElement\":[{\"@type\":\"ListItem\",\"position\":1,\"name\":\"Accueil\",\"item\":\"https:\\\/\\\/museenationaldelaphotographie.com\\\/\"},{\"@type\":\"ListItem\",\"position\":2,\"name\":\"MEMBRE\"}]},{\"@type\":\"WebSite\",\"@id\":\"https:\\\/\\\/museenationaldelaphotographie.com\\\/#website\",\"url\":\"https:\\\/\\\/museenationaldelaphotographie.com\\\/\",\"name\":\"\",\"description\":\"\",\"potentialAction\":[{\"@type\":\"SearchAction\",\"target\":{\"@type\":\"EntryPoint\",\"urlTemplate\":\"https:\\\/\\\/museenationaldelaphotographie.com\\\/?s={search_term_string}\"},\"query-input\":{\"@type\":\"PropertyValueSpecification\",\"valueRequired\":true,\"valueName\":\"search_term_string\"}}],\"inLanguage\":\"en-CA\"}]}<\/script>\n<!-- \/ Yoast SEO plugin. -->","yoast_head_json":{"title":"MEMBRE -","robots":{"index":"index","follow":"follow","max-snippet":"max-snippet:-1","max-image-preview":"max-image-preview:large","max-video-preview":"max-video-preview:-1"},"canonical":"https:\/\/museenationaldelaphotographie.com\/en\/membre\/","og_locale":"en_US","og_type":"article","og_title":"MEMBRE -","og_description":"POURQUOI DEVENIR MEMBRE? Devenir membre du Mus\u00e9e de la photographie Desjardins est une excellente fa\u00e7on d\u2019encourager le d\u00e9veloppement de l\u2019institution mus\u00e9ale. Deux types d\u2019adh\u00e9sion sont disponibles et inclus des acc\u00e8s privil\u00e9gi\u00e9s aux installations, tels que l\u2019entr\u00e9e&nbsp;gratuite au Mus\u00e9e, des rabais sur les produits et services ainsi que la possibilit\u00e9 d\u2019assister aux vernissages et autres \u00e9v\u00e9nements &hellip; Continue reading \"MEMBRE\"","og_url":"https:\/\/museenationaldelaphotographie.com\/en\/membre\/","article_modified_time":"2026-03-31T13:10:34+00:00","og_image":[{"width":2560,"height":1442,"url":"https:\/\/museenationaldelaphotographie.com\/wp-content\/uploads\/2024\/05\/IMG_4630-scaled-e1716384739686.jpg","type":"image\/jpeg"}],"twitter_card":"summary_large_image","twitter_misc":{"Est. reading time":"1 minute"},"schema":{"@context":"https:\/\/schema.org","@graph":[{"@type":"WebPage","@id":"https:\/\/museenationaldelaphotographie.com\/membre","url":"https:\/\/museenationaldelaphotographie.com\/membre","name":"MEMBRE -","isPartOf":{"@id":"https:\/\/museenationaldelaphotographie.com\/#website"},"primaryImageOfPage":{"@id":"https:\/\/museenationaldelaphotographie.com\/membre#primaryimage"},"image":{"@id":"https:\/\/museenationaldelaphotographie.com\/membre#primaryimage"},"thumbnailUrl":"https:\/\/i0.wp.com\/museenationaldelaphotographie.com\/wp-content\/uploads\/2024\/05\/IMG_4630-scaled-e1716384739686.jpg?fit=2560%2C1442&ssl=1","datePublished":"2024-05-07T13:43:15+00:00","dateModified":"2026-03-31T13:10:34+00:00","breadcrumb":{"@id":"https:\/\/museenationaldelaphotographie.com\/membre#breadcrumb"},"inLanguage":"en-CA","potentialAction":[{"@type":"ReadAction","target":["https:\/\/museenationaldelaphotographie.com\/membre"]}]},{"@type":"ImageObject","inLanguage":"en-CA","@id":"https:\/\/museenationaldelaphotographie.com\/membre#primaryimage","url":"https:\/\/i0.wp.com\/museenationaldelaphotographie.com\/wp-content\/uploads\/2024\/05\/IMG_4630-scaled-e1716384739686.jpg?fit=2560%2C1442&ssl=1","contentUrl":"https:\/\/i0.wp.com\/museenationaldelaphotographie.com\/wp-content\/uploads\/2024\/05\/IMG_4630-scaled-e1716384739686.jpg?fit=2560%2C1442&ssl=1","width":2560,"height":1442},{"@type":"BreadcrumbList","@id":"https:\/\/museenationaldelaphotographie.com\/membre#breadcrumb","itemListElement":[{"@type":"ListItem","position":1,"name":"Accueil","item":"https:\/\/museenationaldelaphotographie.com\/"},{"@type":"ListItem","position":2,"name":"MEMBRE"}]},{"@type":"WebSite","@id":"https:\/\/museenationaldelaphotographie.com\/#website","url":"https:\/\/museenationaldelaphotographie.com\/","name":"","description":"","potentialAction":[{"@type":"SearchAction","target":{"@type":"EntryPoint","urlTemplate":"https:\/\/museenationaldelaphotographie.com\/?s={search_term_string}"},"query-input":{"@type":"PropertyValueSpecification","valueRequired":true,"valueName":"search_term_string"}}],"inLanguage":"en-CA"}]}},"jetpack_sharing_enabled":true,"_links":{"self":[{"href":"https:\/\/museenationaldelaphotographie.com\/en\/wp-json\/wp\/v2\/pages\/4819","targetHints":{"allow":["GET"]}}],"collection":[{"href":"https:\/\/museenationaldelaphotographie.com\/en\/wp-json\/wp\/v2\/pages"}],"about":[{"href":"https:\/\/museenationaldelaphotographie.com\/en\/wp-json\/wp\/v2\/types\/page"}],"author":[{"embeddable":true,"href":"https:\/\/museenationaldelaphotographie.com\/en\/wp-json\/wp\/v2\/users\/1"}],"replies":[{"embeddable":true,"href":"https:\/\/museenationaldelaphotographie.com\/en\/wp-json\/wp\/v2\/comments?post=4819"}],"version-history":[{"count":24,"href":"https:\/\/museenationaldelaphotographie.com\/en\/wp-json\/wp\/v2\/pages\/4819\/revisions"}],"predecessor-version":[{"id":6050,"href":"https:\/\/museenationaldelaphotographie.com\/en\/wp-json\/wp\/v2\/pages\/4819\/revisions\/6050"}],"wp:featuredmedia":[{"embeddable":true,"href":"https:\/\/museenationaldelaphotographie.com\/en\/wp-json\/wp\/v2\/media\/5405"}],"wp:attachment":[{"href":"https:\/\/museenationaldelaphotographie.com\/en\/wp-json\/wp\/v2\/media?parent=4819"}],"curies":[{"name":"wp","href":"https:\/\/api.w.org\/{rel}","templated":true}]}}