{"id":458,"date":"2020-03-31T15:34:49","date_gmt":"2020-03-31T15:34:49","guid":{"rendered":"http:\/\/museenationaldelaphotographie.com\/?page_id=458"},"modified":"2025-08-22T16:19:36","modified_gmt":"2025-08-22T16:19:36","slug":"administration","status":"publish","type":"page","link":"https:\/\/museenationaldelaphotographie.com\/en\/administration","title":{"rendered":"THE TEAM"},"content":{"rendered":"<div data-elementor-type=\"wp-page\" data-elementor-id=\"458\" class=\"elementor elementor-458\">\n\t\t\t\t\t\t<section class=\"elementor-section elementor-top-section elementor-element elementor-element-2b2ddda elementor-section-boxed elementor-section-height-default elementor-section-height-default\" data-id=\"2b2ddda\" data-element_type=\"section\" data-e-type=\"section\">\n\t\t\t\t\t\t<div class=\"elementor-container elementor-column-gap-default\">\n\t\t\t\t\t<div class=\"elementor-column elementor-col-100 elementor-top-column elementor-element elementor-element-a6576e7\" data-id=\"a6576e7\" data-element_type=\"column\" data-e-type=\"column\">\n\t\t\t<div class=\"elementor-widget-wrap elementor-element-populated\">\n\t\t\t\t\t\t<div class=\"elementor-element elementor-element-97519a4 elementor-widget elementor-widget-heading\" data-id=\"97519a4\" data-element_type=\"widget\" data-e-type=\"widget\" data-widget_type=\"heading.default\">\n\t\t\t\t<div class=\"elementor-widget-container\">\n\t\t\t\t\t<h2 class=\"elementor-heading-title elementor-size-default\">L'\u00c9QUIPE<\/h2>\t\t\t\t<\/div>\n\t\t\t\t<\/div>\n\t\t\t\t\t<\/div>\n\t\t<\/div>\n\t\t\t\t\t<\/div>\n\t\t<\/section>\n\t\t\t\t<section class=\"elementor-section elementor-top-section elementor-element elementor-element-14585edd elementor-section-stretched elementor-section-boxed elementor-section-height-default elementor-section-height-default\" data-id=\"14585edd\" data-element_type=\"section\" data-e-type=\"section\" data-settings=\"{&quot;stretch_section&quot;:&quot;section-stretched&quot;}\">\n\t\t\t\t\t\t<div class=\"elementor-container elementor-column-gap-default\">\n\t\t\t\t\t<div class=\"elementor-column elementor-col-100 elementor-top-column elementor-element elementor-element-c972607\" data-id=\"c972607\" data-element_type=\"column\" data-e-type=\"column\">\n\t\t\t<div class=\"elementor-widget-wrap elementor-element-populated\">\n\t\t\t\t\t\t<div class=\"elementor-element elementor-element-383152fb elementor-widget elementor-widget-text-editor\" data-id=\"383152fb\" data-element_type=\"widget\" data-e-type=\"widget\" data-widget_type=\"text-editor.default\">\n\t\t\t\t<div class=\"elementor-widget-container\">\n\t\t\t\t\t\t\t\t\t<p style=\"font-size: 18px; text-align: center;\"><span style=\"color: #ffffff; font-family: arial, helvetica, sans-serif; font-size: 19px;\">Le Mus\u00e9e de la photographie Desjardins est un organisme \u00e0 but non lucratif. Son conseil d&rsquo;administration est \u00e9lu parmi les membres du Mus\u00e9e. Nous sommes une \u00e9quipe d\u00e9termin\u00e9e \u00e0 vous offrir une exp\u00e9rience hors du commun!<\/span><\/p>\n<p><span style=\"color: #ffffff;\"><!-- \/wp:paragraph --><\/span><\/p>\n<p><span style=\"color: #ffffff;\"><!-- wp:paragraph {\"textColor\":\"light-green-cyan\"} --><\/span><\/p>\n<p><span style=\"font-weight: bold; color: #ffffff; font-family: arial, helvetica, sans-serif; font-size: 19px;\">MEMBERS OF THE ADMINISTRATIVE COUNCIL<\/span><\/p>\n<ul>\n<li><span style=\"font-family: arial, helvetica, sans-serif; font-size: 19px; color: #ffffff;\"><span style=\"font-weight: bold;\">President<\/span>\u00a0:\u00a0Michel Doyon<\/span><\/li>\n<li><span style=\"font-family: arial, helvetica, sans-serif; font-size: 19px; color: #ffffff;\"><span style=\"font-weight: bold;\">Vice-President<\/span>\u00a0: Jean C\u00f4t\u00e9<\/span><\/li>\n<li><span style=\"font-family: arial, helvetica, sans-serif; font-size: 19px; color: #ffffff;\"><span style=\"font-weight: bold;\">Tr\u00e9sorier<\/span>\u00a0: Yanick Gamelin<\/span><\/li>\n<li><span style=\"font-family: arial, helvetica, sans-serif; font-size: 19px; color: #ffffff;\"><strong>Secr\u00e9taire :<\/strong> H\u00e9l\u00e8ne Sauvageau<\/span><\/li>\n<li><span style=\"font-family: arial, helvetica, sans-serif; font-size: 19px; color: #ffffff;\"><span style=\"font-weight: bold;\">Administratrice<\/span>\u00a0: Cathy Bernier<\/span><\/li>\n<li><span style=\"font-family: arial, helvetica, sans-serif; font-size: 19px; color: #ffffff;\"><span style=\"font-weight: bold;\">Administrator<\/span>\u00a0: Luc Courchesne<\/span><\/li>\n<li><span style=\"font-family: arial, helvetica, sans-serif; font-size: 19px; color: #ffffff;\"><span style=\"font-weight: bold;\">Administratrice<\/span> : Chareyne Lupien<\/span><\/li>\n<li><span style=\"font-family: arial, helvetica, sans-serif; font-size: 19px; color: #ffffff;\"><strong>Observatrice :<\/strong> H\u00e9l\u00e8ne Valli\u00e8res<\/span><\/li>\n<\/ul>\n<p><span style=\"color: #ffffff; font-family: arial, helvetica, sans-serif; font-size: 19px;\"><strong><span style=\"font-weight: bold;\">TEAM MEMBERS\u00a0<\/span><\/strong><\/span><\/p>\n<p><span style=\"color: #ffffff;\"><!-- \/wp:paragraph --><\/span><\/p>\n<p><span style=\"color: #ffffff;\"><!-- wp:list --><\/span><\/p>\n<ul>\n<li><span style=\"color: #ffffff;\"><span style=\"font-family: arial, helvetica, sans-serif; font-size: 19px;\"><strong>Directrice g\u00e9n\u00e9rale :<\/strong>\u00a0Jocelyne Fortin<\/span><span style=\"font-family: arial, helvetica, sans-serif; font-size: 19px;\"><br \/><\/span><\/span><\/li>\n<li><span style=\"font-family: arial, helvetica, sans-serif; font-size: 19px; color: #ffffff;\"><strong>Montage des expositions :<\/strong> Ga\u00e9tan Joubert, G\u00e9rald Lambert et Jean-Pierre Verrier<\/span><\/li>\n<li><span style=\"font-family: arial, helvetica, sans-serif; font-size: 19px; color: #ffffff;\"><strong>Responsable des collections :<\/strong> Ga\u00e9tan Joubert et Claude Roy<\/span><\/li>\n<li><span style=\"font-family: arial, helvetica, sans-serif; font-size: 19px; color: #ffffff;\"><strong>Accueil des visiteurs :<\/strong> C\u00e9line Cusson, Michel Doyon, H\u00e9l\u00e8ne Gingras, Ga\u00e9tan Joubert, G\u00e9rald Lambert, Bertrand Moreau, Danielle Moreau, Claude Roy et Mireille Voyer<\/span><\/li>\n<li><span style=\"font-family: arial, helvetica, sans-serif; font-size: 19px; color: #ffffff;\"><strong>Responsable du centre de documentation :<\/strong> Danielle Moreau, Carole Chass\u00e9 et Monique\u00a0<\/span><\/li>\n<li><span style=\"font-family: arial, helvetica, sans-serif; font-size: 19px; color: #ffffff;\"><strong>Responsable du b\u00e2timent :<\/strong> R\u00e9al Labr\u00e8che<\/span><\/li>\n<li><span style=\"color: #ffffff;\"><span style=\"font-family: arial, helvetica, sans-serif; font-size: 19px;\"><strong>Autres collaborateurs :<\/strong> Luc Dallai<span style=\"color: #ffffff;\">re, Ian Gagn\u00e9, Lise Garant et Raymond Lavergne et Andr\u00e9 Mich<strong>aud.<\/strong><\/span><\/span><\/span><\/li>\n<\/ul>\n<p><!-- \/wp:list --><\/p>\n<p><!-- wp:paragraph --><\/p>\n<p><!-- \/wp:paragraph --><\/p>\t\t\t\t\t\t\t\t<\/div>\n\t\t\t\t<\/div>\n\t\t\t\t\t<\/div>\n\t\t<\/div>\n\t\t\t\t\t<\/div>\n\t\t<\/section>\n\t\t\t\t<\/div>","protected":false},"excerpt":{"rendered":"<p>L&rsquo;\u00c9QUIPE Le Mus\u00e9e de la photographie Desjardins est un organisme \u00e0 but non lucratif. Son conseil d&rsquo;administration est \u00e9lu parmi les membres du Mus\u00e9e. Nous sommes une \u00e9quipe d\u00e9termin\u00e9e \u00e0 vous offrir une exp\u00e9rience hors du commun! MEMBRES DU CONSEIL D&rsquo;ADMINISTRATION Pr\u00e9sident\u00a0:\u00a0Michel Doyon Vice-pr\u00e9sident\u00a0: Jean C\u00f4t\u00e9 Tr\u00e9sorier\u00a0: Yanick Gamelin Secr\u00e9taire : H\u00e9l\u00e8ne Sauvageau Administratrice\u00a0: Cathy &hellip; <\/p>\n<p class=\"link-more\"><a href=\"https:\/\/museenationaldelaphotographie.com\/en\/administration\" class=\"more-link\">Continue reading<span class=\"screen-reader-text\"> \u00ab\u00a0L&rsquo;\u00c9QUIPE\u00a0\u00bb<\/span><\/a><\/p>","protected":false},"author":1,"featured_media":0,"parent":0,"menu_order":0,"comment_status":"closed","ping_status":"closed","template":"","meta":{"ngg_post_thumbnail":0,"footnotes":""},"class_list":["post-458","page","type-page","status-publish","hentry"],"yoast_head":"<!-- This site is optimized with the Yoast SEO plugin v27.4 - https:\/\/yoast.com\/product\/yoast-seo-wordpress\/ -->\n<title>L&#039;\u00e9quipe du Mus\u00e9e -<\/title>\n<meta name=\"description\" content=\"Le Mus\u00e9e National de la Photographie Desjardins est un organisme \u00e0 but non lucratif. Son conseil d\u2019administration est \u00e9lu parmi les membres du Mus\u00e9e.\" \/>\n<meta name=\"robots\" content=\"index, follow, max-snippet:-1, max-image-preview:large, max-video-preview:-1\" \/>\n<link rel=\"canonical\" href=\"https:\/\/museenationaldelaphotographie.com\/en\/administration\/\" \/>\n<meta property=\"og:locale\" content=\"en_US\" \/>\n<meta property=\"og:type\" content=\"article\" \/>\n<meta property=\"og:title\" content=\"L&#039;\u00e9quipe du Mus\u00e9e -\" \/>\n<meta property=\"og:description\" content=\"Le Mus\u00e9e National de la Photographie Desjardins est un organisme \u00e0 but non lucratif. Son conseil d\u2019administration est \u00e9lu parmi les membres du Mus\u00e9e.\" \/>\n<meta property=\"og:url\" content=\"https:\/\/museenationaldelaphotographie.com\/en\/administration\/\" \/>\n<meta property=\"article:modified_time\" content=\"2025-08-22T16:19:36+00:00\" \/>\n<meta name=\"twitter:card\" content=\"summary_large_image\" \/>\n<meta name=\"twitter:label1\" content=\"Est. reading time\" \/>\n\t<meta name=\"twitter:data1\" content=\"1 minute\" \/>\n<script type=\"application\/ld+json\" class=\"yoast-schema-graph\">{\"@context\":\"https:\\\/\\\/schema.org\",\"@graph\":[{\"@type\":\"WebPage\",\"@id\":\"https:\\\/\\\/museenationaldelaphotographie.com\\\/administration\",\"url\":\"https:\\\/\\\/museenationaldelaphotographie.com\\\/administration\",\"name\":\"L'\u00e9quipe du Mus\u00e9e -\",\"isPartOf\":{\"@id\":\"https:\\\/\\\/museenationaldelaphotographie.com\\\/#website\"},\"datePublished\":\"2020-03-31T15:34:49+00:00\",\"dateModified\":\"2025-08-22T16:19:36+00:00\",\"description\":\"Le Mus\u00e9e National de la Photographie Desjardins est un organisme \u00e0 but non lucratif. Son conseil d\u2019administration est \u00e9lu parmi les membres du Mus\u00e9e.\",\"breadcrumb\":{\"@id\":\"https:\\\/\\\/museenationaldelaphotographie.com\\\/administration#breadcrumb\"},\"inLanguage\":\"en-CA\",\"potentialAction\":[{\"@type\":\"ReadAction\",\"target\":[\"https:\\\/\\\/museenationaldelaphotographie.com\\\/administration\"]}]},{\"@type\":\"BreadcrumbList\",\"@id\":\"https:\\\/\\\/museenationaldelaphotographie.com\\\/administration#breadcrumb\",\"itemListElement\":[{\"@type\":\"ListItem\",\"position\":1,\"name\":\"Accueil\",\"item\":\"https:\\\/\\\/museenationaldelaphotographie.com\\\/\"},{\"@type\":\"ListItem\",\"position\":2,\"name\":\"L&rsquo;\u00c9QUIPE\"}]},{\"@type\":\"WebSite\",\"@id\":\"https:\\\/\\\/museenationaldelaphotographie.com\\\/#website\",\"url\":\"https:\\\/\\\/museenationaldelaphotographie.com\\\/\",\"name\":\"\",\"description\":\"\",\"potentialAction\":[{\"@type\":\"SearchAction\",\"target\":{\"@type\":\"EntryPoint\",\"urlTemplate\":\"https:\\\/\\\/museenationaldelaphotographie.com\\\/?s={search_term_string}\"},\"query-input\":{\"@type\":\"PropertyValueSpecification\",\"valueRequired\":true,\"valueName\":\"search_term_string\"}}],\"inLanguage\":\"en-CA\"}]}<\/script>\n<!-- \/ Yoast SEO plugin. -->","yoast_head_json":{"title":"L'\u00e9quipe du Mus\u00e9e -","description":"Le Mus\u00e9e National de la Photographie Desjardins est un organisme \u00e0 but non lucratif. Son conseil d\u2019administration est \u00e9lu parmi les membres du Mus\u00e9e.","robots":{"index":"index","follow":"follow","max-snippet":"max-snippet:-1","max-image-preview":"max-image-preview:large","max-video-preview":"max-video-preview:-1"},"canonical":"https:\/\/museenationaldelaphotographie.com\/en\/administration\/","og_locale":"en_US","og_type":"article","og_title":"L'\u00e9quipe du Mus\u00e9e -","og_description":"Le Mus\u00e9e National de la Photographie Desjardins est un organisme \u00e0 but non lucratif. Son conseil d\u2019administration est \u00e9lu parmi les membres du Mus\u00e9e.","og_url":"https:\/\/museenationaldelaphotographie.com\/en\/administration\/","article_modified_time":"2025-08-22T16:19:36+00:00","twitter_card":"summary_large_image","twitter_misc":{"Est. reading time":"1 minute"},"schema":{"@context":"https:\/\/schema.org","@graph":[{"@type":"WebPage","@id":"https:\/\/museenationaldelaphotographie.com\/administration","url":"https:\/\/museenationaldelaphotographie.com\/administration","name":"L'\u00e9quipe du Mus\u00e9e -","isPartOf":{"@id":"https:\/\/museenationaldelaphotographie.com\/#website"},"datePublished":"2020-03-31T15:34:49+00:00","dateModified":"2025-08-22T16:19:36+00:00","description":"Le Mus\u00e9e National de la Photographie Desjardins est un organisme \u00e0 but non lucratif. Son conseil d\u2019administration est \u00e9lu parmi les membres du Mus\u00e9e.","breadcrumb":{"@id":"https:\/\/museenationaldelaphotographie.com\/administration#breadcrumb"},"inLanguage":"en-CA","potentialAction":[{"@type":"ReadAction","target":["https:\/\/museenationaldelaphotographie.com\/administration"]}]},{"@type":"BreadcrumbList","@id":"https:\/\/museenationaldelaphotographie.com\/administration#breadcrumb","itemListElement":[{"@type":"ListItem","position":1,"name":"Accueil","item":"https:\/\/museenationaldelaphotographie.com\/"},{"@type":"ListItem","position":2,"name":"L&rsquo;\u00c9QUIPE"}]},{"@type":"WebSite","@id":"https:\/\/museenationaldelaphotographie.com\/#website","url":"https:\/\/museenationaldelaphotographie.com\/","name":"","description":"","potentialAction":[{"@type":"SearchAction","target":{"@type":"EntryPoint","urlTemplate":"https:\/\/museenationaldelaphotographie.com\/?s={search_term_string}"},"query-input":{"@type":"PropertyValueSpecification","valueRequired":true,"valueName":"search_term_string"}}],"inLanguage":"en-CA"}]}},"jetpack_sharing_enabled":true,"_links":{"self":[{"href":"https:\/\/museenationaldelaphotographie.com\/en\/wp-json\/wp\/v2\/pages\/458","targetHints":{"allow":["GET"]}}],"collection":[{"href":"https:\/\/museenationaldelaphotographie.com\/en\/wp-json\/wp\/v2\/pages"}],"about":[{"href":"https:\/\/museenationaldelaphotographie.com\/en\/wp-json\/wp\/v2\/types\/page"}],"author":[{"embeddable":true,"href":"https:\/\/museenationaldelaphotographie.com\/en\/wp-json\/wp\/v2\/users\/1"}],"replies":[{"embeddable":true,"href":"https:\/\/museenationaldelaphotographie.com\/en\/wp-json\/wp\/v2\/comments?post=458"}],"version-history":[{"count":77,"href":"https:\/\/museenationaldelaphotographie.com\/en\/wp-json\/wp\/v2\/pages\/458\/revisions"}],"predecessor-version":[{"id":5926,"href":"https:\/\/museenationaldelaphotographie.com\/en\/wp-json\/wp\/v2\/pages\/458\/revisions\/5926"}],"wp:attachment":[{"href":"https:\/\/museenationaldelaphotographie.com\/en\/wp-json\/wp\/v2\/media?parent=458"}],"curies":[{"name":"wp","href":"https:\/\/api.w.org\/{rel}","templated":true}]}}