{"id":4562,"date":"2024-01-29T19:56:39","date_gmt":"2024-01-29T19:56:39","guid":{"rendered":"https:\/\/museenationaldelaphotographie.com\/?page_id=4562"},"modified":"2024-02-05T15:33:40","modified_gmt":"2024-02-05T15:33:40","slug":"vernissage-3-fevrier-2024","status":"publish","type":"page","link":"https:\/\/museenationaldelaphotographie.com\/en\/vernissage-3-fevrier-2024","title":{"rendered":"Vernissage 3 f\u00e9vrier 2024"},"content":{"rendered":"<div data-elementor-type=\"wp-page\" data-elementor-id=\"4562\" class=\"elementor elementor-4562\">\n\t\t\t\t\t\t<section class=\"elementor-section elementor-top-section elementor-element elementor-element-62fd21e4 elementor-section-boxed elementor-section-height-default elementor-section-height-default\" data-id=\"62fd21e4\" data-element_type=\"section\" data-e-type=\"section\">\n\t\t\t\t\t\t<div class=\"elementor-container elementor-column-gap-default\">\n\t\t\t\t\t<div class=\"elementor-column elementor-col-100 elementor-top-column elementor-element elementor-element-f06a7b7\" data-id=\"f06a7b7\" data-element_type=\"column\" data-e-type=\"column\">\n\t\t\t<div class=\"elementor-widget-wrap elementor-element-populated\">\n\t\t\t\t\t\t<div class=\"elementor-element elementor-element-d1c54dc elementor-widget elementor-widget-image\" data-id=\"d1c54dc\" data-element_type=\"widget\" data-e-type=\"widget\" data-widget_type=\"image.default\">\n\t\t\t\t<div class=\"elementor-widget-container\">\n\t\t\t\t\t\t\t\t\t\t\t\t\t\t\t<img fetchpriority=\"high\" decoding=\"async\" width=\"1536\" height=\"742\" src=\"https:\/\/i0.wp.com\/museenationaldelaphotographie.com\/wp-content\/uploads\/2024\/01\/expo-permanente-musee-photographie-drummondville-pano.jpg?fit=1536%2C742&amp;ssl=1\" class=\"attachment-1536x1536 size-1536x1536 wp-image-4564\" alt=\"Exposition du Mus\u00e9e de la photographie\" srcset=\"https:\/\/i0.wp.com\/museenationaldelaphotographie.com\/wp-content\/uploads\/2024\/01\/expo-permanente-musee-photographie-drummondville-pano.jpg?w=1920&amp;ssl=1 1920w, https:\/\/i0.wp.com\/museenationaldelaphotographie.com\/wp-content\/uploads\/2024\/01\/expo-permanente-musee-photographie-drummondville-pano.jpg?resize=300%2C145&amp;ssl=1 300w, https:\/\/i0.wp.com\/museenationaldelaphotographie.com\/wp-content\/uploads\/2024\/01\/expo-permanente-musee-photographie-drummondville-pano.jpg?resize=1024%2C495&amp;ssl=1 1024w, https:\/\/i0.wp.com\/museenationaldelaphotographie.com\/wp-content\/uploads\/2024\/01\/expo-permanente-musee-photographie-drummondville-pano.jpg?resize=768%2C371&amp;ssl=1 768w, https:\/\/i0.wp.com\/museenationaldelaphotographie.com\/wp-content\/uploads\/2024\/01\/expo-permanente-musee-photographie-drummondville-pano.jpg?resize=1536%2C742&amp;ssl=1 1536w, https:\/\/i0.wp.com\/museenationaldelaphotographie.com\/wp-content\/uploads\/2024\/01\/expo-permanente-musee-photographie-drummondville-pano.jpg?resize=18%2C9&amp;ssl=1 18w\" sizes=\"(max-width: 767px) 89vw, (max-width: 1000px) 54vw, (max-width: 1071px) 543px, 580px\" \/>\t\t\t\t\t\t\t\t\t\t\t\t\t\t\t<\/div>\n\t\t\t\t<\/div>\n\t\t\t\t<div class=\"elementor-element elementor-element-318bc3fb elementor-widget elementor-widget-text-editor\" data-id=\"318bc3fb\" data-element_type=\"widget\" data-e-type=\"widget\" data-widget_type=\"text-editor.default\">\n\t\t\t\t<div class=\"elementor-widget-container\">\n\t\t\t\t\t\t\t\t\t<p>COMMUNIQU\u00c9 DE PRESSE<\/p><p><span style=\"color: #e3e3e3;\"><strong>Le Mus\u00e9e de la photographie Desjardins de Drummondville d\u00e9bute 2024 en grand!<\/strong><\/span><\/p><p><span style=\"color: #e3e3e3;\">Quatre nouvelles expositions seront inaugur\u00e9es le samedi 3 f\u00e9vrier \u00e0 15 h au Mus\u00e9e de la photographie Desjardins. Ce vernissage est une belle opportunit\u00e9 de rencontrer les photographes et les concepteurs, ainsi que tous ceux qui ont contribu\u00e9 \u00e0 ces projets.<\/span><\/p><p><span style=\"color: #e3e3e3;\">L\u2019\u00e9v\u00e9nement sera marqu\u00e9 par l\u2019ouverture de la premi\u00e8re exposition permanente du Mus\u00e9e, <em>Survol de la collection<\/em>, mettant en valeur une infime partie de sa magnifique collection d\u2019appareils photographiques. De la <em>camera obscura<\/em> \u00e0 l\u2019intelligence artificielle, c\u2019est une \u00e9volution technologique incroyable qui s\u2019est d\u00e9ploy\u00e9e de 1820 jusqu\u2019\u00e0 aujourd\u2019hui. Par cette exposition, Ga\u00e9tan Joubert qui est responsable de la collection du Mus\u00e9e, souhaitait remonter le fil du temps du d\u00e9but de la photographie aux plus r\u00e9centes d\u00e9couvertes photographiques.<\/span><\/p><p><span style=\"color: #e3e3e3;\">Trois expositions temporaires prennent aussi l\u2019affiche en proposant des approches photographiques tr\u00e8s diff\u00e9rentes les unes des autres, de mani\u00e8re \u00e0 rejoindre un public dont les int\u00e9r\u00eats sont tr\u00e8s diversifi\u00e9s.<\/span><\/p><p><span style=\"color: #e3e3e3;\">L\u2019exposition <em>Le Culte de Vienne 48<\/em> du photographe Robert Duchesnay rend hommage au film <i>Le <\/i>t<i>roisi\u00e8me homme<\/i> (\u00abThe Third Man \u00bb) de Carol Reed, inspir\u00e9 du roman de Graham Greene. Cette recherche photographique en noir et blanc retrace les m\u00eames sites qui ont \u00e9t\u00e9 film\u00e9s \u00e0 Vienne en 1948. Ce travail de m\u00e9moire fait r\u00e9f\u00e9rence \u00e0 l\u2019occupation de l\u2019Autriche apr\u00e8s la Seconde Guerre mondiale, \u00e0 la mort myst\u00e9rieuse d\u2019un \u00eatre cher, ainsi qu&rsquo;\u00e0 la nostalgie d\u2019une \u00e9poque qui semble r\u00e9volue mais qui perdure en raison des guerres.<\/span><\/p><p><span style=\"color: #e3e3e3;\">Dans une toute autre approche, Denis Hunter pr\u00e9sente l\u2019exposition <em>Vues naturelles<\/em>, un corpus de\u00a0 photographies en couleurs montrant la beaut\u00e9 de la nature et sa force. Le photographe y met en \u00e9vidence la relation que les \u00e9l\u00e9ments naturels entretiennent entre eux. L\u2019eau sous toutes ses formes y occupe une place pr\u00e9pond\u00e9rante, Hunter la consid\u00e8re comme une repr\u00e9sentation \u00ab du temps atmosph\u00e9rique \u00bb tout en \u00e9tant \u00ab r\u00e9v\u00e9latrice de la temporalit\u00e9 \u00bb.<\/span><\/p><p><span style=\"color: #e3e3e3;\">La mer vous manque peut\u2010\u00eatre&#8230; L\u2019exposition <em>Blue Mood<\/em> de Jean\u2010Luc Wolff propose d\u2019invitant paysages baln\u00e9aires du Maine. Ces photographies traduisent visuellement et \u00e9motionnellement l\u2019expression\u00a0<\/span><span style=\"color: #e3e3e3; font-family: Calibri, sans-serif; font-size: 12pt; font-weight: var( --e-global-typography-text-font-weight );\">\u00ab avoir les bleus \u00bb,\u00a0<\/span><span style=\"color: #e3e3e3;\">puisque leur rendu bleut\u00e9 est quasi\u2010monochrome. L\u2019ambiance feutr\u00e9e et brumeuse \u00e9voque un sentiment de nostalgie et de romantisme. La repr\u00e9sentation humaine reste floue mettant ainsi l\u2019accent sur l\u2019\u00e9motion et la contemplation de plages infinies.<\/span><\/p><p><span style=\"color: #e3e3e3;\">Le Mus\u00e9e de la photographie Desjardins remercie chaleureusement ces cr\u00e9ateurs pour leur g\u00e9n\u00e9reuse proposition artistique et historique qui marque le d\u00e9but de la programmation 2024. Des remerciements particuliers vont aussi \u00e0 la Ville de Drummondville, \u00e0 la MRC de Drummond ainsi qu\u2019\u00e0 la Caisse Desjardins de Drummondville pour leur soutien ind\u00e9fectible.<\/span><\/p><p><span style=\"color: #e3e3e3;\">Rappelons que le public pourra b\u00e9n\u00e9ficier de cette nouvelle programmation d\u00e8s le 31 janvier jusqu\u2019au dimanche 9 juin pour les expositions temporaires. Le public est invit\u00e9 au vernissage le samedi 3 f\u00e9vrier \u00e0 15 h. Les heures d\u2019ouverture du Mus\u00e9e sont du mercredi au dimanche de 13 h \u00e0 17 h.<\/span><\/p><p><span style=\"color: #e3e3e3;\">Pour plus d\u2019informations : museenationaldelaphotographie.com<\/span><\/p><p><span style=\"color: #e3e3e3;\">Source : Jocelyne Fortin, directrice g\u00e9n\u00e9rale<\/span><br \/><span style=\"color: #e3e3e3;\">819 474-\u00ad\u20105782<\/span><br \/><span style=\"color: #e3e3e3;\">museedelaphoto@gmail.c<\/span><span style=\"color: #e3e3e3; font-family: Calibri, sans-serif;\">omxx<\/span><\/p>\t\t\t\t\t\t\t\t<\/div>\n\t\t\t\t<\/div>\n\t\t\t\t\t<\/div>\n\t\t<\/div>\n\t\t\t\t\t<\/div>\n\t\t<\/section>\n\t\t\t\t<\/div>","protected":false},"excerpt":{"rendered":"<p>COMMUNIQU\u00c9 DE PRESSE Le Mus\u00e9e de la photographie Desjardins de Drummondville d\u00e9bute 2024 en grand! Quatre nouvelles expositions seront inaugur\u00e9es le samedi 3 f\u00e9vrier \u00e0 15 h au Mus\u00e9e de la photographie Desjardins. Ce vernissage est une belle opportunit\u00e9 de rencontrer les photographes et les concepteurs, ainsi que tous ceux qui ont contribu\u00e9 \u00e0 ces &hellip; <\/p>\n<p class=\"link-more\"><a href=\"https:\/\/museenationaldelaphotographie.com\/en\/vernissage-3-fevrier-2024\" class=\"more-link\">Continue reading<span class=\"screen-reader-text\"> \u00ab\u00a0Vernissage 3 f\u00e9vrier 2024\u00a0\u00bb<\/span><\/a><\/p>","protected":false},"author":1,"featured_media":0,"parent":0,"menu_order":0,"comment_status":"closed","ping_status":"closed","template":"","meta":{"ngg_post_thumbnail":0,"footnotes":""},"class_list":["post-4562","page","type-page","status-publish","hentry"],"yoast_head":"<!-- This site is optimized with the Yoast SEO plugin v27.4 - https:\/\/yoast.com\/product\/yoast-seo-wordpress\/ -->\n<title>Vernissage 3 f\u00e9vrier 2024 -<\/title>\n<meta name=\"description\" content=\"Vernissage de la nouvelle exposition permanente du Mus\u00e9e de la Photographie Desjardins de Drummondville : Survol de la collection.\" \/>\n<meta name=\"robots\" content=\"index, follow, max-snippet:-1, max-image-preview:large, max-video-preview:-1\" \/>\n<link rel=\"canonical\" href=\"https:\/\/museenationaldelaphotographie.com\/en\/vernissage-3-fevrier-2024\/\" \/>\n<meta property=\"og:locale\" content=\"en_US\" \/>\n<meta property=\"og:type\" content=\"article\" \/>\n<meta property=\"og:title\" content=\"Vernissage 3 f\u00e9vrier 2024 -\" \/>\n<meta property=\"og:description\" content=\"Vernissage de la nouvelle exposition permanente du Mus\u00e9e de la Photographie Desjardins de Drummondville : Survol de la collection.\" \/>\n<meta property=\"og:url\" content=\"https:\/\/museenationaldelaphotographie.com\/en\/vernissage-3-fevrier-2024\/\" \/>\n<meta property=\"article:modified_time\" content=\"2024-02-05T15:33:40+00:00\" \/>\n<meta property=\"og:image\" content=\"https:\/\/museenationaldelaphotographie.com\/wp-content\/uploads\/2024\/01\/expo-permanente-musee-photographie-drummondville-pano-1536x742.jpg\" \/>\n<meta name=\"twitter:card\" content=\"summary_large_image\" \/>\n<meta name=\"twitter:label1\" content=\"Est. reading time\" \/>\n\t<meta name=\"twitter:data1\" content=\"3 minutes\" \/>\n<script type=\"application\/ld+json\" class=\"yoast-schema-graph\">{\"@context\":\"https:\\\/\\\/schema.org\",\"@graph\":[{\"@type\":\"WebPage\",\"@id\":\"https:\\\/\\\/museenationaldelaphotographie.com\\\/vernissage-3-fevrier-2024\",\"url\":\"https:\\\/\\\/museenationaldelaphotographie.com\\\/vernissage-3-fevrier-2024\",\"name\":\"Vernissage 3 f\u00e9vrier 2024 -\",\"isPartOf\":{\"@id\":\"https:\\\/\\\/museenationaldelaphotographie.com\\\/#website\"},\"primaryImageOfPage\":{\"@id\":\"https:\\\/\\\/museenationaldelaphotographie.com\\\/vernissage-3-fevrier-2024#primaryimage\"},\"image\":{\"@id\":\"https:\\\/\\\/museenationaldelaphotographie.com\\\/vernissage-3-fevrier-2024#primaryimage\"},\"thumbnailUrl\":\"https:\\\/\\\/museenationaldelaphotographie.com\\\/wp-content\\\/uploads\\\/2024\\\/01\\\/expo-permanente-musee-photographie-drummondville-pano-1536x742.jpg\",\"datePublished\":\"2024-01-29T19:56:39+00:00\",\"dateModified\":\"2024-02-05T15:33:40+00:00\",\"description\":\"Vernissage de la nouvelle exposition permanente du Mus\u00e9e de la Photographie Desjardins de Drummondville : Survol de la collection.\",\"breadcrumb\":{\"@id\":\"https:\\\/\\\/museenationaldelaphotographie.com\\\/vernissage-3-fevrier-2024#breadcrumb\"},\"inLanguage\":\"en-CA\",\"potentialAction\":[{\"@type\":\"ReadAction\",\"target\":[\"https:\\\/\\\/museenationaldelaphotographie.com\\\/vernissage-3-fevrier-2024\"]}]},{\"@type\":\"ImageObject\",\"inLanguage\":\"en-CA\",\"@id\":\"https:\\\/\\\/museenationaldelaphotographie.com\\\/vernissage-3-fevrier-2024#primaryimage\",\"url\":\"https:\\\/\\\/museenationaldelaphotographie.com\\\/wp-content\\\/uploads\\\/2024\\\/01\\\/expo-permanente-musee-photographie-drummondville-pano-1536x742.jpg\",\"contentUrl\":\"https:\\\/\\\/museenationaldelaphotographie.com\\\/wp-content\\\/uploads\\\/2024\\\/01\\\/expo-permanente-musee-photographie-drummondville-pano-1536x742.jpg\"},{\"@type\":\"BreadcrumbList\",\"@id\":\"https:\\\/\\\/museenationaldelaphotographie.com\\\/vernissage-3-fevrier-2024#breadcrumb\",\"itemListElement\":[{\"@type\":\"ListItem\",\"position\":1,\"name\":\"Accueil\",\"item\":\"https:\\\/\\\/museenationaldelaphotographie.com\\\/\"},{\"@type\":\"ListItem\",\"position\":2,\"name\":\"Vernissage 3 f\u00e9vrier 2024\"}]},{\"@type\":\"WebSite\",\"@id\":\"https:\\\/\\\/museenationaldelaphotographie.com\\\/#website\",\"url\":\"https:\\\/\\\/museenationaldelaphotographie.com\\\/\",\"name\":\"\",\"description\":\"\",\"potentialAction\":[{\"@type\":\"SearchAction\",\"target\":{\"@type\":\"EntryPoint\",\"urlTemplate\":\"https:\\\/\\\/museenationaldelaphotographie.com\\\/?s={search_term_string}\"},\"query-input\":{\"@type\":\"PropertyValueSpecification\",\"valueRequired\":true,\"valueName\":\"search_term_string\"}}],\"inLanguage\":\"en-CA\"}]}<\/script>\n<!-- \/ Yoast SEO plugin. -->","yoast_head_json":{"title":"Vernissage 3 f\u00e9vrier 2024 -","description":"Vernissage de la nouvelle exposition permanente du Mus\u00e9e de la Photographie Desjardins de Drummondville : Survol de la collection.","robots":{"index":"index","follow":"follow","max-snippet":"max-snippet:-1","max-image-preview":"max-image-preview:large","max-video-preview":"max-video-preview:-1"},"canonical":"https:\/\/museenationaldelaphotographie.com\/en\/vernissage-3-fevrier-2024\/","og_locale":"en_US","og_type":"article","og_title":"Vernissage 3 f\u00e9vrier 2024 -","og_description":"Vernissage de la nouvelle exposition permanente du Mus\u00e9e de la Photographie Desjardins de Drummondville : Survol de la collection.","og_url":"https:\/\/museenationaldelaphotographie.com\/en\/vernissage-3-fevrier-2024\/","article_modified_time":"2024-02-05T15:33:40+00:00","og_image":[{"url":"https:\/\/museenationaldelaphotographie.com\/wp-content\/uploads\/2024\/01\/expo-permanente-musee-photographie-drummondville-pano-1536x742.jpg","type":"","width":"","height":""}],"twitter_card":"summary_large_image","twitter_misc":{"Est. reading time":"3 minutes"},"schema":{"@context":"https:\/\/schema.org","@graph":[{"@type":"WebPage","@id":"https:\/\/museenationaldelaphotographie.com\/vernissage-3-fevrier-2024","url":"https:\/\/museenationaldelaphotographie.com\/vernissage-3-fevrier-2024","name":"Vernissage 3 f\u00e9vrier 2024 -","isPartOf":{"@id":"https:\/\/museenationaldelaphotographie.com\/#website"},"primaryImageOfPage":{"@id":"https:\/\/museenationaldelaphotographie.com\/vernissage-3-fevrier-2024#primaryimage"},"image":{"@id":"https:\/\/museenationaldelaphotographie.com\/vernissage-3-fevrier-2024#primaryimage"},"thumbnailUrl":"https:\/\/museenationaldelaphotographie.com\/wp-content\/uploads\/2024\/01\/expo-permanente-musee-photographie-drummondville-pano-1536x742.jpg","datePublished":"2024-01-29T19:56:39+00:00","dateModified":"2024-02-05T15:33:40+00:00","description":"Vernissage de la nouvelle exposition permanente du Mus\u00e9e de la Photographie Desjardins de Drummondville : Survol de la collection.","breadcrumb":{"@id":"https:\/\/museenationaldelaphotographie.com\/vernissage-3-fevrier-2024#breadcrumb"},"inLanguage":"en-CA","potentialAction":[{"@type":"ReadAction","target":["https:\/\/museenationaldelaphotographie.com\/vernissage-3-fevrier-2024"]}]},{"@type":"ImageObject","inLanguage":"en-CA","@id":"https:\/\/museenationaldelaphotographie.com\/vernissage-3-fevrier-2024#primaryimage","url":"https:\/\/museenationaldelaphotographie.com\/wp-content\/uploads\/2024\/01\/expo-permanente-musee-photographie-drummondville-pano-1536x742.jpg","contentUrl":"https:\/\/museenationaldelaphotographie.com\/wp-content\/uploads\/2024\/01\/expo-permanente-musee-photographie-drummondville-pano-1536x742.jpg"},{"@type":"BreadcrumbList","@id":"https:\/\/museenationaldelaphotographie.com\/vernissage-3-fevrier-2024#breadcrumb","itemListElement":[{"@type":"ListItem","position":1,"name":"Accueil","item":"https:\/\/museenationaldelaphotographie.com\/"},{"@type":"ListItem","position":2,"name":"Vernissage 3 f\u00e9vrier 2024"}]},{"@type":"WebSite","@id":"https:\/\/museenationaldelaphotographie.com\/#website","url":"https:\/\/museenationaldelaphotographie.com\/","name":"","description":"","potentialAction":[{"@type":"SearchAction","target":{"@type":"EntryPoint","urlTemplate":"https:\/\/museenationaldelaphotographie.com\/?s={search_term_string}"},"query-input":{"@type":"PropertyValueSpecification","valueRequired":true,"valueName":"search_term_string"}}],"inLanguage":"en-CA"}]}},"jetpack_sharing_enabled":true,"_links":{"self":[{"href":"https:\/\/museenationaldelaphotographie.com\/en\/wp-json\/wp\/v2\/pages\/4562","targetHints":{"allow":["GET"]}}],"collection":[{"href":"https:\/\/museenationaldelaphotographie.com\/en\/wp-json\/wp\/v2\/pages"}],"about":[{"href":"https:\/\/museenationaldelaphotographie.com\/en\/wp-json\/wp\/v2\/types\/page"}],"author":[{"embeddable":true,"href":"https:\/\/museenationaldelaphotographie.com\/en\/wp-json\/wp\/v2\/users\/1"}],"replies":[{"embeddable":true,"href":"https:\/\/museenationaldelaphotographie.com\/en\/wp-json\/wp\/v2\/comments?post=4562"}],"version-history":[{"count":34,"href":"https:\/\/museenationaldelaphotographie.com\/en\/wp-json\/wp\/v2\/pages\/4562\/revisions"}],"predecessor-version":[{"id":4735,"href":"https:\/\/museenationaldelaphotographie.com\/en\/wp-json\/wp\/v2\/pages\/4562\/revisions\/4735"}],"wp:attachment":[{"href":"https:\/\/museenationaldelaphotographie.com\/en\/wp-json\/wp\/v2\/media?parent=4562"}],"curies":[{"name":"wp","href":"https:\/\/api.w.org\/{rel}","templated":true}]}}