{"id":455,"date":"2020-03-31T15:34:49","date_gmt":"2020-03-31T15:34:49","guid":{"rendered":"http:\/\/museenationaldelaphotographie.com\/?page_id=455"},"modified":"2024-05-22T11:44:54","modified_gmt":"2024-05-22T11:44:54","slug":"infolettre","status":"publish","type":"page","link":"https:\/\/museenationaldelaphotographie.com\/en\/infolettre","title":{"rendered":"NEWSLETTER"},"content":{"rendered":"<div data-elementor-type=\"wp-page\" data-elementor-id=\"455\" class=\"elementor elementor-455\">\n\t\t\t\t\t\t<section class=\"elementor-section elementor-top-section elementor-element elementor-element-33254a4e elementor-section-stretched elementor-section-boxed elementor-section-height-default elementor-section-height-default\" data-id=\"33254a4e\" data-element_type=\"section\" data-e-type=\"section\" data-settings=\"{&quot;stretch_section&quot;:&quot;section-stretched&quot;}\">\n\t\t\t\t\t\t<div class=\"elementor-container elementor-column-gap-default\">\n\t\t\t\t\t<div class=\"elementor-column elementor-col-100 elementor-top-column elementor-element elementor-element-230700ff\" data-id=\"230700ff\" data-element_type=\"column\" data-e-type=\"column\">\n\t\t\t<div class=\"elementor-widget-wrap elementor-element-populated\">\n\t\t\t\t\t\t<div class=\"elementor-element elementor-element-7d5475e1 elementor-widget elementor-widget-text-editor\" data-id=\"7d5475e1\" data-element_type=\"widget\" data-e-type=\"widget\" data-widget_type=\"text-editor.default\">\n\t\t\t\t<div class=\"elementor-widget-container\">\n\t\t\t\t\t\t\t\t\t<p><\/p>\n<p style=\"text-align: center;\"><span style=\"font-family: arial, helvetica, sans-serif; color: #ffffff; font-size: 35px;\">INFOLETTRE DU MUS\u00c9E<\/span><\/p>\n<p><span style=\"font-size: 14pt; font-family: arial, helvetica, sans-serif; color: #ffffff;\"><span style=\"font-size: 19px;\">Vous aimeriez en savoir davantage sur le Mus\u00e9e? Vous d\u00e9sirez demeurer \u00e0 jour par rapport aux diff\u00e9rents \u00e9v\u00e9nements et expositions? Abonnez-vous \u00e0 notre infolettre pour ne ri<\/span>en manquer!<\/span><\/p>\n<p><\/p>\n<form accept-charset=\"UTF-8\" action=\"http:\/\/suivi.lnk01.com\/oi\/443\/7aaa93a8ae29c8a0854b0dabcf4e6e46\" method=\"get\" name=\"oi_form\">\n<p>Email: <input name=\"email\" type=\"text\" \/><br \/>Name: <input name=\"Nom\" type=\"text\" \/><br \/>City: <input name=\"Ville\" type=\"text\" \/><br \/>Age: <input name=\"Age\" type=\"text\" \/><br \/><input name=\"goto\" type=\"hidden\" value=\"\" \/> <input name=\"iehack\" type=\"hidden\" value=\"\u2620\" \/><\/p>\n<p><span style=\"font-size: 10pt;\"><em>We use an automatized marketing platform in order to manage the relation with our clients and to send promotional emails. By clicking on \"Register\", you agree that the information given to us be transmitted in compliance with our confidentiality policy and our terms of use.<\/em><\/span><\/p>\n<p><input type=\"submit\" value=\"Register\" \/><\/p>\n<\/form>\n<p><!-- \/wp:buttons --><\/p>\n<p><!-- wp:paragraph --><\/p>\n<p>\u00a0<\/p>\n<p><!-- \/wp:paragraph --><\/p>\t\t\t\t\t\t\t\t<\/div>\n\t\t\t\t<\/div>\n\t\t\t\t\t<\/div>\n\t\t<\/div>\n\t\t\t\t\t<\/div>\n\t\t<\/section>\n\t\t\t\t<\/div>","protected":false},"excerpt":{"rendered":"<p>INFOLETTRE DU MUS\u00c9E Vous aimeriez en savoir davantage sur le Mus\u00e9e? Vous d\u00e9sirez demeurer \u00e0 jour par rapport aux diff\u00e9rents \u00e9v\u00e9nements et expositions? Abonnez-vous \u00e0 notre infolettre pour ne rien manquer! Courriel: Nom: Ville: Age: Nous utilisons une plateforme automatis\u00e9e de marketing dans le but de g\u00e9rer la relation avec nos clients et leur envoyer &hellip; <\/p>\n<p class=\"link-more\"><a href=\"https:\/\/museenationaldelaphotographie.com\/en\/infolettre\" class=\"more-link\">Continue reading<span class=\"screen-reader-text\"> \u00ab\u00a0INFOLETTRE\u00a0\u00bb<\/span><\/a><\/p>","protected":false},"author":1,"featured_media":1269,"parent":0,"menu_order":0,"comment_status":"closed","ping_status":"closed","template":"","meta":{"ngg_post_thumbnail":0,"footnotes":""},"class_list":["post-455","page","type-page","status-publish","has-post-thumbnail","hentry"],"yoast_head":"<!-- This site is optimized with the Yoast SEO plugin v27.4 - https:\/\/yoast.com\/product\/yoast-seo-wordpress\/ -->\n<title>Infolettre -<\/title>\n<meta name=\"description\" content=\"Inscrivez-vous \u00e0 notre infolettre afin de ne rien manquer des nouveaut\u00e9s ainsi que des \u00e9v\u00e8nements du Mus\u00e9e de la photographie de Drummondville.\" \/>\n<meta name=\"robots\" content=\"index, follow, max-snippet:-1, max-image-preview:large, max-video-preview:-1\" \/>\n<link rel=\"canonical\" href=\"https:\/\/museenationaldelaphotographie.com\/en\/infolettre\/\" \/>\n<meta property=\"og:locale\" content=\"en_US\" \/>\n<meta property=\"og:type\" content=\"article\" \/>\n<meta property=\"og:title\" content=\"Infolettre -\" \/>\n<meta property=\"og:description\" content=\"Inscrivez-vous \u00e0 notre infolettre afin de ne rien manquer des nouveaut\u00e9s ainsi que des \u00e9v\u00e8nements du Mus\u00e9e de la photographie de Drummondville.\" \/>\n<meta property=\"og:url\" content=\"https:\/\/museenationaldelaphotographie.com\/en\/infolettre\/\" \/>\n<meta property=\"article:modified_time\" content=\"2024-05-22T11:44:54+00:00\" \/>\n<meta property=\"og:image\" content=\"https:\/\/museenationaldelaphotographie.com\/wp-content\/uploads\/2020\/06\/DSC_3570-scaled.jpg\" \/>\n\t<meta property=\"og:image:width\" content=\"2560\" \/>\n\t<meta property=\"og:image:height\" content=\"1700\" \/>\n\t<meta property=\"og:image:type\" content=\"image\/jpeg\" \/>\n<meta name=\"twitter:card\" content=\"summary_large_image\" \/>\n<meta name=\"twitter:label1\" content=\"Est. reading time\" \/>\n\t<meta name=\"twitter:data1\" content=\"1 minute\" \/>\n<script type=\"application\/ld+json\" class=\"yoast-schema-graph\">{\"@context\":\"https:\\\/\\\/schema.org\",\"@graph\":[{\"@type\":\"WebPage\",\"@id\":\"https:\\\/\\\/museenationaldelaphotographie.com\\\/infolettre\",\"url\":\"https:\\\/\\\/museenationaldelaphotographie.com\\\/infolettre\",\"name\":\"Infolettre -\",\"isPartOf\":{\"@id\":\"https:\\\/\\\/museenationaldelaphotographie.com\\\/#website\"},\"primaryImageOfPage\":{\"@id\":\"https:\\\/\\\/museenationaldelaphotographie.com\\\/infolettre#primaryimage\"},\"image\":{\"@id\":\"https:\\\/\\\/museenationaldelaphotographie.com\\\/infolettre#primaryimage\"},\"thumbnailUrl\":\"https:\\\/\\\/i0.wp.com\\\/museenationaldelaphotographie.com\\\/wp-content\\\/uploads\\\/2020\\\/06\\\/DSC_3570-scaled.jpg?fit=2560%2C1700&ssl=1\",\"datePublished\":\"2020-03-31T15:34:49+00:00\",\"dateModified\":\"2024-05-22T11:44:54+00:00\",\"description\":\"Inscrivez-vous \u00e0 notre infolettre afin de ne rien manquer des nouveaut\u00e9s ainsi que des \u00e9v\u00e8nements du Mus\u00e9e de la photographie de Drummondville.\",\"breadcrumb\":{\"@id\":\"https:\\\/\\\/museenationaldelaphotographie.com\\\/infolettre#breadcrumb\"},\"inLanguage\":\"en-CA\",\"potentialAction\":[{\"@type\":\"ReadAction\",\"target\":[\"https:\\\/\\\/museenationaldelaphotographie.com\\\/infolettre\"]}]},{\"@type\":\"ImageObject\",\"inLanguage\":\"en-CA\",\"@id\":\"https:\\\/\\\/museenationaldelaphotographie.com\\\/infolettre#primaryimage\",\"url\":\"https:\\\/\\\/i0.wp.com\\\/museenationaldelaphotographie.com\\\/wp-content\\\/uploads\\\/2020\\\/06\\\/DSC_3570-scaled.jpg?fit=2560%2C1700&ssl=1\",\"contentUrl\":\"https:\\\/\\\/i0.wp.com\\\/museenationaldelaphotographie.com\\\/wp-content\\\/uploads\\\/2020\\\/06\\\/DSC_3570-scaled.jpg?fit=2560%2C1700&ssl=1\",\"width\":2560,\"height\":1700},{\"@type\":\"BreadcrumbList\",\"@id\":\"https:\\\/\\\/museenationaldelaphotographie.com\\\/infolettre#breadcrumb\",\"itemListElement\":[{\"@type\":\"ListItem\",\"position\":1,\"name\":\"Accueil\",\"item\":\"https:\\\/\\\/museenationaldelaphotographie.com\\\/\"},{\"@type\":\"ListItem\",\"position\":2,\"name\":\"INFOLETTRE\"}]},{\"@type\":\"WebSite\",\"@id\":\"https:\\\/\\\/museenationaldelaphotographie.com\\\/#website\",\"url\":\"https:\\\/\\\/museenationaldelaphotographie.com\\\/\",\"name\":\"\",\"description\":\"\",\"potentialAction\":[{\"@type\":\"SearchAction\",\"target\":{\"@type\":\"EntryPoint\",\"urlTemplate\":\"https:\\\/\\\/museenationaldelaphotographie.com\\\/?s={search_term_string}\"},\"query-input\":{\"@type\":\"PropertyValueSpecification\",\"valueRequired\":true,\"valueName\":\"search_term_string\"}}],\"inLanguage\":\"en-CA\"}]}<\/script>\n<!-- \/ Yoast SEO plugin. -->","yoast_head_json":{"title":"Infolettre -","description":"Inscrivez-vous \u00e0 notre infolettre afin de ne rien manquer des nouveaut\u00e9s ainsi que des \u00e9v\u00e8nements du Mus\u00e9e de la photographie de Drummondville.","robots":{"index":"index","follow":"follow","max-snippet":"max-snippet:-1","max-image-preview":"max-image-preview:large","max-video-preview":"max-video-preview:-1"},"canonical":"https:\/\/museenationaldelaphotographie.com\/en\/infolettre\/","og_locale":"en_US","og_type":"article","og_title":"Infolettre -","og_description":"Inscrivez-vous \u00e0 notre infolettre afin de ne rien manquer des nouveaut\u00e9s ainsi que des \u00e9v\u00e8nements du Mus\u00e9e de la photographie de Drummondville.","og_url":"https:\/\/museenationaldelaphotographie.com\/en\/infolettre\/","article_modified_time":"2024-05-22T11:44:54+00:00","og_image":[{"width":2560,"height":1700,"url":"https:\/\/museenationaldelaphotographie.com\/wp-content\/uploads\/2020\/06\/DSC_3570-scaled.jpg","type":"image\/jpeg"}],"twitter_card":"summary_large_image","twitter_misc":{"Est. reading time":"1 minute"},"schema":{"@context":"https:\/\/schema.org","@graph":[{"@type":"WebPage","@id":"https:\/\/museenationaldelaphotographie.com\/infolettre","url":"https:\/\/museenationaldelaphotographie.com\/infolettre","name":"Infolettre -","isPartOf":{"@id":"https:\/\/museenationaldelaphotographie.com\/#website"},"primaryImageOfPage":{"@id":"https:\/\/museenationaldelaphotographie.com\/infolettre#primaryimage"},"image":{"@id":"https:\/\/museenationaldelaphotographie.com\/infolettre#primaryimage"},"thumbnailUrl":"https:\/\/i0.wp.com\/museenationaldelaphotographie.com\/wp-content\/uploads\/2020\/06\/DSC_3570-scaled.jpg?fit=2560%2C1700&ssl=1","datePublished":"2020-03-31T15:34:49+00:00","dateModified":"2024-05-22T11:44:54+00:00","description":"Inscrivez-vous \u00e0 notre infolettre afin de ne rien manquer des nouveaut\u00e9s ainsi que des \u00e9v\u00e8nements du Mus\u00e9e de la photographie de Drummondville.","breadcrumb":{"@id":"https:\/\/museenationaldelaphotographie.com\/infolettre#breadcrumb"},"inLanguage":"en-CA","potentialAction":[{"@type":"ReadAction","target":["https:\/\/museenationaldelaphotographie.com\/infolettre"]}]},{"@type":"ImageObject","inLanguage":"en-CA","@id":"https:\/\/museenationaldelaphotographie.com\/infolettre#primaryimage","url":"https:\/\/i0.wp.com\/museenationaldelaphotographie.com\/wp-content\/uploads\/2020\/06\/DSC_3570-scaled.jpg?fit=2560%2C1700&ssl=1","contentUrl":"https:\/\/i0.wp.com\/museenationaldelaphotographie.com\/wp-content\/uploads\/2020\/06\/DSC_3570-scaled.jpg?fit=2560%2C1700&ssl=1","width":2560,"height":1700},{"@type":"BreadcrumbList","@id":"https:\/\/museenationaldelaphotographie.com\/infolettre#breadcrumb","itemListElement":[{"@type":"ListItem","position":1,"name":"Accueil","item":"https:\/\/museenationaldelaphotographie.com\/"},{"@type":"ListItem","position":2,"name":"INFOLETTRE"}]},{"@type":"WebSite","@id":"https:\/\/museenationaldelaphotographie.com\/#website","url":"https:\/\/museenationaldelaphotographie.com\/","name":"","description":"","potentialAction":[{"@type":"SearchAction","target":{"@type":"EntryPoint","urlTemplate":"https:\/\/museenationaldelaphotographie.com\/?s={search_term_string}"},"query-input":{"@type":"PropertyValueSpecification","valueRequired":true,"valueName":"search_term_string"}}],"inLanguage":"en-CA"}]}},"jetpack_sharing_enabled":true,"_links":{"self":[{"href":"https:\/\/museenationaldelaphotographie.com\/en\/wp-json\/wp\/v2\/pages\/455","targetHints":{"allow":["GET"]}}],"collection":[{"href":"https:\/\/museenationaldelaphotographie.com\/en\/wp-json\/wp\/v2\/pages"}],"about":[{"href":"https:\/\/museenationaldelaphotographie.com\/en\/wp-json\/wp\/v2\/types\/page"}],"author":[{"embeddable":true,"href":"https:\/\/museenationaldelaphotographie.com\/en\/wp-json\/wp\/v2\/users\/1"}],"replies":[{"embeddable":true,"href":"https:\/\/museenationaldelaphotographie.com\/en\/wp-json\/wp\/v2\/comments?post=455"}],"version-history":[{"count":21,"href":"https:\/\/museenationaldelaphotographie.com\/en\/wp-json\/wp\/v2\/pages\/455\/revisions"}],"predecessor-version":[{"id":5324,"href":"https:\/\/museenationaldelaphotographie.com\/en\/wp-json\/wp\/v2\/pages\/455\/revisions\/5324"}],"wp:featuredmedia":[{"embeddable":true,"href":"https:\/\/museenationaldelaphotographie.com\/en\/wp-json\/wp\/v2\/media\/1269"}],"wp:attachment":[{"href":"https:\/\/museenationaldelaphotographie.com\/en\/wp-json\/wp\/v2\/media?parent=455"}],"curies":[{"name":"wp","href":"https:\/\/api.w.org\/{rel}","templated":true}]}}