{"id":4438,"date":"2023-04-24T16:12:30","date_gmt":"2023-04-24T16:12:30","guid":{"rendered":"https:\/\/museenationaldelaphotographie.com\/?page_id=4438"},"modified":"2026-03-31T13:02:25","modified_gmt":"2026-03-31T13:02:25","slug":"tarifs","status":"publish","type":"page","link":"https:\/\/museenationaldelaphotographie.com\/en\/tarifs","title":{"rendered":"TARIFS"},"content":{"rendered":"<div data-elementor-type=\"wp-page\" data-elementor-id=\"4438\" class=\"elementor elementor-4438\">\n\t\t\t\t\t\t<section class=\"elementor-section elementor-top-section elementor-element elementor-element-b64689f elementor-section-boxed elementor-section-height-default elementor-section-height-default\" data-id=\"b64689f\" data-element_type=\"section\" data-e-type=\"section\">\n\t\t\t\t\t\t<div class=\"elementor-container elementor-column-gap-default\">\n\t\t\t\t\t<div class=\"elementor-column elementor-col-100 elementor-top-column elementor-element elementor-element-75899a1\" data-id=\"75899a1\" data-element_type=\"column\" data-e-type=\"column\">\n\t\t\t<div class=\"elementor-widget-wrap elementor-element-populated\">\n\t\t\t\t\t\t<div class=\"elementor-element elementor-element-787ca31 elementor-widget elementor-widget-heading\" data-id=\"787ca31\" data-element_type=\"widget\" data-e-type=\"widget\" data-widget_type=\"heading.default\">\n\t\t\t\t<div class=\"elementor-widget-container\">\n\t\t\t\t\t<h2 class=\"elementor-heading-title elementor-size-default\">LES TARIFS<\/h2>\t\t\t\t<\/div>\n\t\t\t\t<\/div>\n\t\t\t\t\t<\/div>\n\t\t<\/div>\n\t\t\t\t\t<\/div>\n\t\t<\/section>\n\t\t\t\t<section class=\"elementor-section elementor-top-section elementor-element elementor-element-8520478 elementor-section-stretched elementor-section-boxed elementor-section-height-default elementor-section-height-default\" data-id=\"8520478\" data-element_type=\"section\" data-e-type=\"section\" data-settings=\"{&quot;stretch_section&quot;:&quot;section-stretched&quot;}\">\n\t\t\t\t\t\t<div class=\"elementor-container elementor-column-gap-default\">\n\t\t\t\t\t<div class=\"elementor-column elementor-col-100 elementor-top-column elementor-element elementor-element-fd69252\" data-id=\"fd69252\" data-element_type=\"column\" data-e-type=\"column\">\n\t\t\t<div class=\"elementor-widget-wrap elementor-element-populated\">\n\t\t\t\t\t\t<div class=\"elementor-element elementor-element-abca95d elementor-widget elementor-widget-heading\" data-id=\"abca95d\" data-element_type=\"widget\" data-e-type=\"widget\" data-widget_type=\"heading.default\">\n\t\t\t\t<div class=\"elementor-widget-container\">\n\t\t\t\t\t<h2 class=\"elementor-heading-title elementor-size-default\">GUIDED TOUR<\/h2>\t\t\t\t<\/div>\n\t\t\t\t<\/div>\n\t\t\t\t\t<\/div>\n\t\t<\/div>\n\t\t\t\t\t<\/div>\n\t\t<\/section>\n\t\t\t\t<section class=\"elementor-section elementor-top-section elementor-element elementor-element-17f61fb elementor-section-stretched elementor-section-boxed elementor-section-height-default elementor-section-height-default\" data-id=\"17f61fb\" data-element_type=\"section\" data-e-type=\"section\" data-settings=\"{&quot;stretch_section&quot;:&quot;section-stretched&quot;}\">\n\t\t\t\t\t\t<div class=\"elementor-container elementor-column-gap-default\">\n\t\t\t\t\t<div class=\"elementor-column elementor-col-100 elementor-top-column elementor-element elementor-element-4d3deb6\" data-id=\"4d3deb6\" data-element_type=\"column\" data-e-type=\"column\">\n\t\t\t<div class=\"elementor-widget-wrap elementor-element-populated\">\n\t\t\t\t\t\t<div class=\"elementor-element elementor-element-3d7a9b2 elementor-widget elementor-widget-text-editor\" data-id=\"3d7a9b2\" data-element_type=\"widget\" data-e-type=\"widget\" data-widget_type=\"text-editor.default\">\n\t\t\t\t<div class=\"elementor-widget-container\">\n\t\t\t\t\t\t\t\t\t<p>Admission g\u00e9n\u00e9rale : 15 $<\/p><p>\u00c9tudiant, ainsi que 65 ans et plus : 10 $<\/p><p>12 ans et moins : Gratuit, sauf en visite de groupe : 10 $<\/p><p>Tarif r\u00e9sidents Drummondville: 7,50$ sous pr\u00e9sentation de la carte Acc\u00e8s loisirs.<\/p><p>Membre Caisse Desjardins de Drummondville ? Informez-vous des rabais.\u00a0\u00a0<\/p>\t\t\t\t\t\t\t\t<\/div>\n\t\t\t\t<\/div>\n\t\t\t\t<div class=\"elementor-element elementor-element-84a9df2 elementor-align-center elementor-widget elementor-widget-button\" data-id=\"84a9df2\" data-element_type=\"widget\" data-e-type=\"widget\" data-widget_type=\"button.default\">\n\t\t\t\t<div class=\"elementor-widget-container\">\n\t\t\t\t\t\t\t\t\t<div class=\"elementor-button-wrapper\">\n\t\t\t\t\t<a class=\"elementor-button elementor-button-link elementor-size-sm\" href=\"https:\/\/www.zeffy.com\/fr-CA\/ticketing\/billetterie-musee-de-la-photographie-desjardins\" target=\"_blank\">\n\t\t\t\t\t\t<span class=\"elementor-button-content-wrapper\">\n\t\t\t\t\t\t\t\t\t<span class=\"elementor-button-text\">BILLETTERIE EN LIGNE<\/span>\n\t\t\t\t\t<\/span>\n\t\t\t\t\t<\/a>\n\t\t\t\t<\/div>\n\t\t\t\t\t\t\t\t<\/div>\n\t\t\t\t<\/div>\n\t\t\t\t\t<\/div>\n\t\t<\/div>\n\t\t\t\t\t<\/div>\n\t\t<\/section>\n\t\t\t\t<section class=\"elementor-section elementor-top-section elementor-element elementor-element-5403f46 elementor-section-stretched elementor-section-boxed elementor-section-height-default elementor-section-height-default\" data-id=\"5403f46\" data-element_type=\"section\" data-e-type=\"section\" data-settings=\"{&quot;stretch_section&quot;:&quot;section-stretched&quot;}\">\n\t\t\t\t\t\t<div class=\"elementor-container elementor-column-gap-default\">\n\t\t\t\t\t<div class=\"elementor-column elementor-col-100 elementor-top-column elementor-element elementor-element-4aa94c1\" data-id=\"4aa94c1\" data-element_type=\"column\" data-e-type=\"column\">\n\t\t\t<div class=\"elementor-widget-wrap elementor-element-populated\">\n\t\t\t\t\t\t<div class=\"elementor-element elementor-element-dd60559 elementor-widget elementor-widget-heading\" data-id=\"dd60559\" data-element_type=\"widget\" data-e-type=\"widget\" data-widget_type=\"heading.default\">\n\t\t\t\t<div class=\"elementor-widget-container\">\n\t\t\t\t\t<h2 class=\"elementor-heading-title elementor-size-default\">VISITE DE GROUPE ET ACTIVIT\u00c9 CORPORATIVE<\/h2>\t\t\t\t<\/div>\n\t\t\t\t<\/div>\n\t\t\t\t\t<\/div>\n\t\t<\/div>\n\t\t\t\t\t<\/div>\n\t\t<\/section>\n\t\t\t\t<section class=\"elementor-section elementor-top-section elementor-element elementor-element-05de838 elementor-section-stretched elementor-section-boxed elementor-section-height-default elementor-section-height-default\" data-id=\"05de838\" data-element_type=\"section\" data-e-type=\"section\" data-settings=\"{&quot;stretch_section&quot;:&quot;section-stretched&quot;}\">\n\t\t\t\t\t\t<div class=\"elementor-container elementor-column-gap-default\">\n\t\t\t\t\t<div class=\"elementor-column elementor-col-100 elementor-top-column elementor-element elementor-element-a4882f7\" data-id=\"a4882f7\" data-element_type=\"column\" data-e-type=\"column\">\n\t\t\t<div class=\"elementor-widget-wrap elementor-element-populated\">\n\t\t\t\t\t\t<div class=\"elementor-element elementor-element-e7c9545 elementor-widget elementor-widget-text-editor\" data-id=\"e7c9545\" data-element_type=\"widget\" data-e-type=\"widget\" data-widget_type=\"text-editor.default\">\n\t\t\t\t<div class=\"elementor-widget-container\">\n\t\t\t\t\t\t\t\t\t<p>Contactez-nous au 819 474-5782 pour r\u00e9server une visite sur mesure ou cr\u00e9er un \u00e9v\u00e9nement \u00e0 la hauteur de vos attentes.\u00a0<\/p><p style=\"margin-left: 18pt;\" align=\"left\">\u00a0<\/p>\t\t\t\t\t\t\t\t<\/div>\n\t\t\t\t<\/div>\n\t\t\t\t\t<\/div>\n\t\t<\/div>\n\t\t\t\t\t<\/div>\n\t\t<\/section>\n\t\t\t\t<section class=\"elementor-section elementor-top-section elementor-element elementor-element-df64c0c elementor-section-boxed elementor-section-height-default elementor-section-height-default\" data-id=\"df64c0c\" data-element_type=\"section\" data-e-type=\"section\">\n\t\t\t\t\t\t<div class=\"elementor-container elementor-column-gap-default\">\n\t\t\t\t\t<div class=\"elementor-column elementor-col-100 elementor-top-column elementor-element elementor-element-402a861\" data-id=\"402a861\" data-element_type=\"column\" data-e-type=\"column\">\n\t\t\t<div class=\"elementor-widget-wrap\">\n\t\t\t\t\t\t\t<\/div>\n\t\t<\/div>\n\t\t\t\t\t<\/div>\n\t\t<\/section>\n\t\t\t\t<\/div>","protected":false},"excerpt":{"rendered":"<p>LES TARIFS VISITE GUID\u00c9E Admission g\u00e9n\u00e9rale : 15 $ \u00c9tudiant, ainsi que 65 ans et plus : 10 $ 12 ans et moins : Gratuit, sauf en visite de groupe : 10 $ Tarif r\u00e9sidents Drummondville: 7,50$ sous pr\u00e9sentation de la carte Acc\u00e8s loisirs. Membre Caisse Desjardins de Drummondville ? Informez-vous des rabais.\u00a0\u00a0 BILLETTERIE EN &hellip; <\/p>\n<p class=\"link-more\"><a href=\"https:\/\/museenationaldelaphotographie.com\/en\/tarifs\" class=\"more-link\">Continue reading<span class=\"screen-reader-text\"> \u00ab\u00a0TARIFS\u00a0\u00bb<\/span><\/a><\/p>","protected":false},"author":1,"featured_media":0,"parent":0,"menu_order":0,"comment_status":"closed","ping_status":"closed","template":"","meta":{"ngg_post_thumbnail":0,"footnotes":""},"class_list":["post-4438","page","type-page","status-publish","hentry"],"yoast_head":"<!-- This site is optimized with the Yoast SEO plugin v27.4 - https:\/\/yoast.com\/product\/yoast-seo-wordpress\/ -->\n<title>Les tarifs -<\/title>\n<meta name=\"description\" content=\"Pour conna\u00eetre les tarifs pour une visite ou une autre activit\u00e9 offerte au Mus\u00e9e de la Photographie Desjardins de Drummondville.\" \/>\n<meta name=\"robots\" content=\"index, follow, max-snippet:-1, max-image-preview:large, max-video-preview:-1\" \/>\n<link rel=\"canonical\" href=\"https:\/\/museenationaldelaphotographie.com\/en\/tarifs\/\" \/>\n<meta property=\"og:locale\" content=\"en_US\" \/>\n<meta property=\"og:type\" content=\"article\" \/>\n<meta property=\"og:title\" content=\"Les tarifs -\" \/>\n<meta property=\"og:description\" content=\"Pour conna\u00eetre les tarifs pour une visite ou une autre activit\u00e9 offerte au Mus\u00e9e de la Photographie Desjardins de Drummondville.\" \/>\n<meta property=\"og:url\" content=\"https:\/\/museenationaldelaphotographie.com\/en\/tarifs\/\" \/>\n<meta property=\"article:modified_time\" content=\"2026-03-31T13:02:25+00:00\" \/>\n<meta name=\"twitter:card\" content=\"summary_large_image\" \/>\n<meta name=\"twitter:label1\" content=\"Est. reading time\" \/>\n\t<meta name=\"twitter:data1\" content=\"1 minute\" \/>\n<script type=\"application\/ld+json\" class=\"yoast-schema-graph\">{\"@context\":\"https:\\\/\\\/schema.org\",\"@graph\":[{\"@type\":\"WebPage\",\"@id\":\"https:\\\/\\\/museenationaldelaphotographie.com\\\/tarifs\",\"url\":\"https:\\\/\\\/museenationaldelaphotographie.com\\\/tarifs\",\"name\":\"Les tarifs -\",\"isPartOf\":{\"@id\":\"https:\\\/\\\/museenationaldelaphotographie.com\\\/#website\"},\"datePublished\":\"2023-04-24T16:12:30+00:00\",\"dateModified\":\"2026-03-31T13:02:25+00:00\",\"description\":\"Pour conna\u00eetre les tarifs pour une visite ou une autre activit\u00e9 offerte au Mus\u00e9e de la Photographie Desjardins de Drummondville.\",\"breadcrumb\":{\"@id\":\"https:\\\/\\\/museenationaldelaphotographie.com\\\/tarifs#breadcrumb\"},\"inLanguage\":\"en-CA\",\"potentialAction\":[{\"@type\":\"ReadAction\",\"target\":[\"https:\\\/\\\/museenationaldelaphotographie.com\\\/tarifs\"]}]},{\"@type\":\"BreadcrumbList\",\"@id\":\"https:\\\/\\\/museenationaldelaphotographie.com\\\/tarifs#breadcrumb\",\"itemListElement\":[{\"@type\":\"ListItem\",\"position\":1,\"name\":\"Accueil\",\"item\":\"https:\\\/\\\/museenationaldelaphotographie.com\\\/\"},{\"@type\":\"ListItem\",\"position\":2,\"name\":\"TARIFS\"}]},{\"@type\":\"WebSite\",\"@id\":\"https:\\\/\\\/museenationaldelaphotographie.com\\\/#website\",\"url\":\"https:\\\/\\\/museenationaldelaphotographie.com\\\/\",\"name\":\"\",\"description\":\"\",\"potentialAction\":[{\"@type\":\"SearchAction\",\"target\":{\"@type\":\"EntryPoint\",\"urlTemplate\":\"https:\\\/\\\/museenationaldelaphotographie.com\\\/?s={search_term_string}\"},\"query-input\":{\"@type\":\"PropertyValueSpecification\",\"valueRequired\":true,\"valueName\":\"search_term_string\"}}],\"inLanguage\":\"en-CA\"}]}<\/script>\n<!-- \/ Yoast SEO plugin. -->","yoast_head_json":{"title":"Les tarifs -","description":"Pour conna\u00eetre les tarifs pour une visite ou une autre activit\u00e9 offerte au Mus\u00e9e de la Photographie Desjardins de Drummondville.","robots":{"index":"index","follow":"follow","max-snippet":"max-snippet:-1","max-image-preview":"max-image-preview:large","max-video-preview":"max-video-preview:-1"},"canonical":"https:\/\/museenationaldelaphotographie.com\/en\/tarifs\/","og_locale":"en_US","og_type":"article","og_title":"Les tarifs -","og_description":"Pour conna\u00eetre les tarifs pour une visite ou une autre activit\u00e9 offerte au Mus\u00e9e de la Photographie Desjardins de Drummondville.","og_url":"https:\/\/museenationaldelaphotographie.com\/en\/tarifs\/","article_modified_time":"2026-03-31T13:02:25+00:00","twitter_card":"summary_large_image","twitter_misc":{"Est. reading time":"1 minute"},"schema":{"@context":"https:\/\/schema.org","@graph":[{"@type":"WebPage","@id":"https:\/\/museenationaldelaphotographie.com\/tarifs","url":"https:\/\/museenationaldelaphotographie.com\/tarifs","name":"Les tarifs -","isPartOf":{"@id":"https:\/\/museenationaldelaphotographie.com\/#website"},"datePublished":"2023-04-24T16:12:30+00:00","dateModified":"2026-03-31T13:02:25+00:00","description":"Pour conna\u00eetre les tarifs pour une visite ou une autre activit\u00e9 offerte au Mus\u00e9e de la Photographie Desjardins de Drummondville.","breadcrumb":{"@id":"https:\/\/museenationaldelaphotographie.com\/tarifs#breadcrumb"},"inLanguage":"en-CA","potentialAction":[{"@type":"ReadAction","target":["https:\/\/museenationaldelaphotographie.com\/tarifs"]}]},{"@type":"BreadcrumbList","@id":"https:\/\/museenationaldelaphotographie.com\/tarifs#breadcrumb","itemListElement":[{"@type":"ListItem","position":1,"name":"Accueil","item":"https:\/\/museenationaldelaphotographie.com\/"},{"@type":"ListItem","position":2,"name":"TARIFS"}]},{"@type":"WebSite","@id":"https:\/\/museenationaldelaphotographie.com\/#website","url":"https:\/\/museenationaldelaphotographie.com\/","name":"","description":"","potentialAction":[{"@type":"SearchAction","target":{"@type":"EntryPoint","urlTemplate":"https:\/\/museenationaldelaphotographie.com\/?s={search_term_string}"},"query-input":{"@type":"PropertyValueSpecification","valueRequired":true,"valueName":"search_term_string"}}],"inLanguage":"en-CA"}]}},"jetpack_sharing_enabled":true,"_links":{"self":[{"href":"https:\/\/museenationaldelaphotographie.com\/en\/wp-json\/wp\/v2\/pages\/4438","targetHints":{"allow":["GET"]}}],"collection":[{"href":"https:\/\/museenationaldelaphotographie.com\/en\/wp-json\/wp\/v2\/pages"}],"about":[{"href":"https:\/\/museenationaldelaphotographie.com\/en\/wp-json\/wp\/v2\/types\/page"}],"author":[{"embeddable":true,"href":"https:\/\/museenationaldelaphotographie.com\/en\/wp-json\/wp\/v2\/users\/1"}],"replies":[{"embeddable":true,"href":"https:\/\/museenationaldelaphotographie.com\/en\/wp-json\/wp\/v2\/comments?post=4438"}],"version-history":[{"count":50,"href":"https:\/\/museenationaldelaphotographie.com\/en\/wp-json\/wp\/v2\/pages\/4438\/revisions"}],"predecessor-version":[{"id":6040,"href":"https:\/\/museenationaldelaphotographie.com\/en\/wp-json\/wp\/v2\/pages\/4438\/revisions\/6040"}],"wp:attachment":[{"href":"https:\/\/museenationaldelaphotographie.com\/en\/wp-json\/wp\/v2\/media?parent=4438"}],"curies":[{"name":"wp","href":"https:\/\/api.w.org\/{rel}","templated":true}]}}