{"id":434,"date":"2020-03-27T18:07:02","date_gmt":"2020-03-27T18:07:02","guid":{"rendered":"http:\/\/museenationaldelaphotographie.com\/?page_id=434"},"modified":"2025-05-29T21:46:53","modified_gmt":"2025-05-29T21:46:53","slug":"avis-et-commentaires","status":"publish","type":"page","link":"https:\/\/museenationaldelaphotographie.com\/en\/avis-et-commentaires","title":{"rendered":"COMMENTS"},"content":{"rendered":"<div data-elementor-type=\"wp-page\" data-elementor-id=\"434\" class=\"elementor elementor-434\">\n\t\t\t\t\t\t<section class=\"elementor-section elementor-top-section elementor-element elementor-element-f88fbae elementor-section-boxed elementor-section-height-default elementor-section-height-default\" data-id=\"f88fbae\" data-element_type=\"section\" data-e-type=\"section\">\n\t\t\t\t\t\t<div class=\"elementor-container elementor-column-gap-default\">\n\t\t\t\t\t<div class=\"elementor-column elementor-col-100 elementor-top-column elementor-element elementor-element-8abaaaa\" data-id=\"8abaaaa\" data-element_type=\"column\" data-e-type=\"column\">\n\t\t\t<div class=\"elementor-widget-wrap elementor-element-populated\">\n\t\t\t\t\t\t<div class=\"elementor-element elementor-element-17bcc55 elementor-widget elementor-widget-heading\" data-id=\"17bcc55\" data-element_type=\"widget\" data-e-type=\"widget\" data-widget_type=\"heading.default\">\n\t\t\t\t<div class=\"elementor-widget-container\">\n\t\t\t\t\t<h2 class=\"elementor-heading-title elementor-size-default\">COMMENTS<\/h2>\t\t\t\t<\/div>\n\t\t\t\t<\/div>\n\t\t\t\t\t<\/div>\n\t\t<\/div>\n\t\t\t\t\t<\/div>\n\t\t<\/section>\n\t\t\t\t<section class=\"elementor-section elementor-top-section elementor-element elementor-element-72f12d2b elementor-section-stretched elementor-section-boxed elementor-section-height-default elementor-section-height-default\" data-id=\"72f12d2b\" data-element_type=\"section\" data-e-type=\"section\" data-settings=\"{&quot;stretch_section&quot;:&quot;section-stretched&quot;}\">\n\t\t\t\t\t\t<div class=\"elementor-container elementor-column-gap-default\">\n\t\t\t\t\t<div class=\"elementor-column elementor-col-100 elementor-top-column elementor-element elementor-element-75172e1a\" data-id=\"75172e1a\" data-element_type=\"column\" data-e-type=\"column\">\n\t\t\t<div class=\"elementor-widget-wrap elementor-element-populated\">\n\t\t\t\t\t\t<div class=\"elementor-element elementor-element-77b0851a elementor-widget elementor-widget-text-editor\" data-id=\"77b0851a\" data-element_type=\"widget\" data-e-type=\"widget\" data-widget_type=\"text-editor.default\">\n\t\t\t\t<div class=\"elementor-widget-container\">\n\t\t\t\t\t\t\t\t\t<p>Puisque nous tenons \u00e0 vous offrir la meilleure exp\u00e9rience possible au Mus\u00e9e de la photographie Desjardins, nous vous invitons \u00e0 nous partager votre exp\u00e9rience de visite. Nous voulons conna\u00eetre vos appr\u00e9ciations, vos commentaires et vos anecdotes pour en savoir davantage sur vous, chers visiteurs&#8230;<\/p>\n<p>\u00c0 la prochaine, en esp\u00e9rant vous revoir bient\u00f4t!\u00a0<\/p>\n<p>De la part de toute l&rsquo;\u00e9quipe!<\/p>\n<p><!-- \/wp:paragraph --><\/p>\t\t\t\t\t\t\t\t<\/div>\n\t\t\t\t<\/div>\n\t\t\t\t\t<\/div>\n\t\t<\/div>\n\t\t\t\t\t<\/div>\n\t\t<\/section>\n\t\t\t\t<\/div>","protected":false},"excerpt":{"rendered":"<p>COMMENTAIRES Puisque nous tenons \u00e0 vous offrir la meilleure exp\u00e9rience possible au Mus\u00e9e de la photographie Desjardins, nous vous invitons \u00e0 nous partager votre exp\u00e9rience de visite. Nous voulons conna\u00eetre vos appr\u00e9ciations, vos commentaires et vos anecdotes pour en savoir davantage sur vous, chers visiteurs&#8230; \u00c0 la prochaine, en esp\u00e9rant vous revoir bient\u00f4t!\u00a0 De la &hellip; <\/p>\n<p class=\"link-more\"><a href=\"https:\/\/museenationaldelaphotographie.com\/en\/avis-et-commentaires\" class=\"more-link\">Continue reading<span class=\"screen-reader-text\"> \u00ab\u00a0COMMENTAIRES\u00a0\u00bb<\/span><\/a><\/p>","protected":false},"author":1,"featured_media":1303,"parent":0,"menu_order":0,"comment_status":"open","ping_status":"closed","template":"","meta":{"ngg_post_thumbnail":0,"footnotes":""},"class_list":["post-434","page","type-page","status-publish","has-post-thumbnail","hentry"],"yoast_head":"<!-- This site is optimized with the Yoast SEO plugin v27.3 - https:\/\/yoast.com\/product\/yoast-seo-wordpress\/ -->\n<title>Commentaires de l&#039;appr\u00e9ciation du Mus\u00e9e -<\/title>\n<meta name=\"description\" content=\"Partagez-nous vos impressions du Mus\u00e9e ainsi que vos commentaires sur votre appr\u00e9ciation de l&#039;activit\u00e9.\" \/>\n<meta name=\"robots\" content=\"index, follow, max-snippet:-1, max-image-preview:large, max-video-preview:-1\" \/>\n<link rel=\"canonical\" href=\"https:\/\/museenationaldelaphotographie.com\/en\/avis-et-commentaires\/\" \/>\n<meta property=\"og:locale\" content=\"en_US\" \/>\n<meta property=\"og:type\" content=\"article\" \/>\n<meta property=\"og:title\" content=\"Commentaires de l&#039;appr\u00e9ciation du Mus\u00e9e -\" \/>\n<meta property=\"og:description\" content=\"Partagez-nous vos impressions du Mus\u00e9e ainsi que vos commentaires sur votre appr\u00e9ciation de l&#039;activit\u00e9.\" \/>\n<meta property=\"og:url\" content=\"https:\/\/museenationaldelaphotographie.com\/en\/avis-et-commentaires\/\" \/>\n<meta property=\"article:modified_time\" content=\"2025-05-29T21:46:53+00:00\" \/>\n<meta property=\"og:image\" content=\"https:\/\/museenationaldelaphotographie.com\/wp-content\/uploads\/2020\/06\/musee-national-photographie-drummondville.jpg\" \/>\n\t<meta property=\"og:image:width\" content=\"1694\" \/>\n\t<meta property=\"og:image:height\" content=\"983\" \/>\n\t<meta property=\"og:image:type\" content=\"image\/jpeg\" \/>\n<meta name=\"twitter:card\" content=\"summary_large_image\" \/>\n<meta name=\"twitter:label1\" content=\"Est. reading time\" \/>\n\t<meta name=\"twitter:data1\" content=\"1 minute\" \/>\n<script type=\"application\/ld+json\" class=\"yoast-schema-graph\">{\"@context\":\"https:\\\/\\\/schema.org\",\"@graph\":[{\"@type\":\"WebPage\",\"@id\":\"https:\\\/\\\/museenationaldelaphotographie.com\\\/avis-et-commentaires\",\"url\":\"https:\\\/\\\/museenationaldelaphotographie.com\\\/avis-et-commentaires\",\"name\":\"Commentaires de l'appr\u00e9ciation du Mus\u00e9e -\",\"isPartOf\":{\"@id\":\"https:\\\/\\\/museenationaldelaphotographie.com\\\/#website\"},\"primaryImageOfPage\":{\"@id\":\"https:\\\/\\\/museenationaldelaphotographie.com\\\/avis-et-commentaires#primaryimage\"},\"image\":{\"@id\":\"https:\\\/\\\/museenationaldelaphotographie.com\\\/avis-et-commentaires#primaryimage\"},\"thumbnailUrl\":\"https:\\\/\\\/i0.wp.com\\\/museenationaldelaphotographie.com\\\/wp-content\\\/uploads\\\/2020\\\/06\\\/musee-national-photographie-drummondville.jpg?fit=1694%2C983&ssl=1\",\"datePublished\":\"2020-03-27T18:07:02+00:00\",\"dateModified\":\"2025-05-29T21:46:53+00:00\",\"description\":\"Partagez-nous vos impressions du Mus\u00e9e ainsi que vos commentaires sur votre appr\u00e9ciation de l'activit\u00e9.\",\"breadcrumb\":{\"@id\":\"https:\\\/\\\/museenationaldelaphotographie.com\\\/avis-et-commentaires#breadcrumb\"},\"inLanguage\":\"en-CA\",\"potentialAction\":[{\"@type\":\"ReadAction\",\"target\":[\"https:\\\/\\\/museenationaldelaphotographie.com\\\/avis-et-commentaires\"]}]},{\"@type\":\"ImageObject\",\"inLanguage\":\"en-CA\",\"@id\":\"https:\\\/\\\/museenationaldelaphotographie.com\\\/avis-et-commentaires#primaryimage\",\"url\":\"https:\\\/\\\/i0.wp.com\\\/museenationaldelaphotographie.com\\\/wp-content\\\/uploads\\\/2020\\\/06\\\/musee-national-photographie-drummondville.jpg?fit=1694%2C983&ssl=1\",\"contentUrl\":\"https:\\\/\\\/i0.wp.com\\\/museenationaldelaphotographie.com\\\/wp-content\\\/uploads\\\/2020\\\/06\\\/musee-national-photographie-drummondville.jpg?fit=1694%2C983&ssl=1\",\"width\":1694,\"height\":983},{\"@type\":\"BreadcrumbList\",\"@id\":\"https:\\\/\\\/museenationaldelaphotographie.com\\\/avis-et-commentaires#breadcrumb\",\"itemListElement\":[{\"@type\":\"ListItem\",\"position\":1,\"name\":\"Accueil\",\"item\":\"https:\\\/\\\/museenationaldelaphotographie.com\\\/\"},{\"@type\":\"ListItem\",\"position\":2,\"name\":\"COMMENTAIRES\"}]},{\"@type\":\"WebSite\",\"@id\":\"https:\\\/\\\/museenationaldelaphotographie.com\\\/#website\",\"url\":\"https:\\\/\\\/museenationaldelaphotographie.com\\\/\",\"name\":\"\",\"description\":\"\",\"potentialAction\":[{\"@type\":\"SearchAction\",\"target\":{\"@type\":\"EntryPoint\",\"urlTemplate\":\"https:\\\/\\\/museenationaldelaphotographie.com\\\/?s={search_term_string}\"},\"query-input\":{\"@type\":\"PropertyValueSpecification\",\"valueRequired\":true,\"valueName\":\"search_term_string\"}}],\"inLanguage\":\"en-CA\"}]}<\/script>\n<!-- \/ Yoast SEO plugin. -->","yoast_head_json":{"title":"Commentaires de l'appr\u00e9ciation du Mus\u00e9e -","description":"Partagez-nous vos impressions du Mus\u00e9e ainsi que vos commentaires sur votre appr\u00e9ciation de l'activit\u00e9.","robots":{"index":"index","follow":"follow","max-snippet":"max-snippet:-1","max-image-preview":"max-image-preview:large","max-video-preview":"max-video-preview:-1"},"canonical":"https:\/\/museenationaldelaphotographie.com\/en\/avis-et-commentaires\/","og_locale":"en_US","og_type":"article","og_title":"Commentaires de l'appr\u00e9ciation du Mus\u00e9e -","og_description":"Partagez-nous vos impressions du Mus\u00e9e ainsi que vos commentaires sur votre appr\u00e9ciation de l'activit\u00e9.","og_url":"https:\/\/museenationaldelaphotographie.com\/en\/avis-et-commentaires\/","article_modified_time":"2025-05-29T21:46:53+00:00","og_image":[{"width":1694,"height":983,"url":"https:\/\/museenationaldelaphotographie.com\/wp-content\/uploads\/2020\/06\/musee-national-photographie-drummondville.jpg","type":"image\/jpeg"}],"twitter_card":"summary_large_image","twitter_misc":{"Est. reading time":"1 minute"},"schema":{"@context":"https:\/\/schema.org","@graph":[{"@type":"WebPage","@id":"https:\/\/museenationaldelaphotographie.com\/avis-et-commentaires","url":"https:\/\/museenationaldelaphotographie.com\/avis-et-commentaires","name":"Commentaires de l'appr\u00e9ciation du Mus\u00e9e -","isPartOf":{"@id":"https:\/\/museenationaldelaphotographie.com\/#website"},"primaryImageOfPage":{"@id":"https:\/\/museenationaldelaphotographie.com\/avis-et-commentaires#primaryimage"},"image":{"@id":"https:\/\/museenationaldelaphotographie.com\/avis-et-commentaires#primaryimage"},"thumbnailUrl":"https:\/\/i0.wp.com\/museenationaldelaphotographie.com\/wp-content\/uploads\/2020\/06\/musee-national-photographie-drummondville.jpg?fit=1694%2C983&ssl=1","datePublished":"2020-03-27T18:07:02+00:00","dateModified":"2025-05-29T21:46:53+00:00","description":"Partagez-nous vos impressions du Mus\u00e9e ainsi que vos commentaires sur votre appr\u00e9ciation de l'activit\u00e9.","breadcrumb":{"@id":"https:\/\/museenationaldelaphotographie.com\/avis-et-commentaires#breadcrumb"},"inLanguage":"en-CA","potentialAction":[{"@type":"ReadAction","target":["https:\/\/museenationaldelaphotographie.com\/avis-et-commentaires"]}]},{"@type":"ImageObject","inLanguage":"en-CA","@id":"https:\/\/museenationaldelaphotographie.com\/avis-et-commentaires#primaryimage","url":"https:\/\/i0.wp.com\/museenationaldelaphotographie.com\/wp-content\/uploads\/2020\/06\/musee-national-photographie-drummondville.jpg?fit=1694%2C983&ssl=1","contentUrl":"https:\/\/i0.wp.com\/museenationaldelaphotographie.com\/wp-content\/uploads\/2020\/06\/musee-national-photographie-drummondville.jpg?fit=1694%2C983&ssl=1","width":1694,"height":983},{"@type":"BreadcrumbList","@id":"https:\/\/museenationaldelaphotographie.com\/avis-et-commentaires#breadcrumb","itemListElement":[{"@type":"ListItem","position":1,"name":"Accueil","item":"https:\/\/museenationaldelaphotographie.com\/"},{"@type":"ListItem","position":2,"name":"COMMENTAIRES"}]},{"@type":"WebSite","@id":"https:\/\/museenationaldelaphotographie.com\/#website","url":"https:\/\/museenationaldelaphotographie.com\/","name":"","description":"","potentialAction":[{"@type":"SearchAction","target":{"@type":"EntryPoint","urlTemplate":"https:\/\/museenationaldelaphotographie.com\/?s={search_term_string}"},"query-input":{"@type":"PropertyValueSpecification","valueRequired":true,"valueName":"search_term_string"}}],"inLanguage":"en-CA"}]}},"jetpack_sharing_enabled":true,"_links":{"self":[{"href":"https:\/\/museenationaldelaphotographie.com\/en\/wp-json\/wp\/v2\/pages\/434","targetHints":{"allow":["GET"]}}],"collection":[{"href":"https:\/\/museenationaldelaphotographie.com\/en\/wp-json\/wp\/v2\/pages"}],"about":[{"href":"https:\/\/museenationaldelaphotographie.com\/en\/wp-json\/wp\/v2\/types\/page"}],"author":[{"embeddable":true,"href":"https:\/\/museenationaldelaphotographie.com\/en\/wp-json\/wp\/v2\/users\/1"}],"replies":[{"embeddable":true,"href":"https:\/\/museenationaldelaphotographie.com\/en\/wp-json\/wp\/v2\/comments?post=434"}],"version-history":[{"count":14,"href":"https:\/\/museenationaldelaphotographie.com\/en\/wp-json\/wp\/v2\/pages\/434\/revisions"}],"predecessor-version":[{"id":5842,"href":"https:\/\/museenationaldelaphotographie.com\/en\/wp-json\/wp\/v2\/pages\/434\/revisions\/5842"}],"wp:featuredmedia":[{"embeddable":true,"href":"https:\/\/museenationaldelaphotographie.com\/en\/wp-json\/wp\/v2\/media\/1303"}],"wp:attachment":[{"href":"https:\/\/museenationaldelaphotographie.com\/en\/wp-json\/wp\/v2\/media?parent=434"}],"curies":[{"name":"wp","href":"https:\/\/api.w.org\/{rel}","templated":true}]}}