{"id":3395,"date":"2021-06-09T19:13:53","date_gmt":"2021-06-09T19:13:53","guid":{"rendered":"https:\/\/museenationaldelaphotographie.com\/?page_id=3395"},"modified":"2026-03-27T16:58:48","modified_gmt":"2026-03-27T16:58:48","slug":"les-expositions","status":"publish","type":"page","link":"https:\/\/museenationaldelaphotographie.com\/en\/les-expositions","title":{"rendered":"Temporaires"},"content":{"rendered":"<div data-elementor-type=\"wp-page\" data-elementor-id=\"3395\" class=\"elementor elementor-3395\">\n\t\t\t\t\t\t<section class=\"elementor-section elementor-top-section elementor-element elementor-element-fa98598 elementor-section-stretched elementor-section-boxed elementor-section-height-default elementor-section-height-default\" data-id=\"fa98598\" data-element_type=\"section\" data-e-type=\"section\" data-settings=\"{&quot;stretch_section&quot;:&quot;section-stretched&quot;}\">\n\t\t\t\t\t\t<div class=\"elementor-container elementor-column-gap-default\">\n\t\t\t\t\t<div class=\"elementor-column elementor-col-100 elementor-top-column elementor-element elementor-element-f11661e\" data-id=\"f11661e\" data-element_type=\"column\" data-e-type=\"column\">\n\t\t\t<div class=\"elementor-widget-wrap elementor-element-populated\">\n\t\t\t\t\t\t<div class=\"elementor-element elementor-element-50b8e39 elementor-widget elementor-widget-text-editor\" data-id=\"50b8e39\" data-element_type=\"widget\" data-e-type=\"widget\" data-widget_type=\"text-editor.default\">\n\t\t\t\t<div class=\"elementor-widget-container\">\n\t\t\t\t\t\t\t\t\t<h3 style=\"text-align: center;\">Rapprochements interculturels<\/h3>\t\t\t\t\t\t\t\t<\/div>\n\t\t\t\t<\/div>\n\t\t\t\t<div class=\"elementor-element elementor-element-1c021b1 elementor-widget elementor-widget-image\" data-id=\"1c021b1\" data-element_type=\"widget\" data-e-type=\"widget\" data-widget_type=\"image.default\">\n\t\t\t\t<div class=\"elementor-widget-container\">\n\t\t\t\t\t\t\t\t\t\t\t\t<figure class=\"wp-caption\">\n\t\t\t\t\t\t\t\t\t\t<img data-recalc-dims=\"1\" decoding=\"async\" src=\"https:\/\/i0.wp.com\/museenationaldelaphotographie.com\/wp-content\/uploads\/elementor\/thumbs\/Exposition-photo-regroupements-interculturels-rjoklz96eeeh05eoaqln3rqzylrp9j0ge4u0iiz8xu.jpg?w=525&#038;ssl=1\" title=\"Exposition photo regroupements interculturels\" alt=\"Exposition photo regroupements interculturels\" loading=\"lazy\" \/>\t\t\t\t\t\t\t\t\t\t\t<figcaption class=\"widget-image-caption wp-caption-text\">du 18 f\u00e9vrier au 25 avril 2026<\/figcaption>\n\t\t\t\t\t\t\t\t\t\t<\/figure>\n\t\t\t\t\t\t\t\t\t<\/div>\n\t\t\t\t<\/div>\n\t\t\t\t<div class=\"elementor-element elementor-element-c8707dc elementor-widget__width-initial elementor-widget elementor-widget-text-editor\" data-id=\"c8707dc\" data-element_type=\"widget\" data-e-type=\"widget\" data-widget_type=\"text-editor.default\">\n\t\t\t\t<div class=\"elementor-widget-container\">\n\t\t\t\t\t\t\t\t\t<p style=\"text-align: center;\"><span style=\"color: #ffffff; font-size: 20px;\"><span style=\"font-family: arial, helvetica, sans-serif;\">Cette exposition propose un dialogue visuel entre diff\u00e9rentes cultures \u00e0 travers la photographie.<br>Les \u0153uvres pr\u00e9sent\u00e9es explorent les th\u00e8mes de l\u2019identit\u00e9, de la rencontre et du vivre-ensemble,<br>invitant le public \u00e0 porter un regard sensible et ouvert sur la diversit\u00e9 culturelle.<\/span><\/span><\/p>\t\t\t\t\t\t\t\t<\/div>\n\t\t\t\t<\/div>\n\t\t\t\t<div class=\"elementor-element elementor-element-adf1793 elementor-widget-divider--view-line elementor-widget elementor-widget-divider\" data-id=\"adf1793\" data-element_type=\"widget\" data-e-type=\"widget\" data-widget_type=\"divider.default\">\n\t\t\t\t<div class=\"elementor-widget-container\">\n\t\t\t\t\t\t\t<div class=\"elementor-divider\">\n\t\t\t<span class=\"elementor-divider-separator\">\n\t\t\t\t\t\t<\/span>\n\t\t<\/div>\n\t\t\t\t\t\t<\/div>\n\t\t\t\t<\/div>\n\t\t\t\t<div class=\"elementor-element elementor-element-5e6f724 elementor-widget elementor-widget-text-editor\" data-id=\"5e6f724\" data-element_type=\"widget\" data-e-type=\"widget\" data-widget_type=\"text-editor.default\">\n\t\t\t\t<div class=\"elementor-widget-container\">\n\t\t\t\t\t\t\t\t\t<h3 style=\"text-align: center;\">SPPQ : Les clubs photos s\u2019exposent<\/h3>\t\t\t\t\t\t\t\t<\/div>\n\t\t\t\t<\/div>\n\t\t\t\t<div class=\"elementor-element elementor-element-318d7b1 elementor-widget elementor-widget-image\" data-id=\"318d7b1\" data-element_type=\"widget\" data-e-type=\"widget\" data-widget_type=\"image.default\">\n\t\t\t\t<div class=\"elementor-widget-container\">\n\t\t\t\t\t\t\t\t\t\t\t\t<figure class=\"wp-caption\">\n\t\t\t\t\t\t\t\t\t\t<img data-recalc-dims=\"1\" decoding=\"async\" src=\"https:\/\/i0.wp.com\/museenationaldelaphotographie.com\/wp-content\/uploads\/elementor\/thumbs\/SPPQ-Les-clubs-sexposent-rjokx0uwpbirf7d4t0gtwhez8lbyphuwwsseiklptu.jpg?w=525&#038;ssl=1\" title=\"SPPQ Les clubs s&rsquo;exposent\" alt=\"SPPQ Les clubs s&#039;exposent\" loading=\"lazy\" \/>\t\t\t\t\t\t\t\t\t\t\t<figcaption class=\"widget-image-caption wp-caption-text\">Du 29 mars au 31 mai 2026<\/figcaption>\n\t\t\t\t\t\t\t\t\t\t<\/figure>\n\t\t\t\t\t\t\t\t\t<\/div>\n\t\t\t\t<\/div>\n\t\t\t\t<div class=\"elementor-element elementor-element-f36b572 elementor-widget__width-initial elementor-widget elementor-widget-text-editor\" data-id=\"f36b572\" data-element_type=\"widget\" data-e-type=\"widget\" data-widget_type=\"text-editor.default\">\n\t\t\t\t<div class=\"elementor-widget-container\">\n\t\t\t\t\t\t\t\t\t<p style=\"text-align: center;\">V\u00e9ritable c\u00e9l\u00e9bration de la photographie amateur et associative, cette exposition met en lumi\u00e8re<br \/>le travail de plusieurs clubs photos. Elle t\u00e9moigne de la vitalit\u00e9 du milieu photographique r\u00e9gional<br \/>et du plaisir de cr\u00e9er ensemble.<\/p>\t\t\t\t\t\t\t\t<\/div>\n\t\t\t\t<\/div>\n\t\t\t\t<div class=\"elementor-element elementor-element-d0cbc55 elementor-widget-divider--view-line elementor-widget elementor-widget-divider\" data-id=\"d0cbc55\" data-element_type=\"widget\" data-e-type=\"widget\" data-widget_type=\"divider.default\">\n\t\t\t\t<div class=\"elementor-widget-container\">\n\t\t\t\t\t\t\t<div class=\"elementor-divider\">\n\t\t\t<span class=\"elementor-divider-separator\">\n\t\t\t\t\t\t<\/span>\n\t\t<\/div>\n\t\t\t\t\t\t<\/div>\n\t\t\t\t<\/div>\n\t\t\t\t<div class=\"elementor-element elementor-element-e6f1081 elementor-widget elementor-widget-text-editor\" data-id=\"e6f1081\" data-element_type=\"widget\" data-e-type=\"widget\" data-widget_type=\"text-editor.default\">\n\t\t\t\t<div class=\"elementor-widget-container\">\n\t\t\t\t\t\t\t\t\t<h3 style=\"text-align: center;\">Club Photo \u2013 Exposition \u00ab Photos de nuit \u00bb<\/h3>\t\t\t\t\t\t\t\t<\/div>\n\t\t\t\t<\/div>\n\t\t\t\t<div class=\"elementor-element elementor-element-5a23cf4 elementor-widget elementor-widget-image\" data-id=\"5a23cf4\" data-element_type=\"widget\" data-e-type=\"widget\" data-widget_type=\"image.default\">\n\t\t\t\t<div class=\"elementor-widget-container\">\n\t\t\t\t\t\t\t\t\t\t\t\t<figure class=\"wp-caption\">\n\t\t\t\t\t\t\t\t\t\t<img data-recalc-dims=\"1\" decoding=\"async\" src=\"https:\/\/i0.wp.com\/museenationaldelaphotographie.com\/wp-content\/uploads\/elementor\/thumbs\/Club-Photo-Drummond-rjol3ksecqhqdbufjcg6sbvocb13divjh8j9z0vweo.jpg?w=525&#038;ssl=1\" title=\"Club Photo Drummond\" alt=\"Club Photo Drummond\" loading=\"lazy\" \/>\t\t\t\t\t\t\t\t\t\t\t<figcaption class=\"widget-image-caption wp-caption-text\">Du 18 f\u00e9vrier au 31 mai 2026<\/figcaption>\n\t\t\t\t\t\t\t\t\t\t<\/figure>\n\t\t\t\t\t\t\t\t\t<\/div>\n\t\t\t\t<\/div>\n\t\t\t\t<div class=\"elementor-element elementor-element-be399aa elementor-widget elementor-widget-text-editor\" data-id=\"be399aa\" data-element_type=\"widget\" data-e-type=\"widget\" data-widget_type=\"text-editor.default\">\n\t\t\t\t<div class=\"elementor-widget-container\">\n\t\t\t\t\t\t\t\t\t<p style=\"text-align: center;\"><span style=\"font-family: arial, helvetica, sans-serif; font-size: 20px; color: #ffffff;\">Cette exposition plonge les visiteurs dans l&rsquo;univers fascinant de la photographie nocturne. Jeux de lumi\u00e8re, contrastes et ambiances myst\u00e9rieuses r\u00e9v\u00e8lent la ma\u00eetrise technique et artistique des membres du Club Photo. Trois autres expositions du Club Photo suivront par la suite durant l&rsquo;ann\u00e9e.<\/span><\/p>\t\t\t\t\t\t\t\t<\/div>\n\t\t\t\t<\/div>\n\t\t\t\t<div class=\"elementor-element elementor-element-f8d0b39 elementor-widget-divider--view-line elementor-widget elementor-widget-divider\" data-id=\"f8d0b39\" data-element_type=\"widget\" data-e-type=\"widget\" data-widget_type=\"divider.default\">\n\t\t\t\t<div class=\"elementor-widget-container\">\n\t\t\t\t\t\t\t<div class=\"elementor-divider\">\n\t\t\t<span class=\"elementor-divider-separator\">\n\t\t\t\t\t\t<\/span>\n\t\t<\/div>\n\t\t\t\t\t\t<\/div>\n\t\t\t\t<\/div>\n\t\t\t\t\t<\/div>\n\t\t<\/div>\n\t\t\t\t\t<\/div>\n\t\t<\/section>\n\t\t\t\t<\/div>","protected":false},"excerpt":{"rendered":"<p>Rapprochements interculturels du 18 f\u00e9vrier au 25 avril 2026 Cette exposition propose un dialogue visuel entre diff\u00e9rentes cultures \u00e0 travers la photographie.Les \u0153uvres pr\u00e9sent\u00e9es explorent les th\u00e8mes de l\u2019identit\u00e9, de la rencontre et du vivre-ensemble,invitant le public \u00e0 porter un regard sensible et ouvert sur la diversit\u00e9 culturelle. SPPQ : Les clubs photos s\u2019exposent Du &hellip; <\/p>\n<p class=\"link-more\"><a href=\"https:\/\/museenationaldelaphotographie.com\/en\/les-expositions\" class=\"more-link\">Continue reading<span class=\"screen-reader-text\"> \u00ab\u00a0Temporaires\u00a0\u00bb<\/span><\/a><\/p>","protected":false},"author":1,"featured_media":0,"parent":0,"menu_order":0,"comment_status":"closed","ping_status":"closed","template":"","meta":{"ngg_post_thumbnail":0,"footnotes":""},"class_list":["post-3395","page","type-page","status-publish","hentry"],"yoast_head":"<!-- This site is optimized with the Yoast SEO plugin v27.3 - https:\/\/yoast.com\/product\/yoast-seo-wordpress\/ -->\n<title>Temporaires -<\/title>\n<meta name=\"description\" content=\"Le Mus\u00e9e de Drummondville renouvelle ses expositions temporaires quelques fois par ann\u00e9e. L&#039;activit\u00e9 est ouverte \u00e0 tous.\" \/>\n<meta name=\"robots\" content=\"index, follow, max-snippet:-1, max-image-preview:large, max-video-preview:-1\" \/>\n<link rel=\"canonical\" href=\"https:\/\/museenationaldelaphotographie.com\/en\/les-expositions\/\" \/>\n<meta property=\"og:locale\" content=\"en_US\" \/>\n<meta property=\"og:type\" content=\"article\" \/>\n<meta property=\"og:title\" content=\"Temporaires -\" \/>\n<meta property=\"og:description\" content=\"Le Mus\u00e9e de Drummondville renouvelle ses expositions temporaires quelques fois par ann\u00e9e. L&#039;activit\u00e9 est ouverte \u00e0 tous.\" \/>\n<meta property=\"og:url\" content=\"https:\/\/museenationaldelaphotographie.com\/en\/les-expositions\/\" \/>\n<meta property=\"article:modified_time\" content=\"2026-03-27T16:58:48+00:00\" \/>\n<meta property=\"og:image\" content=\"https:\/\/museenationaldelaphotographie.com\/wp-content\/uploads\/elementor\/thumbs\/Exposition-photo-regroupements-interculturels-rjoklz96eeeh05eoaqln3rqzylrp9j0ge4u0iiz8xu.jpg\" \/>\n<meta name=\"twitter:card\" content=\"summary_large_image\" \/>\n<meta name=\"twitter:label1\" content=\"Est. reading time\" \/>\n\t<meta name=\"twitter:data1\" content=\"2 minutes\" \/>\n<script type=\"application\/ld+json\" class=\"yoast-schema-graph\">{\"@context\":\"https:\\\/\\\/schema.org\",\"@graph\":[{\"@type\":\"WebPage\",\"@id\":\"https:\\\/\\\/museenationaldelaphotographie.com\\\/les-expositions\",\"url\":\"https:\\\/\\\/museenationaldelaphotographie.com\\\/les-expositions\",\"name\":\"Temporaires -\",\"isPartOf\":{\"@id\":\"https:\\\/\\\/museenationaldelaphotographie.com\\\/#website\"},\"primaryImageOfPage\":{\"@id\":\"https:\\\/\\\/museenationaldelaphotographie.com\\\/les-expositions#primaryimage\"},\"image\":{\"@id\":\"https:\\\/\\\/museenationaldelaphotographie.com\\\/les-expositions#primaryimage\"},\"thumbnailUrl\":\"https:\\\/\\\/museenationaldelaphotographie.com\\\/wp-content\\\/uploads\\\/elementor\\\/thumbs\\\/Exposition-photo-regroupements-interculturels-rjoklz96eeeh05eoaqln3rqzylrp9j0ge4u0iiz8xu.jpg\",\"datePublished\":\"2021-06-09T19:13:53+00:00\",\"dateModified\":\"2026-03-27T16:58:48+00:00\",\"description\":\"Le Mus\u00e9e de Drummondville renouvelle ses expositions temporaires quelques fois par ann\u00e9e. L'activit\u00e9 est ouverte \u00e0 tous.\",\"breadcrumb\":{\"@id\":\"https:\\\/\\\/museenationaldelaphotographie.com\\\/les-expositions#breadcrumb\"},\"inLanguage\":\"en-CA\",\"potentialAction\":[{\"@type\":\"ReadAction\",\"target\":[\"https:\\\/\\\/museenationaldelaphotographie.com\\\/les-expositions\"]}]},{\"@type\":\"ImageObject\",\"inLanguage\":\"en-CA\",\"@id\":\"https:\\\/\\\/museenationaldelaphotographie.com\\\/les-expositions#primaryimage\",\"url\":\"https:\\\/\\\/museenationaldelaphotographie.com\\\/wp-content\\\/uploads\\\/elementor\\\/thumbs\\\/Exposition-photo-regroupements-interculturels-rjoklz96eeeh05eoaqln3rqzylrp9j0ge4u0iiz8xu.jpg\",\"contentUrl\":\"https:\\\/\\\/museenationaldelaphotographie.com\\\/wp-content\\\/uploads\\\/elementor\\\/thumbs\\\/Exposition-photo-regroupements-interculturels-rjoklz96eeeh05eoaqln3rqzylrp9j0ge4u0iiz8xu.jpg\"},{\"@type\":\"BreadcrumbList\",\"@id\":\"https:\\\/\\\/museenationaldelaphotographie.com\\\/les-expositions#breadcrumb\",\"itemListElement\":[{\"@type\":\"ListItem\",\"position\":1,\"name\":\"Accueil\",\"item\":\"https:\\\/\\\/museenationaldelaphotographie.com\\\/\"},{\"@type\":\"ListItem\",\"position\":2,\"name\":\"Temporaires\"}]},{\"@type\":\"WebSite\",\"@id\":\"https:\\\/\\\/museenationaldelaphotographie.com\\\/#website\",\"url\":\"https:\\\/\\\/museenationaldelaphotographie.com\\\/\",\"name\":\"\",\"description\":\"\",\"potentialAction\":[{\"@type\":\"SearchAction\",\"target\":{\"@type\":\"EntryPoint\",\"urlTemplate\":\"https:\\\/\\\/museenationaldelaphotographie.com\\\/?s={search_term_string}\"},\"query-input\":{\"@type\":\"PropertyValueSpecification\",\"valueRequired\":true,\"valueName\":\"search_term_string\"}}],\"inLanguage\":\"en-CA\"}]}<\/script>\n<!-- \/ Yoast SEO plugin. -->","yoast_head_json":{"title":"Temporaires -","description":"Le Mus\u00e9e de Drummondville renouvelle ses expositions temporaires quelques fois par ann\u00e9e. L'activit\u00e9 est ouverte \u00e0 tous.","robots":{"index":"index","follow":"follow","max-snippet":"max-snippet:-1","max-image-preview":"max-image-preview:large","max-video-preview":"max-video-preview:-1"},"canonical":"https:\/\/museenationaldelaphotographie.com\/en\/les-expositions\/","og_locale":"en_US","og_type":"article","og_title":"Temporaires -","og_description":"Le Mus\u00e9e de Drummondville renouvelle ses expositions temporaires quelques fois par ann\u00e9e. L'activit\u00e9 est ouverte \u00e0 tous.","og_url":"https:\/\/museenationaldelaphotographie.com\/en\/les-expositions\/","article_modified_time":"2026-03-27T16:58:48+00:00","og_image":[{"url":"https:\/\/museenationaldelaphotographie.com\/wp-content\/uploads\/elementor\/thumbs\/Exposition-photo-regroupements-interculturels-rjoklz96eeeh05eoaqln3rqzylrp9j0ge4u0iiz8xu.jpg","type":"","width":"","height":""}],"twitter_card":"summary_large_image","twitter_misc":{"Est. reading time":"2 minutes"},"schema":{"@context":"https:\/\/schema.org","@graph":[{"@type":"WebPage","@id":"https:\/\/museenationaldelaphotographie.com\/les-expositions","url":"https:\/\/museenationaldelaphotographie.com\/les-expositions","name":"Temporaires -","isPartOf":{"@id":"https:\/\/museenationaldelaphotographie.com\/#website"},"primaryImageOfPage":{"@id":"https:\/\/museenationaldelaphotographie.com\/les-expositions#primaryimage"},"image":{"@id":"https:\/\/museenationaldelaphotographie.com\/les-expositions#primaryimage"},"thumbnailUrl":"https:\/\/museenationaldelaphotographie.com\/wp-content\/uploads\/elementor\/thumbs\/Exposition-photo-regroupements-interculturels-rjoklz96eeeh05eoaqln3rqzylrp9j0ge4u0iiz8xu.jpg","datePublished":"2021-06-09T19:13:53+00:00","dateModified":"2026-03-27T16:58:48+00:00","description":"Le Mus\u00e9e de Drummondville renouvelle ses expositions temporaires quelques fois par ann\u00e9e. L'activit\u00e9 est ouverte \u00e0 tous.","breadcrumb":{"@id":"https:\/\/museenationaldelaphotographie.com\/les-expositions#breadcrumb"},"inLanguage":"en-CA","potentialAction":[{"@type":"ReadAction","target":["https:\/\/museenationaldelaphotographie.com\/les-expositions"]}]},{"@type":"ImageObject","inLanguage":"en-CA","@id":"https:\/\/museenationaldelaphotographie.com\/les-expositions#primaryimage","url":"https:\/\/museenationaldelaphotographie.com\/wp-content\/uploads\/elementor\/thumbs\/Exposition-photo-regroupements-interculturels-rjoklz96eeeh05eoaqln3rqzylrp9j0ge4u0iiz8xu.jpg","contentUrl":"https:\/\/museenationaldelaphotographie.com\/wp-content\/uploads\/elementor\/thumbs\/Exposition-photo-regroupements-interculturels-rjoklz96eeeh05eoaqln3rqzylrp9j0ge4u0iiz8xu.jpg"},{"@type":"BreadcrumbList","@id":"https:\/\/museenationaldelaphotographie.com\/les-expositions#breadcrumb","itemListElement":[{"@type":"ListItem","position":1,"name":"Accueil","item":"https:\/\/museenationaldelaphotographie.com\/"},{"@type":"ListItem","position":2,"name":"Temporaires"}]},{"@type":"WebSite","@id":"https:\/\/museenationaldelaphotographie.com\/#website","url":"https:\/\/museenationaldelaphotographie.com\/","name":"","description":"","potentialAction":[{"@type":"SearchAction","target":{"@type":"EntryPoint","urlTemplate":"https:\/\/museenationaldelaphotographie.com\/?s={search_term_string}"},"query-input":{"@type":"PropertyValueSpecification","valueRequired":true,"valueName":"search_term_string"}}],"inLanguage":"en-CA"}]}},"jetpack_sharing_enabled":true,"_links":{"self":[{"href":"https:\/\/museenationaldelaphotographie.com\/en\/wp-json\/wp\/v2\/pages\/3395","targetHints":{"allow":["GET"]}}],"collection":[{"href":"https:\/\/museenationaldelaphotographie.com\/en\/wp-json\/wp\/v2\/pages"}],"about":[{"href":"https:\/\/museenationaldelaphotographie.com\/en\/wp-json\/wp\/v2\/types\/page"}],"author":[{"embeddable":true,"href":"https:\/\/museenationaldelaphotographie.com\/en\/wp-json\/wp\/v2\/users\/1"}],"replies":[{"embeddable":true,"href":"https:\/\/museenationaldelaphotographie.com\/en\/wp-json\/wp\/v2\/comments?post=3395"}],"version-history":[{"count":243,"href":"https:\/\/museenationaldelaphotographie.com\/en\/wp-json\/wp\/v2\/pages\/3395\/revisions"}],"predecessor-version":[{"id":6010,"href":"https:\/\/museenationaldelaphotographie.com\/en\/wp-json\/wp\/v2\/pages\/3395\/revisions\/6010"}],"wp:attachment":[{"href":"https:\/\/museenationaldelaphotographie.com\/en\/wp-json\/wp\/v2\/media?parent=3395"}],"curies":[{"name":"wp","href":"https:\/\/api.w.org\/{rel}","templated":true}]}}