{"id":302,"date":"2020-03-08T15:42:31","date_gmt":"2020-03-08T15:42:31","guid":{"rendered":"http:\/\/museenationaldelaphotographie.com\/?page_id=302"},"modified":"2026-02-25T17:04:32","modified_gmt":"2026-02-25T17:04:32","slug":"conferenciers","status":"publish","type":"page","link":"https:\/\/museenationaldelaphotographie.com\/en\/conferenciers","title":{"rendered":"CONFERENCES"},"content":{"rendered":"<div data-elementor-type=\"wp-page\" data-elementor-id=\"302\" class=\"elementor elementor-302\">\n\t\t\t\t\t\t<section class=\"elementor-section elementor-top-section elementor-element elementor-element-284169f elementor-section-boxed elementor-section-height-default elementor-section-height-default\" data-id=\"284169f\" data-element_type=\"section\" data-e-type=\"section\">\n\t\t\t\t\t\t<div class=\"elementor-container elementor-column-gap-default\">\n\t\t\t\t\t<div class=\"elementor-column elementor-col-100 elementor-top-column elementor-element elementor-element-6bda444\" data-id=\"6bda444\" data-element_type=\"column\" data-e-type=\"column\">\n\t\t\t<div class=\"elementor-widget-wrap elementor-element-populated\">\n\t\t\t\t\t\t<div class=\"elementor-element elementor-element-b398f48 elementor-widget elementor-widget-heading\" data-id=\"b398f48\" data-element_type=\"widget\" data-e-type=\"widget\" data-widget_type=\"heading.default\">\n\t\t\t\t<div class=\"elementor-widget-container\">\n\t\t\t\t\t<h2 class=\"elementor-heading-title elementor-size-default\">CONFERENCES<\/h2>\t\t\t\t<\/div>\n\t\t\t\t<\/div>\n\t\t\t\t\t<\/div>\n\t\t<\/div>\n\t\t\t\t\t<\/div>\n\t\t<\/section>\n\t\t\t\t<section class=\"elementor-section elementor-top-section elementor-element elementor-element-437e72a elementor-section-stretched elementor-section-boxed elementor-section-height-default elementor-section-height-default\" data-id=\"437e72a\" data-element_type=\"section\" data-e-type=\"section\" data-settings=\"{&quot;stretch_section&quot;:&quot;section-stretched&quot;}\">\n\t\t\t\t\t\t<div class=\"elementor-container elementor-column-gap-default\">\n\t\t\t\t\t<div class=\"elementor-column elementor-col-100 elementor-top-column elementor-element elementor-element-7476ef6a\" data-id=\"7476ef6a\" data-element_type=\"column\" data-e-type=\"column\">\n\t\t\t<div class=\"elementor-widget-wrap elementor-element-populated\">\n\t\t\t\t\t\t<div class=\"elementor-element elementor-element-4ffe164e elementor-widget__width-initial elementor-widget elementor-widget-text-editor\" data-id=\"4ffe164e\" data-element_type=\"widget\" data-e-type=\"widget\" data-widget_type=\"text-editor.default\">\n\t\t\t\t<div class=\"elementor-widget-container\">\n\t\t\t\t\t\t\t\t\t<p style=\"text-align: center;\">\u00a0<\/p>\n<p style=\"font-size: 18px; text-align: left;\"><span style=\"font-size: 19px; color: #e3e3e3; font-family: arial, helvetica, sans-serif;\">On demand or to complete your experience at the museum, we have the pleasure to offer you diverse conferences from great photography enthusiasts.<\/span><\/p>\n<p>\u00a0<\/p>\n<p><!-- \/wp:paragraph --><\/p>\n<p><!-- wp:paragraph {\"align\":\"right\",\"textColor\":\"light-green-cyan\",\"customFontSize\":18} --><\/p>\n<p class=\"has-text-color has-text-align-right has-light-green-cyan-color\" style=\"font-size: 18px; text-align: right;\"><span style=\"font-size: 24pt; color: #ffffff;\"><strong><span class=\"tadv-color\">PASSION FOR TRAVELLING\u00a0<\/span><\/strong><\/span><\/p>\n<p><!-- \/wp:paragraph --><\/p>\n<p><!-- wp:tadv\/classic-paragraph --><\/p>\n<p><span style=\"font-size: 19px; font-family: arial, helvetica, sans-serif;\"><span style=\"color: #e3e3e3;\"><img fetchpriority=\"high\" decoding=\"async\" data-recalc-dims=\"1\" class=\"wp-image-5612 alignleft\" src=\"https:\/\/i0.wp.com\/museenationaldelaphotographie.com\/wp-content\/uploads\/2024\/06\/Michel-et-Lise-photoaidcom-greyscale.jpg?resize=224%2C224&#038;ssl=1\" alt=\"\" width=\"224\" height=\"224\" srcset=\"https:\/\/i0.wp.com\/museenationaldelaphotographie.com\/wp-content\/uploads\/2024\/06\/Michel-et-Lise-photoaidcom-greyscale.jpg?w=899&amp;ssl=1 899w, https:\/\/i0.wp.com\/museenationaldelaphotographie.com\/wp-content\/uploads\/2024\/06\/Michel-et-Lise-photoaidcom-greyscale.jpg?resize=300%2C300&amp;ssl=1 300w, https:\/\/i0.wp.com\/museenationaldelaphotographie.com\/wp-content\/uploads\/2024\/06\/Michel-et-Lise-photoaidcom-greyscale.jpg?resize=150%2C150&amp;ssl=1 150w, https:\/\/i0.wp.com\/museenationaldelaphotographie.com\/wp-content\/uploads\/2024\/06\/Michel-et-Lise-photoaidcom-greyscale.jpg?resize=768%2C768&amp;ssl=1 768w, https:\/\/i0.wp.com\/museenationaldelaphotographie.com\/wp-content\/uploads\/2024\/06\/Michel-et-Lise-photoaidcom-greyscale.jpg?resize=12%2C12&amp;ssl=1 12w, https:\/\/i0.wp.com\/museenationaldelaphotographie.com\/wp-content\/uploads\/2024\/06\/Michel-et-Lise-photoaidcom-greyscale.jpg?resize=100%2C100&amp;ssl=1 100w\" sizes=\"(max-width: 224px) 100vw, 224px\" \/>Lise Garant et Michel Doyon seraient ravis de pouvoir partager avec vous leur passion voyage pour les safaris<\/span> <span style=\"color: #e3e3e3;\">photo en Afrique. D\u00e9couvrez la merveilleuse aventure d&rsquo;un couple de photographes passionn\u00e9s et leurs photographies dans les r\u00e9gions sauvages de l&rsquo;Afrique du Sud! Ces voyageurs exp\u00e9riment\u00e9s partageront avec vous leurs moments de gr\u00e2ce et les d\u00e9fis de la photographie animali\u00e8re.<\/span><\/span><\/p>\n<p><!-- \/wp:tadv\/classic-paragraph --><\/p>\n<p><!-- wp:paragraph --><\/p>\n<p>\u00a0<\/p>\n<p><span style=\"color: #ffffff;\"><!-- \/wp:paragraph --><\/span><\/p>\n<p><!-- wp:paragraph {\"align\":\"right\",\"textColor\":\"light-green-cyan\",\"customFontSize\":18} --><\/p>\n<p class=\"has-text-color has-text-align-right has-light-green-cyan-color\" style=\"font-size: 18px; text-align: right;\"><span style=\"font-size: 24pt; color: #ffffff;\"><strong><span class=\"tadv-color\">\u00a0<\/span><\/strong><\/span><\/p>\n<p class=\"has-text-color has-text-align-right has-light-green-cyan-color\" style=\"font-size: 18px; text-align: right;\"><span style=\"font-size: 24pt; color: #ffffff;\"><strong><span class=\"tadv-color\">PHOTOGRAPHY 101<\/span><\/strong><\/span><\/p>\n<p><!-- \/wp:paragraph --><\/p>\n<p><!-- wp:tadv\/classic-paragraph --><\/p>\n<p><img decoding=\"async\" data-recalc-dims=\"1\" class=\"wp-image-1162 alignleft\" src=\"https:\/\/i0.wp.com\/museenationaldelaphotographie.com\/wp-content\/uploads\/2020\/06\/iangagne.jpg?resize=248%2C198&#038;ssl=1\" alt=\"\" width=\"248\" height=\"198\" srcset=\"https:\/\/i0.wp.com\/museenationaldelaphotographie.com\/wp-content\/uploads\/2020\/06\/iangagne.jpg?w=512&amp;ssl=1 512w, https:\/\/i0.wp.com\/museenationaldelaphotographie.com\/wp-content\/uploads\/2020\/06\/iangagne.jpg?resize=300%2C240&amp;ssl=1 300w\" sizes=\"(max-width: 248px) 100vw, 248px\" \/><span style=\"font-size: 19px; font-family: arial, helvetica, sans-serif;\"><span style=\"color: #e3e3e3;\">C&rsquo;est la conf\u00e9rence id\u00e9ale pour vous initier \u00e0 la photographie! Ian Gagn\u00e9 est l&rsquo;homme qu&rsquo;il<\/span> <span style=\"color: #e3e3e3;\">vous faut pour vous affranchir de la th\u00e9orie, des principes fondamentaux de la photographie et de vous amener \u00e0 ma\u00eetriser votre outil : votre appareil photo ou votre cellulaire! Venez vous ouvrir \u00e0 de nouveaux horizons!<\/span><\/span><\/p>\n<p><!-- \/wp:tadv\/classic-paragraph --><\/p>\n<p><!-- wp:paragraph --><\/p>\n<p><!-- \/wp:paragraph --><\/p>\n<p><!-- wp:paragraph --><\/p>\n<p><!-- \/wp:paragraph --><\/p>\n<p><!-- wp:paragraph {\"align\":\"right\",\"customFontSize\":18} --><\/p>\n<p class=\"has-text-align-right\" style=\"font-size: 18px; text-align: right;\"><span style=\"font-size: 24pt; color: #ffffff;\"><strong><span class=\"tadv-color\">\u00a0<\/span><\/strong><\/span><\/p>\n<p>\u00a0<\/p>\n<p style=\"text-align: center;\"><span style=\"font-size: 14pt; color: #ffffff;\">For more informations, contact us here:<\/span><\/p>\n<p><!-- \/wp:tadv\/classic-paragraph --><\/p>\t\t\t\t\t\t\t\t<\/div>\n\t\t\t\t<\/div>\n\t\t\t\t\t<\/div>\n\t\t<\/div>\n\t\t\t\t\t<\/div>\n\t\t<\/section>\n\t\t\t\t<section class=\"elementor-section elementor-top-section elementor-element elementor-element-e3c7e77 elementor-section-boxed elementor-section-height-default elementor-section-height-default\" data-id=\"e3c7e77\" data-element_type=\"section\" data-e-type=\"section\">\n\t\t\t\t\t\t<div class=\"elementor-container elementor-column-gap-default\">\n\t\t\t\t\t<div class=\"elementor-column elementor-col-100 elementor-top-column elementor-element elementor-element-ff97b6f\" data-id=\"ff97b6f\" data-element_type=\"column\" data-e-type=\"column\">\n\t\t\t<div class=\"elementor-widget-wrap elementor-element-populated\">\n\t\t\t\t\t\t<div class=\"elementor-element elementor-element-5fa2d6e elementor-align-center elementor-widget elementor-widget-button\" data-id=\"5fa2d6e\" data-element_type=\"widget\" data-e-type=\"widget\" data-widget_type=\"button.default\">\n\t\t\t\t<div class=\"elementor-widget-container\">\n\t\t\t\t\t\t\t\t\t<div class=\"elementor-button-wrapper\">\n\t\t\t\t\t<a class=\"elementor-button elementor-button-link elementor-size-sm\" href=\"https:\/\/museenationaldelaphotographie.com\/en\/informations%20\/\">\n\t\t\t\t\t\t<span class=\"elementor-button-content-wrapper\">\n\t\t\t\t\t\t\t\t\t<span class=\"elementor-button-text\">CONTACT US<\/span>\n\t\t\t\t\t<\/span>\n\t\t\t\t\t<\/a>\n\t\t\t\t<\/div>\n\t\t\t\t\t\t\t\t<\/div>\n\t\t\t\t<\/div>\n\t\t\t\t\t<\/div>\n\t\t<\/div>\n\t\t\t\t\t<\/div>\n\t\t<\/section>\n\t\t\t\t<\/div>","protected":false},"excerpt":{"rendered":"<p>CONF\u00c9RENCES \u00a0 Sur demande ou pour compl\u00e9ter votre exp\u00e9rience au mus\u00e9e, nous avons le plaisir de vous offrir diverses conf\u00e9rences de grands passionn\u00e9s de la photographie. \u00a0 PASSION VOYAGE\u00a0 Lise Garant et Michel Doyon seraient ravis de pouvoir partager avec vous leur passion voyage pour les safaris photo en Afrique. D\u00e9couvrez la merveilleuse aventure d&rsquo;un &hellip; <\/p>\n<p class=\"link-more\"><a href=\"https:\/\/museenationaldelaphotographie.com\/en\/conferenciers\" class=\"more-link\">Continue reading<span class=\"screen-reader-text\"> \u00ab\u00a0CONF\u00c9RENCES\u00a0\u00bb<\/span><\/a><\/p>","protected":false},"author":1,"featured_media":0,"parent":0,"menu_order":0,"comment_status":"closed","ping_status":"closed","template":"","meta":{"ngg_post_thumbnail":0,"footnotes":""},"class_list":["post-302","page","type-page","status-publish","hentry"],"yoast_head":"<!-- This site is optimized with the Yoast SEO plugin v27.4 - https:\/\/yoast.com\/product\/yoast-seo-wordpress\/ -->\n<title>Conf\u00e9rences sur la photographie -<\/title>\n<meta name=\"description\" content=\"Conf\u00e9rences enrichissantes et dynamique pour tout les \u00e2ges. Passionn\u00e9s de photographie et de voyage vous feront d\u00e9couvrir leurs travails.\" \/>\n<meta name=\"robots\" content=\"index, follow, max-snippet:-1, max-image-preview:large, max-video-preview:-1\" \/>\n<link rel=\"canonical\" href=\"https:\/\/museenationaldelaphotographie.com\/en\/conferenciers\/\" \/>\n<meta property=\"og:locale\" content=\"en_US\" \/>\n<meta property=\"og:type\" content=\"article\" \/>\n<meta property=\"og:title\" content=\"Conf\u00e9rences sur la photographie -\" \/>\n<meta property=\"og:description\" content=\"Conf\u00e9rences enrichissantes et dynamique pour tout les \u00e2ges. Passionn\u00e9s de photographie et de voyage vous feront d\u00e9couvrir leurs travails.\" \/>\n<meta property=\"og:url\" content=\"https:\/\/museenationaldelaphotographie.com\/en\/conferenciers\/\" \/>\n<meta property=\"article:modified_time\" content=\"2026-02-25T17:04:32+00:00\" \/>\n<meta property=\"og:image\" content=\"https:\/\/museenationaldelaphotographie.com\/wp-content\/uploads\/2024\/06\/Michel-et-Lise-photoaidcom-greyscale-300x300.jpg\" \/>\n<meta name=\"twitter:card\" content=\"summary_large_image\" \/>\n<meta name=\"twitter:label1\" content=\"Est. reading time\" \/>\n\t<meta name=\"twitter:data1\" content=\"2 minutes\" \/>\n<script type=\"application\/ld+json\" class=\"yoast-schema-graph\">{\"@context\":\"https:\\\/\\\/schema.org\",\"@graph\":[{\"@type\":\"WebPage\",\"@id\":\"https:\\\/\\\/museenationaldelaphotographie.com\\\/conferenciers\",\"url\":\"https:\\\/\\\/museenationaldelaphotographie.com\\\/conferenciers\",\"name\":\"Conf\u00e9rences sur la photographie -\",\"isPartOf\":{\"@id\":\"https:\\\/\\\/museenationaldelaphotographie.com\\\/#website\"},\"primaryImageOfPage\":{\"@id\":\"https:\\\/\\\/museenationaldelaphotographie.com\\\/conferenciers#primaryimage\"},\"image\":{\"@id\":\"https:\\\/\\\/museenationaldelaphotographie.com\\\/conferenciers#primaryimage\"},\"thumbnailUrl\":\"https:\\\/\\\/museenationaldelaphotographie.com\\\/wp-content\\\/uploads\\\/2024\\\/06\\\/Michel-et-Lise-photoaidcom-greyscale-300x300.jpg\",\"datePublished\":\"2020-03-08T15:42:31+00:00\",\"dateModified\":\"2026-02-25T17:04:32+00:00\",\"description\":\"Conf\u00e9rences enrichissantes et dynamique pour tout les \u00e2ges. Passionn\u00e9s de photographie et de voyage vous feront d\u00e9couvrir leurs travails.\",\"breadcrumb\":{\"@id\":\"https:\\\/\\\/museenationaldelaphotographie.com\\\/conferenciers#breadcrumb\"},\"inLanguage\":\"en-CA\",\"potentialAction\":[{\"@type\":\"ReadAction\",\"target\":[\"https:\\\/\\\/museenationaldelaphotographie.com\\\/conferenciers\"]}]},{\"@type\":\"ImageObject\",\"inLanguage\":\"en-CA\",\"@id\":\"https:\\\/\\\/museenationaldelaphotographie.com\\\/conferenciers#primaryimage\",\"url\":\"https:\\\/\\\/museenationaldelaphotographie.com\\\/wp-content\\\/uploads\\\/2024\\\/06\\\/Michel-et-Lise-photoaidcom-greyscale-300x300.jpg\",\"contentUrl\":\"https:\\\/\\\/museenationaldelaphotographie.com\\\/wp-content\\\/uploads\\\/2024\\\/06\\\/Michel-et-Lise-photoaidcom-greyscale-300x300.jpg\"},{\"@type\":\"BreadcrumbList\",\"@id\":\"https:\\\/\\\/museenationaldelaphotographie.com\\\/conferenciers#breadcrumb\",\"itemListElement\":[{\"@type\":\"ListItem\",\"position\":1,\"name\":\"Accueil\",\"item\":\"https:\\\/\\\/museenationaldelaphotographie.com\\\/\"},{\"@type\":\"ListItem\",\"position\":2,\"name\":\"CONF\u00c9RENCES\"}]},{\"@type\":\"WebSite\",\"@id\":\"https:\\\/\\\/museenationaldelaphotographie.com\\\/#website\",\"url\":\"https:\\\/\\\/museenationaldelaphotographie.com\\\/\",\"name\":\"\",\"description\":\"\",\"potentialAction\":[{\"@type\":\"SearchAction\",\"target\":{\"@type\":\"EntryPoint\",\"urlTemplate\":\"https:\\\/\\\/museenationaldelaphotographie.com\\\/?s={search_term_string}\"},\"query-input\":{\"@type\":\"PropertyValueSpecification\",\"valueRequired\":true,\"valueName\":\"search_term_string\"}}],\"inLanguage\":\"en-CA\"}]}<\/script>\n<!-- \/ Yoast SEO plugin. -->","yoast_head_json":{"title":"Conf\u00e9rences sur la photographie -","description":"Conf\u00e9rences enrichissantes et dynamique pour tout les \u00e2ges. Passionn\u00e9s de photographie et de voyage vous feront d\u00e9couvrir leurs travails.","robots":{"index":"index","follow":"follow","max-snippet":"max-snippet:-1","max-image-preview":"max-image-preview:large","max-video-preview":"max-video-preview:-1"},"canonical":"https:\/\/museenationaldelaphotographie.com\/en\/conferenciers\/","og_locale":"en_US","og_type":"article","og_title":"Conf\u00e9rences sur la photographie -","og_description":"Conf\u00e9rences enrichissantes et dynamique pour tout les \u00e2ges. Passionn\u00e9s de photographie et de voyage vous feront d\u00e9couvrir leurs travails.","og_url":"https:\/\/museenationaldelaphotographie.com\/en\/conferenciers\/","article_modified_time":"2026-02-25T17:04:32+00:00","og_image":[{"url":"https:\/\/museenationaldelaphotographie.com\/wp-content\/uploads\/2024\/06\/Michel-et-Lise-photoaidcom-greyscale-300x300.jpg","type":"","width":"","height":""}],"twitter_card":"summary_large_image","twitter_misc":{"Est. reading time":"2 minutes"},"schema":{"@context":"https:\/\/schema.org","@graph":[{"@type":"WebPage","@id":"https:\/\/museenationaldelaphotographie.com\/conferenciers","url":"https:\/\/museenationaldelaphotographie.com\/conferenciers","name":"Conf\u00e9rences sur la photographie -","isPartOf":{"@id":"https:\/\/museenationaldelaphotographie.com\/#website"},"primaryImageOfPage":{"@id":"https:\/\/museenationaldelaphotographie.com\/conferenciers#primaryimage"},"image":{"@id":"https:\/\/museenationaldelaphotographie.com\/conferenciers#primaryimage"},"thumbnailUrl":"https:\/\/museenationaldelaphotographie.com\/wp-content\/uploads\/2024\/06\/Michel-et-Lise-photoaidcom-greyscale-300x300.jpg","datePublished":"2020-03-08T15:42:31+00:00","dateModified":"2026-02-25T17:04:32+00:00","description":"Conf\u00e9rences enrichissantes et dynamique pour tout les \u00e2ges. Passionn\u00e9s de photographie et de voyage vous feront d\u00e9couvrir leurs travails.","breadcrumb":{"@id":"https:\/\/museenationaldelaphotographie.com\/conferenciers#breadcrumb"},"inLanguage":"en-CA","potentialAction":[{"@type":"ReadAction","target":["https:\/\/museenationaldelaphotographie.com\/conferenciers"]}]},{"@type":"ImageObject","inLanguage":"en-CA","@id":"https:\/\/museenationaldelaphotographie.com\/conferenciers#primaryimage","url":"https:\/\/museenationaldelaphotographie.com\/wp-content\/uploads\/2024\/06\/Michel-et-Lise-photoaidcom-greyscale-300x300.jpg","contentUrl":"https:\/\/museenationaldelaphotographie.com\/wp-content\/uploads\/2024\/06\/Michel-et-Lise-photoaidcom-greyscale-300x300.jpg"},{"@type":"BreadcrumbList","@id":"https:\/\/museenationaldelaphotographie.com\/conferenciers#breadcrumb","itemListElement":[{"@type":"ListItem","position":1,"name":"Accueil","item":"https:\/\/museenationaldelaphotographie.com\/"},{"@type":"ListItem","position":2,"name":"CONF\u00c9RENCES"}]},{"@type":"WebSite","@id":"https:\/\/museenationaldelaphotographie.com\/#website","url":"https:\/\/museenationaldelaphotographie.com\/","name":"","description":"","potentialAction":[{"@type":"SearchAction","target":{"@type":"EntryPoint","urlTemplate":"https:\/\/museenationaldelaphotographie.com\/?s={search_term_string}"},"query-input":{"@type":"PropertyValueSpecification","valueRequired":true,"valueName":"search_term_string"}}],"inLanguage":"en-CA"}]}},"jetpack_sharing_enabled":true,"_links":{"self":[{"href":"https:\/\/museenationaldelaphotographie.com\/en\/wp-json\/wp\/v2\/pages\/302","targetHints":{"allow":["GET"]}}],"collection":[{"href":"https:\/\/museenationaldelaphotographie.com\/en\/wp-json\/wp\/v2\/pages"}],"about":[{"href":"https:\/\/museenationaldelaphotographie.com\/en\/wp-json\/wp\/v2\/types\/page"}],"author":[{"embeddable":true,"href":"https:\/\/museenationaldelaphotographie.com\/en\/wp-json\/wp\/v2\/users\/1"}],"replies":[{"embeddable":true,"href":"https:\/\/museenationaldelaphotographie.com\/en\/wp-json\/wp\/v2\/comments?post=302"}],"version-history":[{"count":58,"href":"https:\/\/museenationaldelaphotographie.com\/en\/wp-json\/wp\/v2\/pages\/302\/revisions"}],"predecessor-version":[{"id":5959,"href":"https:\/\/museenationaldelaphotographie.com\/en\/wp-json\/wp\/v2\/pages\/302\/revisions\/5959"}],"wp:attachment":[{"href":"https:\/\/museenationaldelaphotographie.com\/en\/wp-json\/wp\/v2\/media?parent=302"}],"curies":[{"name":"wp","href":"https:\/\/api.w.org\/{rel}","templated":true}]}}