{"id":300,"date":"2020-03-08T15:42:31","date_gmt":"2020-03-08T15:42:31","guid":{"rendered":"http:\/\/museenationaldelaphotographie.com\/?page_id=300"},"modified":"2026-03-31T12:57:59","modified_gmt":"2026-03-31T12:57:59","slug":"activites-et-visites","status":"publish","type":"page","link":"https:\/\/museenationaldelaphotographie.com\/en\/activites-et-visites","title":{"rendered":"VISITE"},"content":{"rendered":"<div data-elementor-type=\"wp-page\" data-elementor-id=\"300\" class=\"elementor elementor-300\">\n\t\t\t\t\t\t<section class=\"elementor-section elementor-top-section elementor-element elementor-element-66a4175 elementor-section-stretched elementor-section-boxed elementor-section-height-default elementor-section-height-default\" data-id=\"66a4175\" data-element_type=\"section\" data-e-type=\"section\" data-settings=\"{&quot;stretch_section&quot;:&quot;section-stretched&quot;}\">\n\t\t\t\t\t\t<div class=\"elementor-container elementor-column-gap-default\">\n\t\t\t\t\t<div class=\"elementor-column elementor-col-100 elementor-top-column elementor-element elementor-element-6d09929\" data-id=\"6d09929\" data-element_type=\"column\" data-e-type=\"column\">\n\t\t\t<div class=\"elementor-widget-wrap elementor-element-populated\">\n\t\t\t\t\t\t<div class=\"elementor-element elementor-element-bd59fef elementor-widget elementor-widget-text-editor\" data-id=\"bd59fef\" data-element_type=\"widget\" data-e-type=\"widget\" data-widget_type=\"text-editor.default\">\n\t\t\t\t<div class=\"elementor-widget-container\">\n\t\t\t\t\t\t\t\t\t<p><span style=\"text-align: left;\">L\u2019activit\u00e9 la plus populaire est sans aucun doute la visite guid\u00e9e! Laissez-nous le plaisir de vous faire d\u00e9couvrir le Mus\u00e9e, en d\u00e9couvrant nos diverses expositions et notre prestigieuse collection d\u2019appareils et de photographies.<\/span><\/p>\n<p style=\"margin-left: 18.0pt; mso-add-space: auto; text-align: left;\" align=\"left\">\u00a0<\/p>\t\t\t\t\t\t\t\t<\/div>\n\t\t\t\t<\/div>\n\t\t\t\t\t<\/div>\n\t\t<\/div>\n\t\t\t\t\t<\/div>\n\t\t<\/section>\n\t\t\t\t<section class=\"elementor-section elementor-top-section elementor-element elementor-element-ba47c83 elementor-section-stretched elementor-section-boxed elementor-section-height-default elementor-section-height-default\" data-id=\"ba47c83\" data-element_type=\"section\" data-e-type=\"section\" data-settings=\"{&quot;stretch_section&quot;:&quot;section-stretched&quot;}\">\n\t\t\t\t\t\t<div class=\"elementor-container elementor-column-gap-default\">\n\t\t\t\t\t<div class=\"elementor-column elementor-col-100 elementor-top-column elementor-element elementor-element-862d5ce\" data-id=\"862d5ce\" data-element_type=\"column\" data-e-type=\"column\">\n\t\t\t<div class=\"elementor-widget-wrap elementor-element-populated\">\n\t\t\t\t\t\t<div class=\"elementor-element elementor-element-e4237d5 elementor-widget elementor-widget-heading\" data-id=\"e4237d5\" data-element_type=\"widget\" data-e-type=\"widget\" data-widget_type=\"heading.default\">\n\t\t\t\t<div class=\"elementor-widget-container\">\n\t\t\t\t\t<h2 class=\"elementor-heading-title elementor-size-default\">GUIDED TOUR<\/h2>\t\t\t\t<\/div>\n\t\t\t\t<\/div>\n\t\t\t\t\t<\/div>\n\t\t<\/div>\n\t\t\t\t\t<\/div>\n\t\t<\/section>\n\t\t\t\t<section class=\"elementor-section elementor-top-section elementor-element elementor-element-89339c9 elementor-section-stretched elementor-section-boxed elementor-section-height-default elementor-section-height-default\" data-id=\"89339c9\" data-element_type=\"section\" data-e-type=\"section\" data-settings=\"{&quot;stretch_section&quot;:&quot;section-stretched&quot;}\">\n\t\t\t\t\t\t<div class=\"elementor-container elementor-column-gap-default\">\n\t\t\t\t\t<div class=\"elementor-column elementor-col-100 elementor-top-column elementor-element elementor-element-34827fc\" data-id=\"34827fc\" data-element_type=\"column\" data-e-type=\"column\">\n\t\t\t<div class=\"elementor-widget-wrap elementor-element-populated\">\n\t\t\t\t\t\t<div class=\"elementor-element elementor-element-ee367e8 elementor-widget elementor-widget-text-editor\" data-id=\"ee367e8\" data-element_type=\"widget\" data-e-type=\"widget\" data-widget_type=\"text-editor.default\">\n\t\t\t\t<div class=\"elementor-widget-container\">\n\t\t\t\t\t\t\t\t\t<p>D\u00e8s votre arriv\u00e9, un guide vous proposera ses services afin de vous accompagner dans votre visite du Mus\u00e9e. Il vous partagera ses connaissances et des anecdotes tout au long de la d\u00e9couverte des diverses expositions. Voici le programme qui vous sera offert:\u00a0<\/p>\n<ul>\n<li style=\"list-style-type: none;\">\n<ul>\n<li style=\"text-align: left;\">Expositions permanentes (2)<\/li>\n<li style=\"text-align: left;\">Expositions temporaires (3)<\/li>\n<li style=\"text-align: left;\">Commentaires et anecdotes du guide<\/li>\n<\/ul>\n<\/li>\n<\/ul>\t\t\t\t\t\t\t\t<\/div>\n\t\t\t\t<\/div>\n\t\t\t\t\t<\/div>\n\t\t<\/div>\n\t\t\t\t\t<\/div>\n\t\t<\/section>\n\t\t\t\t<section class=\"elementor-section elementor-top-section elementor-element elementor-element-97cc48a elementor-section-boxed elementor-section-height-default elementor-section-height-default\" data-id=\"97cc48a\" data-element_type=\"section\" data-e-type=\"section\">\n\t\t\t\t\t\t<div class=\"elementor-container elementor-column-gap-default\">\n\t\t\t\t\t<div class=\"elementor-column elementor-col-100 elementor-top-column elementor-element elementor-element-98347eb\" data-id=\"98347eb\" data-element_type=\"column\" data-e-type=\"column\">\n\t\t\t<div class=\"elementor-widget-wrap elementor-element-populated\">\n\t\t\t\t\t\t<div class=\"elementor-element elementor-element-1985942 elementor-align-center elementor-widget elementor-widget-button\" data-id=\"1985942\" data-element_type=\"widget\" data-e-type=\"widget\" data-widget_type=\"button.default\">\n\t\t\t\t<div class=\"elementor-widget-container\">\n\t\t\t\t\t\t\t\t\t<div class=\"elementor-button-wrapper\">\n\t\t\t\t\t<a class=\"elementor-button elementor-button-link elementor-size-sm\" href=\"https:\/\/www.zeffy.com\/fr-CA\/ticketing\/billetterie-musee-de-la-photographie-desjardins\" target=\"_blank\">\n\t\t\t\t\t\t<span class=\"elementor-button-content-wrapper\">\n\t\t\t\t\t\t\t\t\t<span class=\"elementor-button-text\">BILLETTERIE EN LIGNE<\/span>\n\t\t\t\t\t<\/span>\n\t\t\t\t\t<\/a>\n\t\t\t\t<\/div>\n\t\t\t\t\t\t\t\t<\/div>\n\t\t\t\t<\/div>\n\t\t\t\t<div class=\"elementor-element elementor-element-3608cc3 elementor-widget elementor-widget-heading\" data-id=\"3608cc3\" data-element_type=\"widget\" data-e-type=\"widget\" data-widget_type=\"heading.default\">\n\t\t\t\t<div class=\"elementor-widget-container\">\n\t\t\t\t\t<h2 class=\"elementor-heading-title elementor-size-default\"><br>VISITE LIBRE<\/h2>\t\t\t\t<\/div>\n\t\t\t\t<\/div>\n\t\t\t\t\t<\/div>\n\t\t<\/div>\n\t\t\t\t\t<\/div>\n\t\t<\/section>\n\t\t\t\t<section class=\"elementor-section elementor-top-section elementor-element elementor-element-2d9577a3 elementor-section-stretched elementor-section-boxed elementor-section-height-default elementor-section-height-default\" data-id=\"2d9577a3\" data-element_type=\"section\" data-e-type=\"section\" data-settings=\"{&quot;stretch_section&quot;:&quot;section-stretched&quot;}\">\n\t\t\t\t\t\t<div class=\"elementor-container elementor-column-gap-default\">\n\t\t\t\t\t<div class=\"elementor-column elementor-col-100 elementor-top-column elementor-element elementor-element-4e54ae03\" data-id=\"4e54ae03\" data-element_type=\"column\" data-e-type=\"column\">\n\t\t\t<div class=\"elementor-widget-wrap elementor-element-populated\">\n\t\t\t\t\t\t<div class=\"elementor-element elementor-element-5c37079 elementor-widget elementor-widget-text-editor\" data-id=\"5c37079\" data-element_type=\"widget\" data-e-type=\"widget\" data-widget_type=\"text-editor.default\">\n\t\t\t\t<div class=\"elementor-widget-container\">\n\t\t\t\t\t\t\t\t\t<p><\/p>\n<p style=\"text-align: center;\"><span style=\"font-weight: var( --e-global-typography-text-font-weight ); font-size: 19px; font-family: arial, helvetica, sans-serif;\">Vous pr\u00e9f\u00e9rez vivre l\u2019exp\u00e9rience du Mus\u00e9e en solo? Aucun probl\u00e8me! Vous \u00eates le bienvenu et il nous fera plaisir de r\u00e9pondre \u00e0 vos questions au besoin.&nbsp;<\/span><\/p>\n<p style=\"text-align: center;\"><span style=\"font-family: arial, helvetica, sans-serif; font-size: 19px;\"><span style=\"font-weight: var( --e-global-typography-text-font-weight );\">Si vous le souhaitez, vous pouvez t\u00e9l\u00e9charger l\u2019application<\/span>&nbsp;<span style=\"color: #999999;\">IZI.TRAVEL&nbsp;<\/span><span style=\"font-weight: var( --e-global-typography-text-font-weight );\">afin d\u2019\u00e9couter l\u2019audioguide d\u2019une des expositions permanentes lors de votre visite!<\/span><\/span><\/p>\n<p style=\"margin-left: 18.0pt; mso-add-space: auto;\">\n<\/p><p style=\"margin-left: 18.0pt; mso-add-space: auto;\"><span style=\"font-family: arial, helvetica, sans-serif; font-size: 19px;\">L\u2019audioguide est disponible au Mus\u00e9e, \u00e0 l\u2019aide de codes QR.<\/span><\/p>\n<p style=\"text-align: center;\"><span style=\"font-family: arial, helvetica, sans-serif; font-size: 19px;\"><span style=\"color: #e3e3e3;\">These audio-guides will be available at the Museum, with QR codes.<\/span><\/span><\/p>\n<p><img fetchpriority=\"high\" decoding=\"async\" data-recalc-dims=\"1\" src=\"https:\/\/i0.wp.com\/museenationaldelaphotographie.com\/wp-content\/uploads\/2021\/07\/IZITRAVELMINI-removebg-preview.png?resize=400%2C267&#038;ssl=1\" alt=\"\" width=\"400\" height=\"267\"><\/p>\n<p style=\"text-align: center;\"><span style=\"color: #e3e3e3; font-size: 19px; font-family: arial, helvetica, sans-serif;\"><a style=\"color: #e3e3e3;\" href=\"https:\/\/apps.apple.com\/app\/opas\/id554726752\"><strong>IOS app<\/strong><\/a><\/span><br><span style=\"color: #e3e3e3; font-size: 19px; font-family: arial, helvetica, sans-serif;\"><a style=\"color: #e3e3e3;\" href=\"https:\/\/play.google.com\/store\/apps\/details?id=travel.opas.client&amp;referrer=utm_source%3Dizi.travel\"><strong>Android app<\/strong><\/a><\/span><\/p>\n<p><\/p>\t\t\t\t\t\t\t\t<\/div>\n\t\t\t\t<\/div>\n\t\t\t\t\t<\/div>\n\t\t<\/div>\n\t\t\t\t\t<\/div>\n\t\t<\/section>\n\t\t\t\t<\/div>","protected":false},"excerpt":{"rendered":"<p>L\u2019activit\u00e9 la plus populaire est sans aucun doute la visite guid\u00e9e! Laissez-nous le plaisir de vous faire d\u00e9couvrir le Mus\u00e9e, en d\u00e9couvrant nos diverses expositions et notre prestigieuse collection d\u2019appareils et de photographies. \u00a0 VISITE GUID\u00c9E D\u00e8s votre arriv\u00e9, un guide vous proposera ses services afin de vous accompagner dans votre visite du Mus\u00e9e. Il &hellip; <\/p>\n<p class=\"link-more\"><a href=\"https:\/\/museenationaldelaphotographie.com\/en\/activites-et-visites\" class=\"more-link\">Continue reading<span class=\"screen-reader-text\"> \u00ab\u00a0VISITE\u00a0\u00bb<\/span><\/a><\/p>","protected":false},"author":1,"featured_media":0,"parent":0,"menu_order":0,"comment_status":"closed","ping_status":"closed","template":"","meta":{"ngg_post_thumbnail":0,"footnotes":""},"class_list":["post-300","page","type-page","status-publish","hentry"],"yoast_head":"<!-- This site is optimized with the Yoast SEO plugin v27.4 - https:\/\/yoast.com\/product\/yoast-seo-wordpress\/ -->\n<title>Options de visite -<\/title>\n<meta name=\"description\" content=\"Nous avons le type d&#039;activit\u00e9s qui plaira \u00e0 tous. Visite guid\u00e9, sortie scolaire, conf\u00e9rences et autres pour plaire au famille et aux adultes.\" \/>\n<meta name=\"robots\" content=\"index, follow, max-snippet:-1, max-image-preview:large, max-video-preview:-1\" \/>\n<link rel=\"canonical\" href=\"https:\/\/museenationaldelaphotographie.com\/en\/activites-et-visites\/\" \/>\n<meta property=\"og:locale\" content=\"en_US\" \/>\n<meta property=\"og:type\" content=\"article\" \/>\n<meta property=\"og:title\" content=\"Options de visite -\" \/>\n<meta property=\"og:description\" content=\"Nous avons le type d&#039;activit\u00e9s qui plaira \u00e0 tous. Visite guid\u00e9, sortie scolaire, conf\u00e9rences et autres pour plaire au famille et aux adultes.\" \/>\n<meta property=\"og:url\" content=\"https:\/\/museenationaldelaphotographie.com\/en\/activites-et-visites\/\" \/>\n<meta property=\"article:modified_time\" content=\"2026-03-31T12:57:59+00:00\" \/>\n<meta property=\"og:image\" content=\"https:\/\/museenationaldelaphotographie.com\/wp-content\/uploads\/2021\/07\/IZITRAVELMINI-removebg-preview.png\" \/>\n<meta name=\"twitter:card\" content=\"summary_large_image\" \/>\n<meta name=\"twitter:label1\" content=\"Est. reading time\" \/>\n\t<meta name=\"twitter:data1\" content=\"2 minutes\" \/>\n<script type=\"application\/ld+json\" class=\"yoast-schema-graph\">{\"@context\":\"https:\\\/\\\/schema.org\",\"@graph\":[{\"@type\":\"WebPage\",\"@id\":\"https:\\\/\\\/museenationaldelaphotographie.com\\\/activites-et-visites\",\"url\":\"https:\\\/\\\/museenationaldelaphotographie.com\\\/activites-et-visites\",\"name\":\"Options de visite -\",\"isPartOf\":{\"@id\":\"https:\\\/\\\/museenationaldelaphotographie.com\\\/#website\"},\"primaryImageOfPage\":{\"@id\":\"https:\\\/\\\/museenationaldelaphotographie.com\\\/activites-et-visites#primaryimage\"},\"image\":{\"@id\":\"https:\\\/\\\/museenationaldelaphotographie.com\\\/activites-et-visites#primaryimage\"},\"thumbnailUrl\":\"https:\\\/\\\/museenationaldelaphotographie.com\\\/wp-content\\\/uploads\\\/2021\\\/07\\\/IZITRAVELMINI-removebg-preview.png\",\"datePublished\":\"2020-03-08T15:42:31+00:00\",\"dateModified\":\"2026-03-31T12:57:59+00:00\",\"description\":\"Nous avons le type d'activit\u00e9s qui plaira \u00e0 tous. Visite guid\u00e9, sortie scolaire, conf\u00e9rences et autres pour plaire au famille et aux adultes.\",\"breadcrumb\":{\"@id\":\"https:\\\/\\\/museenationaldelaphotographie.com\\\/activites-et-visites#breadcrumb\"},\"inLanguage\":\"en-CA\",\"potentialAction\":[{\"@type\":\"ReadAction\",\"target\":[\"https:\\\/\\\/museenationaldelaphotographie.com\\\/activites-et-visites\"]}]},{\"@type\":\"ImageObject\",\"inLanguage\":\"en-CA\",\"@id\":\"https:\\\/\\\/museenationaldelaphotographie.com\\\/activites-et-visites#primaryimage\",\"url\":\"https:\\\/\\\/museenationaldelaphotographie.com\\\/wp-content\\\/uploads\\\/2021\\\/07\\\/IZITRAVELMINI-removebg-preview.png\",\"contentUrl\":\"https:\\\/\\\/museenationaldelaphotographie.com\\\/wp-content\\\/uploads\\\/2021\\\/07\\\/IZITRAVELMINI-removebg-preview.png\"},{\"@type\":\"BreadcrumbList\",\"@id\":\"https:\\\/\\\/museenationaldelaphotographie.com\\\/activites-et-visites#breadcrumb\",\"itemListElement\":[{\"@type\":\"ListItem\",\"position\":1,\"name\":\"Accueil\",\"item\":\"https:\\\/\\\/museenationaldelaphotographie.com\\\/\"},{\"@type\":\"ListItem\",\"position\":2,\"name\":\"VISITE\"}]},{\"@type\":\"WebSite\",\"@id\":\"https:\\\/\\\/museenationaldelaphotographie.com\\\/#website\",\"url\":\"https:\\\/\\\/museenationaldelaphotographie.com\\\/\",\"name\":\"\",\"description\":\"\",\"potentialAction\":[{\"@type\":\"SearchAction\",\"target\":{\"@type\":\"EntryPoint\",\"urlTemplate\":\"https:\\\/\\\/museenationaldelaphotographie.com\\\/?s={search_term_string}\"},\"query-input\":{\"@type\":\"PropertyValueSpecification\",\"valueRequired\":true,\"valueName\":\"search_term_string\"}}],\"inLanguage\":\"en-CA\"}]}<\/script>\n<!-- \/ Yoast SEO plugin. -->","yoast_head_json":{"title":"Options de visite -","description":"Nous avons le type d'activit\u00e9s qui plaira \u00e0 tous. Visite guid\u00e9, sortie scolaire, conf\u00e9rences et autres pour plaire au famille et aux adultes.","robots":{"index":"index","follow":"follow","max-snippet":"max-snippet:-1","max-image-preview":"max-image-preview:large","max-video-preview":"max-video-preview:-1"},"canonical":"https:\/\/museenationaldelaphotographie.com\/en\/activites-et-visites\/","og_locale":"en_US","og_type":"article","og_title":"Options de visite -","og_description":"Nous avons le type d'activit\u00e9s qui plaira \u00e0 tous. Visite guid\u00e9, sortie scolaire, conf\u00e9rences et autres pour plaire au famille et aux adultes.","og_url":"https:\/\/museenationaldelaphotographie.com\/en\/activites-et-visites\/","article_modified_time":"2026-03-31T12:57:59+00:00","og_image":[{"url":"https:\/\/museenationaldelaphotographie.com\/wp-content\/uploads\/2021\/07\/IZITRAVELMINI-removebg-preview.png","type":"","width":"","height":""}],"twitter_card":"summary_large_image","twitter_misc":{"Est. reading time":"2 minutes"},"schema":{"@context":"https:\/\/schema.org","@graph":[{"@type":"WebPage","@id":"https:\/\/museenationaldelaphotographie.com\/activites-et-visites","url":"https:\/\/museenationaldelaphotographie.com\/activites-et-visites","name":"Options de visite -","isPartOf":{"@id":"https:\/\/museenationaldelaphotographie.com\/#website"},"primaryImageOfPage":{"@id":"https:\/\/museenationaldelaphotographie.com\/activites-et-visites#primaryimage"},"image":{"@id":"https:\/\/museenationaldelaphotographie.com\/activites-et-visites#primaryimage"},"thumbnailUrl":"https:\/\/museenationaldelaphotographie.com\/wp-content\/uploads\/2021\/07\/IZITRAVELMINI-removebg-preview.png","datePublished":"2020-03-08T15:42:31+00:00","dateModified":"2026-03-31T12:57:59+00:00","description":"Nous avons le type d'activit\u00e9s qui plaira \u00e0 tous. Visite guid\u00e9, sortie scolaire, conf\u00e9rences et autres pour plaire au famille et aux adultes.","breadcrumb":{"@id":"https:\/\/museenationaldelaphotographie.com\/activites-et-visites#breadcrumb"},"inLanguage":"en-CA","potentialAction":[{"@type":"ReadAction","target":["https:\/\/museenationaldelaphotographie.com\/activites-et-visites"]}]},{"@type":"ImageObject","inLanguage":"en-CA","@id":"https:\/\/museenationaldelaphotographie.com\/activites-et-visites#primaryimage","url":"https:\/\/museenationaldelaphotographie.com\/wp-content\/uploads\/2021\/07\/IZITRAVELMINI-removebg-preview.png","contentUrl":"https:\/\/museenationaldelaphotographie.com\/wp-content\/uploads\/2021\/07\/IZITRAVELMINI-removebg-preview.png"},{"@type":"BreadcrumbList","@id":"https:\/\/museenationaldelaphotographie.com\/activites-et-visites#breadcrumb","itemListElement":[{"@type":"ListItem","position":1,"name":"Accueil","item":"https:\/\/museenationaldelaphotographie.com\/"},{"@type":"ListItem","position":2,"name":"VISITE"}]},{"@type":"WebSite","@id":"https:\/\/museenationaldelaphotographie.com\/#website","url":"https:\/\/museenationaldelaphotographie.com\/","name":"","description":"","potentialAction":[{"@type":"SearchAction","target":{"@type":"EntryPoint","urlTemplate":"https:\/\/museenationaldelaphotographie.com\/?s={search_term_string}"},"query-input":{"@type":"PropertyValueSpecification","valueRequired":true,"valueName":"search_term_string"}}],"inLanguage":"en-CA"}]}},"jetpack_sharing_enabled":true,"_links":{"self":[{"href":"https:\/\/museenationaldelaphotographie.com\/en\/wp-json\/wp\/v2\/pages\/300","targetHints":{"allow":["GET"]}}],"collection":[{"href":"https:\/\/museenationaldelaphotographie.com\/en\/wp-json\/wp\/v2\/pages"}],"about":[{"href":"https:\/\/museenationaldelaphotographie.com\/en\/wp-json\/wp\/v2\/types\/page"}],"author":[{"embeddable":true,"href":"https:\/\/museenationaldelaphotographie.com\/en\/wp-json\/wp\/v2\/users\/1"}],"replies":[{"embeddable":true,"href":"https:\/\/museenationaldelaphotographie.com\/en\/wp-json\/wp\/v2\/comments?post=300"}],"version-history":[{"count":40,"href":"https:\/\/museenationaldelaphotographie.com\/en\/wp-json\/wp\/v2\/pages\/300\/revisions"}],"predecessor-version":[{"id":6031,"href":"https:\/\/museenationaldelaphotographie.com\/en\/wp-json\/wp\/v2\/pages\/300\/revisions\/6031"}],"wp:attachment":[{"href":"https:\/\/museenationaldelaphotographie.com\/en\/wp-json\/wp\/v2\/media?parent=300"}],"curies":[{"name":"wp","href":"https:\/\/api.w.org\/{rel}","templated":true}]}}