{"id":290,"date":"2020-03-07T15:36:36","date_gmt":"2020-03-07T15:36:36","guid":{"rendered":"http:\/\/museenationaldelaphotographie.com\/?page_id=290"},"modified":"2026-03-31T12:59:42","modified_gmt":"2026-03-31T12:59:42","slug":"activite-de-groupe","status":"publish","type":"page","link":"https:\/\/museenationaldelaphotographie.com\/en\/activite-de-groupe","title":{"rendered":"VISITE DE GROUPE"},"content":{"rendered":"<div data-elementor-type=\"wp-page\" data-elementor-id=\"290\" class=\"elementor elementor-290\">\n\t\t\t\t\t\t<section class=\"elementor-section elementor-top-section elementor-element elementor-element-b69551e elementor-section-boxed elementor-section-height-default elementor-section-height-default\" data-id=\"b69551e\" data-element_type=\"section\" data-e-type=\"section\">\n\t\t\t\t\t\t<div class=\"elementor-container elementor-column-gap-default\">\n\t\t\t\t\t<div class=\"elementor-column elementor-col-100 elementor-top-column elementor-element elementor-element-4c03bcd\" data-id=\"4c03bcd\" data-element_type=\"column\" data-e-type=\"column\">\n\t\t\t<div class=\"elementor-widget-wrap elementor-element-populated\">\n\t\t\t\t\t\t<div class=\"elementor-element elementor-element-2c7c623 elementor-widget elementor-widget-heading\" data-id=\"2c7c623\" data-element_type=\"widget\" data-e-type=\"widget\" data-widget_type=\"heading.default\">\n\t\t\t\t<div class=\"elementor-widget-container\">\n\t\t\t\t\t<h2 class=\"elementor-heading-title elementor-size-default\">SCHOOL GROUPS<\/h2>\t\t\t\t<\/div>\n\t\t\t\t<\/div>\n\t\t\t\t\t<\/div>\n\t\t<\/div>\n\t\t\t\t\t<\/div>\n\t\t<\/section>\n\t\t\t\t<section class=\"elementor-section elementor-top-section elementor-element elementor-element-28e7137 elementor-section-boxed elementor-section-height-default elementor-section-height-default\" data-id=\"28e7137\" data-element_type=\"section\" data-e-type=\"section\">\n\t\t\t\t\t\t<div class=\"elementor-container elementor-column-gap-default\">\n\t\t\t\t\t<div class=\"elementor-column elementor-col-100 elementor-top-column elementor-element elementor-element-6fc69d1\" data-id=\"6fc69d1\" data-element_type=\"column\" data-e-type=\"column\">\n\t\t\t<div class=\"elementor-widget-wrap elementor-element-populated\">\n\t\t\t\t\t\t<div class=\"elementor-element elementor-element-96ea210 elementor-widget elementor-widget-image\" data-id=\"96ea210\" data-element_type=\"widget\" data-e-type=\"widget\" data-widget_type=\"image.default\">\n\t\t\t\t<div class=\"elementor-widget-container\">\n\t\t\t\t\t\t\t\t\t\t\t\t\t\t\t<img fetchpriority=\"high\" decoding=\"async\" width=\"323\" height=\"183\" src=\"https:\/\/i0.wp.com\/museenationaldelaphotographie.com\/wp-content\/uploads\/2020\/03\/logo_RCE.png?fit=323%2C183&amp;ssl=1\" class=\"attachment-large size-large wp-image-564\" alt=\"\" srcset=\"https:\/\/i0.wp.com\/museenationaldelaphotographie.com\/wp-content\/uploads\/2020\/03\/logo_RCE.png?w=323&amp;ssl=1 323w, https:\/\/i0.wp.com\/museenationaldelaphotographie.com\/wp-content\/uploads\/2020\/03\/logo_RCE.png?resize=300%2C170&amp;ssl=1 300w\" sizes=\"100vw\" \/>\t\t\t\t\t\t\t\t\t\t\t\t\t\t\t<\/div>\n\t\t\t\t<\/div>\n\t\t\t\t\t<\/div>\n\t\t<\/div>\n\t\t\t\t\t<\/div>\n\t\t<\/section>\n\t\t\t\t<section class=\"elementor-section elementor-top-section elementor-element elementor-element-1d5d6be elementor-section-stretched elementor-section-boxed elementor-section-height-default elementor-section-height-default\" data-id=\"1d5d6be\" data-element_type=\"section\" data-e-type=\"section\" data-settings=\"{&quot;stretch_section&quot;:&quot;section-stretched&quot;}\">\n\t\t\t\t\t\t<div class=\"elementor-container elementor-column-gap-default\">\n\t\t\t\t\t<div class=\"elementor-column elementor-col-100 elementor-top-column elementor-element elementor-element-ff833aa\" data-id=\"ff833aa\" data-element_type=\"column\" data-e-type=\"column\">\n\t\t\t<div class=\"elementor-widget-wrap elementor-element-populated\">\n\t\t\t\t\t\t<div class=\"elementor-element elementor-element-7631624 elementor-widget elementor-widget-text-editor\" data-id=\"7631624\" data-element_type=\"widget\" data-e-type=\"widget\" data-widget_type=\"text-editor.default\">\n\t\t\t\t<div class=\"elementor-widget-container\">\n\t\t\t\t\t\t\t\t\t<p><span style=\"font-family: arial, helvetica, sans-serif; font-size: 19px;\">Pour chacune des visites, une activit\u00e9 sur mesure vous est propos\u00e9 selon vos besoins.<\/span><span style=\"font-family: arial, helvetica, sans-serif; font-size: 19px;\">&nbsp;Le&nbsp;<\/span><span style=\"font-family: arial, helvetica, sans-serif; font-size: 19px;\">but est de vous accompagner dans la pr\u00e9paration, le d\u00e9roulement et l\u2019exp\u00e9rience&nbsp;<\/span><span style=\"font-family: arial, helvetica, sans-serif; font-size: 19px;\">p\u00e9dagogique de vos \u00e9l\u00e8ves. Le tout, en abordant les th\u00e8mes du domaine&nbsp;<\/span><span style=\"font-family: arial, helvetica, sans-serif; font-size: 19px;\">photographique mis en relation avec les programmes scolaires. Nos activit\u00e9s les plus populaires sont assur\u00e9ment la visite guid\u00e9e portant sur l&rsquo;\u00e9volution historique de la photographie et l&rsquo;appr\u00e9ciation des oeuvres photographique \u00e0 partir des coups de coeur de vos \u00e9l\u00e8ves.<\/span><\/p>\n<p><span style=\"font-family: arial, helvetica, sans-serif; font-size: 19px;\">Nos activit\u00e9s de m\u00e9diation culturelle sont en lien avec les diverses expositions du Mus\u00e9e et elles&nbsp;<\/span><span style=\"font-family: arial, helvetica, sans-serif; font-size: 19px;\">s\u2018appuient sur des outils \u00e9ducatifs adapt\u00e9s aux diff\u00e9rents niveaux des classes.&nbsp;<\/span><\/p>\n<p><span style=\"font-family: arial, helvetica, sans-serif; font-size: 19px;\">Nos activit\u00e9s se d\u00e9marquent afin d\u2019offrir une exp\u00e9rience enrichissante,&nbsp;<\/span><span style=\"font-family: arial, helvetica, sans-serif; font-size: 19px;\">sur mesure et personnalis\u00e9e, pour les \u00e9coles de niveau primaire, secondaire,&nbsp;<\/span><span style=\"font-family: arial, helvetica, sans-serif; font-size: 19px;\">coll\u00e9gial et universitaire.&nbsp;<\/span><\/p>\n<p style=\"margin-left: 18.0pt;\">\n<\/p>\t\t\t\t\t\t\t\t<\/div>\n\t\t\t\t<\/div>\n\t\t\t\t\t<\/div>\n\t\t<\/div>\n\t\t\t\t\t<\/div>\n\t\t<\/section>\n\t\t\t\t<section class=\"elementor-section elementor-top-section elementor-element elementor-element-d1d2227 elementor-section-boxed elementor-section-height-default elementor-section-height-default\" data-id=\"d1d2227\" data-element_type=\"section\" data-e-type=\"section\">\n\t\t\t\t\t\t<div class=\"elementor-container elementor-column-gap-default\">\n\t\t\t\t\t<div class=\"elementor-column elementor-col-100 elementor-top-column elementor-element elementor-element-435fbe1\" data-id=\"435fbe1\" data-element_type=\"column\" data-e-type=\"column\">\n\t\t\t<div class=\"elementor-widget-wrap elementor-element-populated\">\n\t\t\t\t\t\t<div class=\"elementor-element elementor-element-bad925e elementor-align-center elementor-widget elementor-widget-button\" data-id=\"bad925e\" data-element_type=\"widget\" data-e-type=\"widget\" data-widget_type=\"button.default\">\n\t\t\t\t<div class=\"elementor-widget-container\">\n\t\t\t\t\t\t\t\t\t<div class=\"elementor-button-wrapper\">\n\t\t\t\t\t<a class=\"elementor-button elementor-button-link elementor-size-sm\" href=\"https:\/\/www.zeffy.com\/fr-CA\/ticketing\/groupes-scolaires\" target=\"_blank\">\n\t\t\t\t\t\t<span class=\"elementor-button-content-wrapper\">\n\t\t\t\t\t\t\t\t\t<span class=\"elementor-button-text\">BILLETTERIE EN LIGNE<\/span>\n\t\t\t\t\t<\/span>\n\t\t\t\t\t<\/a>\n\t\t\t\t<\/div>\n\t\t\t\t\t\t\t\t<\/div>\n\t\t\t\t<\/div>\n\t\t\t\t<div class=\"elementor-element elementor-element-0133dd9 elementor-align-center elementor-widget elementor-widget-button\" data-id=\"0133dd9\" data-element_type=\"widget\" data-e-type=\"widget\" data-widget_type=\"button.default\">\n\t\t\t\t<div class=\"elementor-widget-container\">\n\t\t\t\t\t\t\t\t\t<div class=\"elementor-button-wrapper\">\n\t\t\t\t\t<a class=\"elementor-button elementor-button-link elementor-size-sm\" href=\"https:\/\/museenationaldelaphotographie.com\/wp-content\/uploads\/2024\/05\/Guide-pedagogique-2024.pdf%20\" target=\"_blank\">\n\t\t\t\t\t\t<span class=\"elementor-button-content-wrapper\">\n\t\t\t\t\t\t\t\t\t<span class=\"elementor-button-text\">Pedagogical guide<\/span>\n\t\t\t\t\t<\/span>\n\t\t\t\t\t<\/a>\n\t\t\t\t<\/div>\n\t\t\t\t\t\t\t\t<\/div>\n\t\t\t\t<\/div>\n\t\t\t\t\t<\/div>\n\t\t<\/div>\n\t\t\t\t\t<\/div>\n\t\t<\/section>\n\t\t\t\t<section class=\"elementor-section elementor-top-section elementor-element elementor-element-0f82b95 elementor-section-boxed elementor-section-height-default elementor-section-height-default\" data-id=\"0f82b95\" data-element_type=\"section\" data-e-type=\"section\">\n\t\t\t\t\t\t<div class=\"elementor-container elementor-column-gap-default\">\n\t\t\t\t\t<div class=\"elementor-column elementor-col-100 elementor-top-column elementor-element elementor-element-ae7944e\" data-id=\"ae7944e\" data-element_type=\"column\" data-e-type=\"column\">\n\t\t\t<div class=\"elementor-widget-wrap elementor-element-populated\">\n\t\t\t\t\t\t<div class=\"elementor-element elementor-element-11e492b elementor-widget elementor-widget-heading\" data-id=\"11e492b\" data-element_type=\"widget\" data-e-type=\"widget\" data-widget_type=\"heading.default\">\n\t\t\t\t<div class=\"elementor-widget-container\">\n\t\t\t\t\t<h2 class=\"elementor-heading-title elementor-size-default\"><br><br>GROUPES CULTURELS<\/h2>\t\t\t\t<\/div>\n\t\t\t\t<\/div>\n\t\t\t\t\t<\/div>\n\t\t<\/div>\n\t\t\t\t\t<\/div>\n\t\t<\/section>\n\t\t\t\t<section class=\"elementor-section elementor-top-section elementor-element elementor-element-82ea84c elementor-section-stretched elementor-section-boxed elementor-section-height-default elementor-section-height-default\" data-id=\"82ea84c\" data-element_type=\"section\" data-e-type=\"section\" data-settings=\"{&quot;stretch_section&quot;:&quot;section-stretched&quot;}\">\n\t\t\t\t\t\t<div class=\"elementor-container elementor-column-gap-default\">\n\t\t\t\t\t<div class=\"elementor-column elementor-col-100 elementor-top-column elementor-element elementor-element-14776da\" data-id=\"14776da\" data-element_type=\"column\" data-e-type=\"column\">\n\t\t\t<div class=\"elementor-widget-wrap elementor-element-populated\">\n\t\t\t\t\t\t<div class=\"elementor-element elementor-element-388fda5 elementor-widget elementor-widget-text-editor\" data-id=\"388fda5\" data-element_type=\"widget\" data-e-type=\"widget\" data-widget_type=\"text-editor.default\">\n\t\t\t\t<div class=\"elementor-widget-container\">\n\t\t\t\t\t\t\t\t\t<p><span style=\"text-indent: 0.05pt;\">Voici les activit\u00e9s que le Mus\u00e9e offre pour les sorties \u00e9ducatives. Plusieurs combinaisons d\u2019activit\u00e9s sont possibles afin d\u2019offrir une exp\u00e9rience ludique et amusante pour tous!<\/span><\/p><ul><li style=\"list-style-type: none;\"><ul><li>Expositions permanentes (2)<\/li><li>Expositons temporaires (3)<\/li><li>Anecdotes et commentaires du guide<\/li><li>Conf\u00e9rence d&rsquo;un expert en photographie<\/li><li>Activit\u00e9s ludiques adapt\u00e9es selon l&rsquo;\u00e2ge<\/li><li>Ateliers p\u00e9dagogiques selon des expositions disponibles (option)<\/li><li>Visite ou exp\u00e9rimentation de la chambre noire (\u00e0 partir de la sixi\u00e8me ann\u00e9e)<\/li><li>Visite ou exp\u00e9rimentation du studio photo professionnel<\/li><li>Dur\u00e9e de 1 h 30 \u00e0 3 h selon vos int\u00e9r\u00eats<\/li><\/ul><\/li><\/ul><div><span style=\"font-family: sans-serif;\">Pour information ou r\u00e9servation : 819 474-5782<\/span><\/div><p><span style=\"text-indent: 0.05pt;\">\u00a0<\/span><\/p><p style=\"margin-left: 108.0pt; mso-add-space: auto; text-indent: -18.0pt; mso-list: l0 level3 lfo1;\">\u00a0<\/p>\t\t\t\t\t\t\t\t<\/div>\n\t\t\t\t<\/div>\n\t\t\t\t\t<\/div>\n\t\t<\/div>\n\t\t\t\t\t<\/div>\n\t\t<\/section>\n\t\t\t\t<section class=\"elementor-section elementor-top-section elementor-element elementor-element-3d005b0 elementor-section-stretched elementor-section-boxed elementor-section-height-default elementor-section-height-default\" data-id=\"3d005b0\" data-element_type=\"section\" data-e-type=\"section\" data-settings=\"{&quot;stretch_section&quot;:&quot;section-stretched&quot;}\">\n\t\t\t\t\t\t<div class=\"elementor-container elementor-column-gap-default\">\n\t\t\t\t\t<div class=\"elementor-column elementor-col-100 elementor-top-column elementor-element elementor-element-132c29e\" data-id=\"132c29e\" data-element_type=\"column\" data-e-type=\"column\">\n\t\t\t<div class=\"elementor-widget-wrap elementor-element-populated\">\n\t\t\t\t\t\t<div class=\"elementor-element elementor-element-08f4095 elementor-arrows-position-inside elementor-pagination-position-outside elementor-widget elementor-widget-image-carousel\" data-id=\"08f4095\" data-element_type=\"widget\" data-e-type=\"widget\" data-settings=\"{&quot;navigation&quot;:&quot;both&quot;,&quot;autoplay&quot;:&quot;yes&quot;,&quot;pause_on_hover&quot;:&quot;yes&quot;,&quot;pause_on_interaction&quot;:&quot;yes&quot;,&quot;autoplay_speed&quot;:5000,&quot;infinite&quot;:&quot;yes&quot;,&quot;speed&quot;:500}\" data-widget_type=\"image-carousel.default\">\n\t\t\t\t<div class=\"elementor-widget-container\">\n\t\t\t\t\t\t\t<div class=\"elementor-image-carousel-wrapper swiper\" role=\"region\" aria-roledescription=\"carousel\" aria-label=\"Carrousel d\u2019images\" dir=\"ltr\">\n\t\t\t<div class=\"elementor-image-carousel swiper-wrapper\" aria-live=\"off\">\n\t\t\t\t\t\t\t\t<div class=\"swiper-slide\" role=\"group\" aria-roledescription=\"slide\" aria-label=\"1 sur 7\"><figure class=\"swiper-slide-inner\"><img decoding=\"async\" class=\"swiper-slide-image\" src=\"https:\/\/i0.wp.com\/museenationaldelaphotographie.com\/wp-content\/uploads\/2024\/05\/MG_2281-scaled.jpg?fit=300%2C240&amp;ssl=1\" alt=\"Groupe scolaire\" \/><\/figure><\/div><div class=\"swiper-slide\" role=\"group\" aria-roledescription=\"slide\" aria-label=\"2 sur 7\"><figure class=\"swiper-slide-inner\"><img decoding=\"async\" class=\"swiper-slide-image\" src=\"https:\/\/i0.wp.com\/museenationaldelaphotographie.com\/wp-content\/uploads\/2024\/05\/MG_2273-scaled.jpg?fit=300%2C240&amp;ssl=1\" alt=\"Groupe scolaire\" \/><\/figure><\/div><div class=\"swiper-slide\" role=\"group\" aria-roledescription=\"slide\" aria-label=\"3 sur 7\"><figure class=\"swiper-slide-inner\"><img decoding=\"async\" class=\"swiper-slide-image\" src=\"https:\/\/i0.wp.com\/museenationaldelaphotographie.com\/wp-content\/uploads\/2024\/05\/MG_2261-scaled.jpg?fit=300%2C240&amp;ssl=1\" alt=\"Groupe scolaire\" \/><\/figure><\/div><div class=\"swiper-slide\" role=\"group\" aria-roledescription=\"slide\" aria-label=\"4 sur 7\"><figure class=\"swiper-slide-inner\"><img decoding=\"async\" class=\"swiper-slide-image\" src=\"https:\/\/i0.wp.com\/museenationaldelaphotographie.com\/wp-content\/uploads\/2024\/05\/MG_2243-scaled.jpg?fit=300%2C240&amp;ssl=1\" alt=\"Groupe scolaire\" \/><\/figure><\/div><div class=\"swiper-slide\" role=\"group\" aria-roledescription=\"slide\" aria-label=\"5 sur 7\"><figure class=\"swiper-slide-inner\"><img decoding=\"async\" class=\"swiper-slide-image\" src=\"https:\/\/i0.wp.com\/museenationaldelaphotographie.com\/wp-content\/uploads\/2024\/05\/MG_2235-scaled.jpg?fit=300%2C240&amp;ssl=1\" alt=\"Groupe scolaire\" \/><\/figure><\/div><div class=\"swiper-slide\" role=\"group\" aria-roledescription=\"slide\" aria-label=\"6 sur 7\"><figure class=\"swiper-slide-inner\"><img decoding=\"async\" class=\"swiper-slide-image\" src=\"https:\/\/i0.wp.com\/museenationaldelaphotographie.com\/wp-content\/uploads\/2024\/05\/MG_2252-scaled.jpg?fit=300%2C240&amp;ssl=1\" alt=\"Groupe scolaire\" \/><\/figure><\/div><div class=\"swiper-slide\" role=\"group\" aria-roledescription=\"slide\" aria-label=\"7 sur 7\"><figure class=\"swiper-slide-inner\"><img decoding=\"async\" class=\"swiper-slide-image\" src=\"https:\/\/i0.wp.com\/museenationaldelaphotographie.com\/wp-content\/uploads\/2024\/05\/MG_2256-scaled.jpg?fit=300%2C240&amp;ssl=1\" alt=\"Groupe scolaire\" \/><\/figure><\/div>\t\t\t<\/div>\n\t\t\t\t\t\t\t\t\t\t\t\t<div class=\"elementor-swiper-button elementor-swiper-button-prev\" role=\"button\" tabindex=\"0\">\n\t\t\t\t\t\t<i aria-hidden=\"true\" class=\"eicon-chevron-left\"><\/i>\t\t\t\t\t<\/div>\n\t\t\t\t\t<div class=\"elementor-swiper-button elementor-swiper-button-next\" role=\"button\" tabindex=\"0\">\n\t\t\t\t\t\t<i aria-hidden=\"true\" class=\"eicon-chevron-right\"><\/i>\t\t\t\t\t<\/div>\n\t\t\t\t\n\t\t\t\t\t\t\t\t\t<div class=\"swiper-pagination\"><\/div>\n\t\t\t\t\t\t\t\t\t<\/div>\n\t\t\t\t\t\t<\/div>\n\t\t\t\t<\/div>\n\t\t\t\t\t<\/div>\n\t\t<\/div>\n\t\t\t\t\t<\/div>\n\t\t<\/section>\n\t\t\t\t<\/div>","protected":false},"excerpt":{"rendered":"<p>GROUPES SCOLAIRES Pour chacune des visites, une activit\u00e9 sur mesure vous est propos\u00e9 selon vos besoins.&nbsp;Le&nbsp;but est de vous accompagner dans la pr\u00e9paration, le d\u00e9roulement et l\u2019exp\u00e9rience&nbsp;p\u00e9dagogique de vos \u00e9l\u00e8ves. Le tout, en abordant les th\u00e8mes du domaine&nbsp;photographique mis en relation avec les programmes scolaires. Nos activit\u00e9s les plus populaires sont assur\u00e9ment la visite guid\u00e9e &hellip; <\/p>\n<p class=\"link-more\"><a href=\"https:\/\/museenationaldelaphotographie.com\/en\/activite-de-groupe\" class=\"more-link\">Continue reading<span class=\"screen-reader-text\"> \u00ab\u00a0VISITE DE GROUPE\u00a0\u00bb<\/span><\/a><\/p>","protected":false},"author":1,"featured_media":5504,"parent":0,"menu_order":0,"comment_status":"closed","ping_status":"closed","template":"","meta":{"ngg_post_thumbnail":0,"footnotes":""},"class_list":["post-290","page","type-page","status-publish","has-post-thumbnail","hentry"],"yoast_head":"<!-- This site is optimized with the Yoast SEO plugin v27.4 - https:\/\/yoast.com\/product\/yoast-seo-wordpress\/ -->\n<title>Activit\u00e9s de groupe -<\/title>\n<meta name=\"description\" content=\"Voici les activit\u00e9s que le Mus\u00e9e offre pour les sorties \u00e9ducatives. Plusieurs combinaisons d\u2019activit\u00e9s sont possibles.\" \/>\n<meta name=\"robots\" content=\"index, follow, max-snippet:-1, max-image-preview:large, max-video-preview:-1\" \/>\n<link rel=\"canonical\" href=\"https:\/\/museenationaldelaphotographie.com\/en\/activite-de-groupe\/\" \/>\n<meta property=\"og:locale\" content=\"en_US\" \/>\n<meta property=\"og:type\" content=\"article\" \/>\n<meta property=\"og:title\" content=\"Activit\u00e9s de groupe -\" \/>\n<meta property=\"og:description\" content=\"Voici les activit\u00e9s que le Mus\u00e9e offre pour les sorties \u00e9ducatives. Plusieurs combinaisons d\u2019activit\u00e9s sont possibles.\" \/>\n<meta property=\"og:url\" content=\"https:\/\/museenationaldelaphotographie.com\/en\/activite-de-groupe\/\" \/>\n<meta property=\"article:modified_time\" content=\"2026-03-31T12:59:42+00:00\" \/>\n<meta property=\"og:image\" content=\"https:\/\/museenationaldelaphotographie.com\/wp-content\/uploads\/2024\/05\/MG_2248-scaled-e1717084814174.jpg\" \/>\n\t<meta property=\"og:image:width\" content=\"2538\" \/>\n\t<meta property=\"og:image:height\" content=\"1169\" \/>\n\t<meta property=\"og:image:type\" content=\"image\/jpeg\" \/>\n<meta name=\"twitter:card\" content=\"summary_large_image\" \/>\n<meta name=\"twitter:label1\" content=\"Est. reading time\" \/>\n\t<meta name=\"twitter:data1\" content=\"4 minutes\" \/>\n<script type=\"application\/ld+json\" class=\"yoast-schema-graph\">{\"@context\":\"https:\\\/\\\/schema.org\",\"@graph\":[{\"@type\":\"WebPage\",\"@id\":\"https:\\\/\\\/museenationaldelaphotographie.com\\\/activite-de-groupe\",\"url\":\"https:\\\/\\\/museenationaldelaphotographie.com\\\/activite-de-groupe\",\"name\":\"Activit\u00e9s de groupe -\",\"isPartOf\":{\"@id\":\"https:\\\/\\\/museenationaldelaphotographie.com\\\/#website\"},\"primaryImageOfPage\":{\"@id\":\"https:\\\/\\\/museenationaldelaphotographie.com\\\/activite-de-groupe#primaryimage\"},\"image\":{\"@id\":\"https:\\\/\\\/museenationaldelaphotographie.com\\\/activite-de-groupe#primaryimage\"},\"thumbnailUrl\":\"https:\\\/\\\/i0.wp.com\\\/museenationaldelaphotographie.com\\\/wp-content\\\/uploads\\\/2024\\\/05\\\/MG_2248-scaled-e1717084814174.jpg?fit=2538%2C1169&ssl=1\",\"datePublished\":\"2020-03-07T15:36:36+00:00\",\"dateModified\":\"2026-03-31T12:59:42+00:00\",\"description\":\"Voici les activit\u00e9s que le Mus\u00e9e offre pour les sorties \u00e9ducatives. Plusieurs combinaisons d\u2019activit\u00e9s sont possibles.\",\"breadcrumb\":{\"@id\":\"https:\\\/\\\/museenationaldelaphotographie.com\\\/activite-de-groupe#breadcrumb\"},\"inLanguage\":\"en-CA\",\"potentialAction\":[{\"@type\":\"ReadAction\",\"target\":[\"https:\\\/\\\/museenationaldelaphotographie.com\\\/activite-de-groupe\"]}]},{\"@type\":\"ImageObject\",\"inLanguage\":\"en-CA\",\"@id\":\"https:\\\/\\\/museenationaldelaphotographie.com\\\/activite-de-groupe#primaryimage\",\"url\":\"https:\\\/\\\/i0.wp.com\\\/museenationaldelaphotographie.com\\\/wp-content\\\/uploads\\\/2024\\\/05\\\/MG_2248-scaled-e1717084814174.jpg?fit=2538%2C1169&ssl=1\",\"contentUrl\":\"https:\\\/\\\/i0.wp.com\\\/museenationaldelaphotographie.com\\\/wp-content\\\/uploads\\\/2024\\\/05\\\/MG_2248-scaled-e1717084814174.jpg?fit=2538%2C1169&ssl=1\",\"width\":2538,\"height\":1169},{\"@type\":\"BreadcrumbList\",\"@id\":\"https:\\\/\\\/museenationaldelaphotographie.com\\\/activite-de-groupe#breadcrumb\",\"itemListElement\":[{\"@type\":\"ListItem\",\"position\":1,\"name\":\"Accueil\",\"item\":\"https:\\\/\\\/museenationaldelaphotographie.com\\\/\"},{\"@type\":\"ListItem\",\"position\":2,\"name\":\"VISITE DE GROUPE\"}]},{\"@type\":\"WebSite\",\"@id\":\"https:\\\/\\\/museenationaldelaphotographie.com\\\/#website\",\"url\":\"https:\\\/\\\/museenationaldelaphotographie.com\\\/\",\"name\":\"\",\"description\":\"\",\"potentialAction\":[{\"@type\":\"SearchAction\",\"target\":{\"@type\":\"EntryPoint\",\"urlTemplate\":\"https:\\\/\\\/museenationaldelaphotographie.com\\\/?s={search_term_string}\"},\"query-input\":{\"@type\":\"PropertyValueSpecification\",\"valueRequired\":true,\"valueName\":\"search_term_string\"}}],\"inLanguage\":\"en-CA\"}]}<\/script>\n<!-- \/ Yoast SEO plugin. -->","yoast_head_json":{"title":"Activit\u00e9s de groupe -","description":"Voici les activit\u00e9s que le Mus\u00e9e offre pour les sorties \u00e9ducatives. Plusieurs combinaisons d\u2019activit\u00e9s sont possibles.","robots":{"index":"index","follow":"follow","max-snippet":"max-snippet:-1","max-image-preview":"max-image-preview:large","max-video-preview":"max-video-preview:-1"},"canonical":"https:\/\/museenationaldelaphotographie.com\/en\/activite-de-groupe\/","og_locale":"en_US","og_type":"article","og_title":"Activit\u00e9s de groupe -","og_description":"Voici les activit\u00e9s que le Mus\u00e9e offre pour les sorties \u00e9ducatives. Plusieurs combinaisons d\u2019activit\u00e9s sont possibles.","og_url":"https:\/\/museenationaldelaphotographie.com\/en\/activite-de-groupe\/","article_modified_time":"2026-03-31T12:59:42+00:00","og_image":[{"width":2538,"height":1169,"url":"https:\/\/museenationaldelaphotographie.com\/wp-content\/uploads\/2024\/05\/MG_2248-scaled-e1717084814174.jpg","type":"image\/jpeg"}],"twitter_card":"summary_large_image","twitter_misc":{"Est. reading time":"4 minutes"},"schema":{"@context":"https:\/\/schema.org","@graph":[{"@type":"WebPage","@id":"https:\/\/museenationaldelaphotographie.com\/activite-de-groupe","url":"https:\/\/museenationaldelaphotographie.com\/activite-de-groupe","name":"Activit\u00e9s de groupe -","isPartOf":{"@id":"https:\/\/museenationaldelaphotographie.com\/#website"},"primaryImageOfPage":{"@id":"https:\/\/museenationaldelaphotographie.com\/activite-de-groupe#primaryimage"},"image":{"@id":"https:\/\/museenationaldelaphotographie.com\/activite-de-groupe#primaryimage"},"thumbnailUrl":"https:\/\/i0.wp.com\/museenationaldelaphotographie.com\/wp-content\/uploads\/2024\/05\/MG_2248-scaled-e1717084814174.jpg?fit=2538%2C1169&ssl=1","datePublished":"2020-03-07T15:36:36+00:00","dateModified":"2026-03-31T12:59:42+00:00","description":"Voici les activit\u00e9s que le Mus\u00e9e offre pour les sorties \u00e9ducatives. Plusieurs combinaisons d\u2019activit\u00e9s sont possibles.","breadcrumb":{"@id":"https:\/\/museenationaldelaphotographie.com\/activite-de-groupe#breadcrumb"},"inLanguage":"en-CA","potentialAction":[{"@type":"ReadAction","target":["https:\/\/museenationaldelaphotographie.com\/activite-de-groupe"]}]},{"@type":"ImageObject","inLanguage":"en-CA","@id":"https:\/\/museenationaldelaphotographie.com\/activite-de-groupe#primaryimage","url":"https:\/\/i0.wp.com\/museenationaldelaphotographie.com\/wp-content\/uploads\/2024\/05\/MG_2248-scaled-e1717084814174.jpg?fit=2538%2C1169&ssl=1","contentUrl":"https:\/\/i0.wp.com\/museenationaldelaphotographie.com\/wp-content\/uploads\/2024\/05\/MG_2248-scaled-e1717084814174.jpg?fit=2538%2C1169&ssl=1","width":2538,"height":1169},{"@type":"BreadcrumbList","@id":"https:\/\/museenationaldelaphotographie.com\/activite-de-groupe#breadcrumb","itemListElement":[{"@type":"ListItem","position":1,"name":"Accueil","item":"https:\/\/museenationaldelaphotographie.com\/"},{"@type":"ListItem","position":2,"name":"VISITE DE GROUPE"}]},{"@type":"WebSite","@id":"https:\/\/museenationaldelaphotographie.com\/#website","url":"https:\/\/museenationaldelaphotographie.com\/","name":"","description":"","potentialAction":[{"@type":"SearchAction","target":{"@type":"EntryPoint","urlTemplate":"https:\/\/museenationaldelaphotographie.com\/?s={search_term_string}"},"query-input":{"@type":"PropertyValueSpecification","valueRequired":true,"valueName":"search_term_string"}}],"inLanguage":"en-CA"}]}},"jetpack_sharing_enabled":true,"_links":{"self":[{"href":"https:\/\/museenationaldelaphotographie.com\/en\/wp-json\/wp\/v2\/pages\/290","targetHints":{"allow":["GET"]}}],"collection":[{"href":"https:\/\/museenationaldelaphotographie.com\/en\/wp-json\/wp\/v2\/pages"}],"about":[{"href":"https:\/\/museenationaldelaphotographie.com\/en\/wp-json\/wp\/v2\/types\/page"}],"author":[{"embeddable":true,"href":"https:\/\/museenationaldelaphotographie.com\/en\/wp-json\/wp\/v2\/users\/1"}],"replies":[{"embeddable":true,"href":"https:\/\/museenationaldelaphotographie.com\/en\/wp-json\/wp\/v2\/comments?post=290"}],"version-history":[{"count":113,"href":"https:\/\/museenationaldelaphotographie.com\/en\/wp-json\/wp\/v2\/pages\/290\/revisions"}],"predecessor-version":[{"id":6034,"href":"https:\/\/museenationaldelaphotographie.com\/en\/wp-json\/wp\/v2\/pages\/290\/revisions\/6034"}],"wp:featuredmedia":[{"embeddable":true,"href":"https:\/\/museenationaldelaphotographie.com\/en\/wp-json\/wp\/v2\/media\/5504"}],"wp:attachment":[{"href":"https:\/\/museenationaldelaphotographie.com\/en\/wp-json\/wp\/v2\/media?parent=290"}],"curies":[{"name":"wp","href":"https:\/\/api.w.org\/{rel}","templated":true}]}}