{"id":2495,"date":"2020-07-31T16:01:46","date_gmt":"2020-07-31T16:01:46","guid":{"rendered":"https:\/\/museenationaldelaphotographie.com\/?page_id=2495"},"modified":"2020-08-17T11:53:59","modified_gmt":"2020-08-17T11:53:59","slug":"guide-de-candidature-gala-des-prix-focus-desjardins-2020","status":"publish","type":"page","link":"https:\/\/museenationaldelaphotographie.com\/en\/guide-de-candidature-gala-des-prix-focus-desjardins-2020","title":{"rendered":"GUIDE DE CANDIDATURE &#8211; GALA DES PRIX FOCUS DESJARDINS 2020"},"content":{"rendered":"<p style=\"text-align: center;\"><strong><span style=\"font-size: 36pt;\">GUIDE DE CANDIDATURE &#8211; GALA DES PRIX FOCUS DESJARDINS 2020<\/span><\/strong><\/p>\r\n<p><img data-recalc-dims=\"1\" fetchpriority=\"high\" decoding=\"async\" class=\"size-medium wp-image-2496 aligncenter\" src=\"https:\/\/i0.wp.com\/museenationaldelaphotographie.com\/wp-content\/uploads\/2020\/07\/prix-focus-desjardins.jpg?resize=298%2C300&#038;ssl=1\" alt=\"\" width=\"298\" height=\"300\" srcset=\"https:\/\/i0.wp.com\/museenationaldelaphotographie.com\/wp-content\/uploads\/2020\/07\/prix-focus-desjardins.jpg?resize=298%2C300&amp;ssl=1 298w, https:\/\/i0.wp.com\/museenationaldelaphotographie.com\/wp-content\/uploads\/2020\/07\/prix-focus-desjardins.jpg?resize=1019%2C1024&amp;ssl=1 1019w, https:\/\/i0.wp.com\/museenationaldelaphotographie.com\/wp-content\/uploads\/2020\/07\/prix-focus-desjardins.jpg?resize=150%2C150&amp;ssl=1 150w, https:\/\/i0.wp.com\/museenationaldelaphotographie.com\/wp-content\/uploads\/2020\/07\/prix-focus-desjardins.jpg?resize=768%2C772&amp;ssl=1 768w, https:\/\/i0.wp.com\/museenationaldelaphotographie.com\/wp-content\/uploads\/2020\/07\/prix-focus-desjardins.jpg?resize=100%2C100&amp;ssl=1 100w, https:\/\/i0.wp.com\/museenationaldelaphotographie.com\/wp-content\/uploads\/2020\/07\/prix-focus-desjardins.jpg?w=1187&amp;ssl=1 1187w\" sizes=\"(max-width: 298px) 100vw, 298px\" \/><\/p>\r\n<p style=\"text-align: center;\"><span style=\"font-size: 18pt;\"><strong>Pr\u00e9sentation des prix<\/strong><\/span><\/p>\r\n<p><span style=\"font-size: 14pt;\"><strong>Le Focus animalier\/nature<\/strong> : On parle de photographie de nature lorsque les plantes et les <\/span><span style=\"font-size: 14pt;\">animaux sont photographi\u00e9s dans leur habitat naturel. Les interventions humaines sont r\u00e9duites au minimum et le sujet est pris en photo de fa\u00e7on libre et spontan\u00e9e. Cette cat\u00e9gorie comprend \u00e9galement la photographie d\u2019animaux et la photographie sous-marine.<\/span><\/p>\r\n<p><span style=\"font-size: 14pt;\"><strong>Le Focus portrait<\/strong> : La photographie de portrait consiste \u00e0 photographier une personne de telle fa\u00e7on que la photo r\u00e9v\u00e8le quelque chose sur la personne m\u00eame. Le photographe essaie de mettre en valeur les meilleures qualit\u00e9s d\u2019une personne et de les montrer dans le portrait. La photographie de portrait comprend \u00e9galement la photographie d\u2019enfants ou de b\u00e9b\u00e9s, la photographie de mariage et la photographie glamour. M\u00eame la photographie d\u2019animaux domestiques est une cat\u00e9gorie \u00e0 part enti\u00e8re, puisqu\u2019on fait en quelque sorte le portrait de l\u2019animal en question.<\/span><\/p>\r\n<p><span style=\"font-size: 14pt;\"><strong>Le Focus paysage<\/strong> : En g\u00e9n\u00e9ral, la photographie de paysages met en \u00e9vidence la grandeur <\/span><span style=\"font-size: 14pt;\">d\u2019un paysage, que ce soit un champ de tulipes, une cha\u00eene de montagnes ou encore un paysage domin\u00e9 par des immeubles. En fait, cette forme de photographie s\u2019inscrit aussi bien dans la photographie de nature que dans la photographie de voyage.<\/span><\/p>\r\n<p><span style=\"font-size: 14pt;\"><strong>Le Focus architecture<\/strong> : Dans ce genre photographique, on photographie uniquement des <\/span><span style=\"font-size: 14pt;\">b\u00e2timents. Les sujets peuvent \u00eatre aussi bien des immeubles historiques en centre-ville, des \u00e9glises pittoresques et d\u2019anciennes mairies que les parties justement plus r\u00e9centes d\u2019une ville, o\u00f9 l\u2019on trouve des exemples architecturaux ultramodernes \u2013 voire futuristes.<\/span><\/p>\r\n<p><span style=\"font-size: 14pt;\"><strong>Le Focus urbain<\/strong> : La photographie urbaine ne se concentre pas sur les b\u00e2timents, mais sur les gens et leurs soucis quotidiens. La devise ? Ce sont les gens qui font la ville ! Une m\u00e8re et sa fille qui palpent les pommes sur un \u00e9tal au march\u00e9, un vieil homme qui balaie devant sa porte, les passants dans une rue commer\u00e7ante ; autant d\u2019\u00e9v\u00e9nements qui feront le bonheur du photographe urbain.<\/span><\/p>\r\n<p><span style=\"font-size: 14pt;\"><strong>Le Focus studio<\/strong> : Comme l\u2019indique son nom, on parle de photographie en studio lorsqu\u2019on fait des photos dans un studio. De plus en plus de photographes amateurs d\u00e9couvrent la photographie en studio. \u00c0 condition d\u2019avoir les \u00e9quipements qu\u2019il faut, ils transforment en un tour de main un petit coin de leur salle de s\u00e9jour en un studio pour faire des portraits. La photographie de produits et la photographie alimentaire se font g\u00e9n\u00e9ralement aussi en studio.<\/span><\/p>\r\n<p><strong><span style=\"font-size: 14pt;\">Le Focus alimentaire: <\/span><\/strong><span style=\"font-size: 14pt;\">U<\/span><span style=\"font-size: 14pt;\">n type de photographie professionnelle d&rsquo;illustration sp\u00e9cialis\u00e9 en nature morte et visant \u00e0 r\u00e9aliser des images attrayantes de nourriture afin d&rsquo;utiliser ces derni\u00e8res dans des publicit\u00e9s, dans l&#8217;emballage, dans des menus ou des livres de recettes.&nbsp;<\/span><\/p>\r\n<p><strong><span style=\"font-size: 14pt;\">Le Focus macrophoto:&nbsp;<\/span><\/strong><span style=\"font-size: 14pt;\">Cette cat\u00e9gorie est d\u00e9di\u00e9e \u00e0 la macrophotographie, c&rsquo;est-\u00e0-dire les photographies d&rsquo;\u00e9l\u00e9ments tr\u00e8s, tr\u00e8s petits, ou rapproch\u00e9s \u00e0 l&rsquo;extr\u00eame.<\/span><\/p>\r\n<p><span style=\"font-size: 14pt;\"><strong>Le Focus action<\/strong> : Dans la photographie d\u2019action, la rapidit\u00e9 est souvent primordiale. Il faudra travailler avec des vitesses d\u2019obturation \u00e9lev\u00e9es et le timing est tr\u00e8s important. Il existe bien \u00e9videmment beaucoup d\u2019actions tr\u00e8s divers, mais la m\u00e9thode est toujours la m\u00eame : il s\u2019agit de figer le bon moment. Les photographes d\u2019action professionnels ont souvent plusieurs appareils photo et diff\u00e9rents objectifs autour du cou afin de pouvoir encha\u00eener rapidement.<\/span><\/p>\r\n<p><span style=\"font-size: 14pt;\"><strong>Le Focus club<\/strong> : Ce prix est d\u00e9cern\u00e9 au club photo s\u2019\u00e9tant le plus illustr\u00e9 de par ses membres et activit\u00e9s durant l\u2019ann\u00e9e.<\/span><\/p>\r\n<p><span style=\"font-size: 14pt;\"><strong>Le Focus rel\u00e8ve<\/strong> : Ce prix est d\u00e9cern\u00e9 \u00e0 un photographe d\u00e9butant dans le domaine (2 ans exp\u00e9rience). Aucun style et\/ou genre de photos n\u2019est requis pour ce prix.<\/span><\/p>\r\n<p><span style=\"font-size: 14pt;\"><strong>Le Focus CAPA<\/strong> : Ce prix est d\u00e9cern\u00e9 au photographe du Qu\u00e9bec s\u2019\u00e9tant d\u00e9marqu\u00e9 par son membrariat avec CAPA.<\/span><\/p>\r\n<p><span style=\"font-size: 14pt;\"><strong>Le grand Focus masculin<\/strong> : Ce prix est le plus prestigieux des r\u00e9compenses remises au gala et souligne le photographe masculin de l\u2019ann\u00e9e.<\/span><\/p>\r\n<p><span style=\"font-size: 14pt;\"><strong>Le grand Focus f\u00e9minin<\/strong> : Ce prix est le plus prestigieux des r\u00e9compenses remises au gala et souligne le photographe f\u00e9minin de l\u2019ann\u00e9e.<\/span><\/p>\r\n<p><span style=\"font-size: 14pt;\"><strong>Le Focus hommage<\/strong> : Ce prix est remis \u00e0 une personne qui s\u2019est d\u00e9marqu\u00e9 pour l\u2019ensemble de sa carri\u00e8re photographique.<\/span> &nbsp;<\/p>\r\n<p>&nbsp;<\/p>\r\n<p style=\"text-align: center;\"><span style=\"font-size: 18pt;\"><strong>CONTENU DE LA&nbsp;<\/strong><\/span><span style=\"font-size: 24px;\"><b>CANDIDATURE<\/b><\/span><\/p>\r\n<p><span style=\"font-size: 14pt;\">\u2022 Guide de candidature d\u00fbment rempli au plus tard le <strong>15 septembre 2020 \u00e0 minuit<\/strong>.<\/span><\/p>\r\n<p><span style=\"font-size: 14pt;\">\u2022 Preuve de membrariat au MNPD (# de membre).<\/span><\/p>\r\n<p><span style=\"font-size: 14pt;\">\u2022 Pr\u00e9sentation de la d\u00e9marche artistique de l\u2019artiste. (500 caract\u00e8res max.)<\/span><\/p>\r\n<p><span style=\"font-size: 14pt;\">\u2022 CV de l\u2019artiste (facultatif).<\/span><\/p>\r\n<p><span style=\"font-size: 14pt;\">\u2022 Photographie.<\/span> &nbsp;<\/p>\r\n<p>&nbsp;<\/p>\r\n<p style=\"text-align: center;\"><span style=\"font-size: 18pt;\"><strong>CONDITIONS D&rsquo;ADMISSION ET R\u00c8GLEMENTS<\/strong><\/span><\/p>\r\n<p><span style=\"font-size: 14pt;\">\u2022 L\u2019\u0153uvre repr\u00e9sente une s\u00e9rie de 3 photographies par cat\u00e9gorie de prix.<\/span><\/p>\r\n<p><span style=\"font-size: 14pt;\">\u2022 Le candidat doit \u00eatre membre du MNPD avant le d\u00e9p\u00f4t de sa candidature. <a href=\"https:\/\/museenationaldelaphotographie.com\/en\/devenir-membre\/\">Cliquez ici<\/a> pour en apprendre davantage sur le statut de membre.<\/span><\/p>\r\n<p style=\"text-align: center;\"><a class=\"fasc-button fasc-size-large fasc-type-flat fasc-ico-before dashicons-admin-users fasc-style-bold\" style=\"background-color: #ffffff; color: #2b2b2b;\" target=\"_blank\" rel=\"noopener noreferrer\" href=\"\/en\/museenationaldelaphotographie.com\/bulletin-dadhesion-membre-supporteur\/\">BECOMING A SUPPORTIVE MEMBER TODAY<\/a><\/p>\r\n<p style=\"text-align: left;\"><span style=\"font-size: 14pt;\">\u2022 Les photographies sont pr\u00e9sent\u00e9es sur les supports suivants : via <\/span><span style=\"font-size: 14pt;\">We transfert ou Google Drive.<\/span><\/p>\r\n<p style=\"text-align: left;\"><span style=\"font-size: 14pt;\">\u2022 Les participants peuvent d\u00e9poser des \u0153uvres dans plusieurs cat\u00e9gories.<\/span><\/p>\r\n<p style=\"text-align: left;\"><span style=\"font-size: 14pt;\">\u2022 Absence de toutes formes de signatures permettant d\u2019identifier un artiste ou un <\/span><span style=\"font-size: 14pt;\">groupe d\u2019artistes.<\/span><\/p>\r\n<p style=\"text-align: left;\"><span style=\"font-size: 14pt;\">\u2022 Un comit\u00e9 de 7 juges sera mandat\u00e9 pour le choix des gagnants lors du Gala des prix Focus.<\/span><\/p>\r\n<!-- \/wp:post-content -->\r\n\r\n<!-- wp:paragraph {\"textColor\":\"light-green-cyan\",\"customFontSize\":18} -->\r\n<p>&nbsp;<\/p>\r\n<p style=\"text-align: center;\"><strong><span style=\"font-size: 18pt;\">CRIT\u00c8RES D&rsquo;\u00c9VALUATION<\/span><\/strong><\/p>\r\n<p>\u2022<span style=\"font-size: 14pt;\"> Choix du sujet. (Traitement du th\u00e8me ou du sujet)(prendre en compte le titre et la<\/span> <span style=\"font-size: 14pt;\">description)<\/span><\/p>\r\n<p><span style=\"font-size: 14pt;\">\u2022 Ma\u00eetrise technique.<\/span><\/p>\r\n<p><span style=\"font-size: 14pt;\">\u2022 Impact.<\/span><\/p>\r\n<p><span style=\"font-size: 14pt;\">\u2022 Originalit\u00e9.<\/span><\/p>\r\n<p><span style=\"font-size: 14pt;\">\u2022 Impression g\u00e9n\u00e9rale.<\/span><\/p>\r\n<p><span style=\"font-size: 14pt;\">\u2022 Lacunes : Fiche incompl\u00e8te, r\u00e9solution insuffisante, \u0152uvre d\u2019art prot\u00e9g\u00e9e,<\/span> <span style=\"font-size: 14pt;\">traitement graphique excessif, \u00e9thique.<\/span> &nbsp;<\/p>\r\n<p>&nbsp;<\/p>\r\n<p style=\"text-align: center;\"><span style=\"font-size: 18pt;\"><strong>Normes techniques des images<\/strong><\/span><\/p>\r\n<p><span style=\"font-size: 14pt;\">\u2022 Type \u00ab JPEG \u00bb ou \u00ab PNG \u00bb<\/span><\/p>\r\n<p><span style=\"font-size: 14pt;\">\u2022 Haute D\u00e9finition \u2013 R\u00e9solution minimum 1920 x 1080 pixels \u2013 1080p<\/span><\/p>\r\n<p><span style=\"font-size: 14pt;\"><strong>Important<\/strong> : Laisser le lien<\/span><span style=\"font-size: 14pt;\"> WeT<\/span><span style=\"font-size: 14pt;\">ransfer ou Google Drive de la photographie dans le bulletin d&rsquo;inscription. Les dossiers non conformes <\/span><span style=\"font-size: 14pt;\">ne seront pas achemin\u00e9s au jury.<\/span><\/p>\r\n<p><span style=\"font-size: 14pt;\">*Si WeTransfer ou Google Drive ne conviennent pas, possibilit\u00e9 d&rsquo;acheminer un dossier par la poste en mettant tous les documents <\/span><span style=\"font-size: 14pt;\">sur un support USB ou CD au : 400 Heriot, Drummondville, J2B 1B3. Le mentionner dans le bulletin d&rsquo;inscription en ligne dans le champ d\u00e9sign\u00e9 au lien de la photographie. <\/span><span style=\"font-size: 14pt;\">Les dossiers ne seront pas redonn\u00e9s suite \u00e0 la r\u00e9ception.<\/span><\/p>\r\n<p><strong><span style=\"font-size: 14pt;\">Pour plus d&rsquo;informations : &nbsp;819 474-5782<\/span><\/strong> &nbsp;<\/p>\r\n<p style=\"text-align: center;\"><a class=\"fasc-button fasc-size-large fasc-type-flat fasc-ico-before dashicons-welcome-write-blog fasc-style-bold\" style=\"background-color: #ffffff; color: #2e2e2e;\" target=\"_blank\" rel=\"noopener noreferrer\" href=\"https:\/\/museenationaldelaphotographie.com\/en\/inscription-gala-des-prix-focus-desjardins-2020\/\">BULLETIN DE MISE EN CANDIDATURE<\/a><\/p>","protected":false},"excerpt":{"rendered":"<p>GUIDE DE CANDIDATURE &#8211; GALA DES PRIX FOCUS DESJARDINS 2020 Pr\u00e9sentation des prix Le Focus animalier\/nature : On parle de photographie de nature lorsque les plantes et les animaux sont photographi\u00e9s dans leur habitat naturel. Les interventions humaines sont r\u00e9duites au minimum et le sujet est pris en photo de fa\u00e7on libre et spontan\u00e9e. Cette &hellip; <\/p>\n<p class=\"link-more\"><a href=\"https:\/\/museenationaldelaphotographie.com\/en\/guide-de-candidature-gala-des-prix-focus-desjardins-2020\" class=\"more-link\">Continue reading<span class=\"screen-reader-text\"> \u00ab\u00a0GUIDE DE CANDIDATURE &#8211; GALA DES PRIX FOCUS DESJARDINS 2020\u00a0\u00bb<\/span><\/a><\/p>","protected":false},"author":1,"featured_media":0,"parent":0,"menu_order":0,"comment_status":"closed","ping_status":"closed","template":"","meta":{"ngg_post_thumbnail":0,"footnotes":""},"class_list":["post-2495","page","type-page","status-publish","hentry"],"yoast_head":"<!-- This site is optimized with the Yoast SEO plugin v27.4 - https:\/\/yoast.com\/product\/yoast-seo-wordpress\/ -->\n<title>GUIDE DE CANDIDATURE - GALA DES PRIX FOCUS DESJARDINS 2020 -<\/title>\n<meta name=\"robots\" content=\"index, follow, max-snippet:-1, max-image-preview:large, max-video-preview:-1\" \/>\n<link rel=\"canonical\" href=\"https:\/\/museenationaldelaphotographie.com\/en\/guide-de-candidature-gala-des-prix-focus-desjardins-2020\/\" \/>\n<meta property=\"og:locale\" content=\"en_US\" \/>\n<meta property=\"og:type\" content=\"article\" \/>\n<meta property=\"og:title\" content=\"GUIDE DE CANDIDATURE - GALA DES PRIX FOCUS DESJARDINS 2020 -\" \/>\n<meta property=\"og:description\" content=\"GUIDE DE CANDIDATURE &#8211; GALA DES PRIX FOCUS DESJARDINS 2020 Pr\u00e9sentation des prix Le Focus animalier\/nature : On parle de photographie de nature lorsque les plantes et les animaux sont photographi\u00e9s dans leur habitat naturel. Les interventions humaines sont r\u00e9duites au minimum et le sujet est pris en photo de fa\u00e7on libre et spontan\u00e9e. Cette &hellip; Continue reading &quot;GUIDE DE CANDIDATURE &#8211; GALA DES PRIX FOCUS DESJARDINS 2020&quot;\" \/>\n<meta property=\"og:url\" content=\"https:\/\/museenationaldelaphotographie.com\/en\/guide-de-candidature-gala-des-prix-focus-desjardins-2020\/\" \/>\n<meta property=\"article:modified_time\" content=\"2020-08-17T11:53:59+00:00\" \/>\n<meta property=\"og:image\" content=\"https:\/\/museenationaldelaphotographie.com\/wp-content\/uploads\/2020\/07\/prix-focus-desjardins-298x300.jpg\" \/>\n<meta name=\"twitter:card\" content=\"summary_large_image\" \/>\n<meta name=\"twitter:label1\" content=\"Est. reading time\" \/>\n\t<meta name=\"twitter:data1\" content=\"5 minutes\" \/>\n<script type=\"application\/ld+json\" class=\"yoast-schema-graph\">{\"@context\":\"https:\\\/\\\/schema.org\",\"@graph\":[{\"@type\":\"WebPage\",\"@id\":\"https:\\\/\\\/museenationaldelaphotographie.com\\\/guide-de-candidature-gala-des-prix-focus-desjardins-2020\",\"url\":\"https:\\\/\\\/museenationaldelaphotographie.com\\\/guide-de-candidature-gala-des-prix-focus-desjardins-2020\",\"name\":\"GUIDE DE CANDIDATURE - GALA DES PRIX FOCUS DESJARDINS 2020 -\",\"isPartOf\":{\"@id\":\"https:\\\/\\\/museenationaldelaphotographie.com\\\/#website\"},\"primaryImageOfPage\":{\"@id\":\"https:\\\/\\\/museenationaldelaphotographie.com\\\/guide-de-candidature-gala-des-prix-focus-desjardins-2020#primaryimage\"},\"image\":{\"@id\":\"https:\\\/\\\/museenationaldelaphotographie.com\\\/guide-de-candidature-gala-des-prix-focus-desjardins-2020#primaryimage\"},\"thumbnailUrl\":\"https:\\\/\\\/museenationaldelaphotographie.com\\\/wp-content\\\/uploads\\\/2020\\\/07\\\/prix-focus-desjardins-298x300.jpg\",\"datePublished\":\"2020-07-31T16:01:46+00:00\",\"dateModified\":\"2020-08-17T11:53:59+00:00\",\"breadcrumb\":{\"@id\":\"https:\\\/\\\/museenationaldelaphotographie.com\\\/guide-de-candidature-gala-des-prix-focus-desjardins-2020#breadcrumb\"},\"inLanguage\":\"en-CA\",\"potentialAction\":[{\"@type\":\"ReadAction\",\"target\":[\"https:\\\/\\\/museenationaldelaphotographie.com\\\/guide-de-candidature-gala-des-prix-focus-desjardins-2020\"]}]},{\"@type\":\"ImageObject\",\"inLanguage\":\"en-CA\",\"@id\":\"https:\\\/\\\/museenationaldelaphotographie.com\\\/guide-de-candidature-gala-des-prix-focus-desjardins-2020#primaryimage\",\"url\":\"https:\\\/\\\/museenationaldelaphotographie.com\\\/wp-content\\\/uploads\\\/2020\\\/07\\\/prix-focus-desjardins-298x300.jpg\",\"contentUrl\":\"https:\\\/\\\/museenationaldelaphotographie.com\\\/wp-content\\\/uploads\\\/2020\\\/07\\\/prix-focus-desjardins-298x300.jpg\"},{\"@type\":\"BreadcrumbList\",\"@id\":\"https:\\\/\\\/museenationaldelaphotographie.com\\\/guide-de-candidature-gala-des-prix-focus-desjardins-2020#breadcrumb\",\"itemListElement\":[{\"@type\":\"ListItem\",\"position\":1,\"name\":\"Accueil\",\"item\":\"https:\\\/\\\/museenationaldelaphotographie.com\\\/\"},{\"@type\":\"ListItem\",\"position\":2,\"name\":\"GUIDE DE CANDIDATURE &#8211; GALA DES PRIX FOCUS DESJARDINS 2020\"}]},{\"@type\":\"WebSite\",\"@id\":\"https:\\\/\\\/museenationaldelaphotographie.com\\\/#website\",\"url\":\"https:\\\/\\\/museenationaldelaphotographie.com\\\/\",\"name\":\"\",\"description\":\"\",\"potentialAction\":[{\"@type\":\"SearchAction\",\"target\":{\"@type\":\"EntryPoint\",\"urlTemplate\":\"https:\\\/\\\/museenationaldelaphotographie.com\\\/?s={search_term_string}\"},\"query-input\":{\"@type\":\"PropertyValueSpecification\",\"valueRequired\":true,\"valueName\":\"search_term_string\"}}],\"inLanguage\":\"en-CA\"}]}<\/script>\n<!-- \/ Yoast SEO plugin. -->","yoast_head_json":{"title":"GUIDE DE CANDIDATURE - GALA DES PRIX FOCUS DESJARDINS 2020 -","robots":{"index":"index","follow":"follow","max-snippet":"max-snippet:-1","max-image-preview":"max-image-preview:large","max-video-preview":"max-video-preview:-1"},"canonical":"https:\/\/museenationaldelaphotographie.com\/en\/guide-de-candidature-gala-des-prix-focus-desjardins-2020\/","og_locale":"en_US","og_type":"article","og_title":"GUIDE DE CANDIDATURE - GALA DES PRIX FOCUS DESJARDINS 2020 -","og_description":"GUIDE DE CANDIDATURE &#8211; GALA DES PRIX FOCUS DESJARDINS 2020 Pr\u00e9sentation des prix Le Focus animalier\/nature : On parle de photographie de nature lorsque les plantes et les animaux sont photographi\u00e9s dans leur habitat naturel. Les interventions humaines sont r\u00e9duites au minimum et le sujet est pris en photo de fa\u00e7on libre et spontan\u00e9e. Cette &hellip; Continue reading \"GUIDE DE CANDIDATURE &#8211; GALA DES PRIX FOCUS DESJARDINS 2020\"","og_url":"https:\/\/museenationaldelaphotographie.com\/en\/guide-de-candidature-gala-des-prix-focus-desjardins-2020\/","article_modified_time":"2020-08-17T11:53:59+00:00","og_image":[{"url":"https:\/\/museenationaldelaphotographie.com\/wp-content\/uploads\/2020\/07\/prix-focus-desjardins-298x300.jpg","type":"","width":"","height":""}],"twitter_card":"summary_large_image","twitter_misc":{"Est. reading time":"5 minutes"},"schema":{"@context":"https:\/\/schema.org","@graph":[{"@type":"WebPage","@id":"https:\/\/museenationaldelaphotographie.com\/guide-de-candidature-gala-des-prix-focus-desjardins-2020","url":"https:\/\/museenationaldelaphotographie.com\/guide-de-candidature-gala-des-prix-focus-desjardins-2020","name":"GUIDE DE CANDIDATURE - GALA DES PRIX FOCUS DESJARDINS 2020 -","isPartOf":{"@id":"https:\/\/museenationaldelaphotographie.com\/#website"},"primaryImageOfPage":{"@id":"https:\/\/museenationaldelaphotographie.com\/guide-de-candidature-gala-des-prix-focus-desjardins-2020#primaryimage"},"image":{"@id":"https:\/\/museenationaldelaphotographie.com\/guide-de-candidature-gala-des-prix-focus-desjardins-2020#primaryimage"},"thumbnailUrl":"https:\/\/museenationaldelaphotographie.com\/wp-content\/uploads\/2020\/07\/prix-focus-desjardins-298x300.jpg","datePublished":"2020-07-31T16:01:46+00:00","dateModified":"2020-08-17T11:53:59+00:00","breadcrumb":{"@id":"https:\/\/museenationaldelaphotographie.com\/guide-de-candidature-gala-des-prix-focus-desjardins-2020#breadcrumb"},"inLanguage":"en-CA","potentialAction":[{"@type":"ReadAction","target":["https:\/\/museenationaldelaphotographie.com\/guide-de-candidature-gala-des-prix-focus-desjardins-2020"]}]},{"@type":"ImageObject","inLanguage":"en-CA","@id":"https:\/\/museenationaldelaphotographie.com\/guide-de-candidature-gala-des-prix-focus-desjardins-2020#primaryimage","url":"https:\/\/museenationaldelaphotographie.com\/wp-content\/uploads\/2020\/07\/prix-focus-desjardins-298x300.jpg","contentUrl":"https:\/\/museenationaldelaphotographie.com\/wp-content\/uploads\/2020\/07\/prix-focus-desjardins-298x300.jpg"},{"@type":"BreadcrumbList","@id":"https:\/\/museenationaldelaphotographie.com\/guide-de-candidature-gala-des-prix-focus-desjardins-2020#breadcrumb","itemListElement":[{"@type":"ListItem","position":1,"name":"Accueil","item":"https:\/\/museenationaldelaphotographie.com\/"},{"@type":"ListItem","position":2,"name":"GUIDE DE CANDIDATURE &#8211; GALA DES PRIX FOCUS DESJARDINS 2020"}]},{"@type":"WebSite","@id":"https:\/\/museenationaldelaphotographie.com\/#website","url":"https:\/\/museenationaldelaphotographie.com\/","name":"","description":"","potentialAction":[{"@type":"SearchAction","target":{"@type":"EntryPoint","urlTemplate":"https:\/\/museenationaldelaphotographie.com\/?s={search_term_string}"},"query-input":{"@type":"PropertyValueSpecification","valueRequired":true,"valueName":"search_term_string"}}],"inLanguage":"en-CA"}]}},"jetpack_sharing_enabled":true,"_links":{"self":[{"href":"https:\/\/museenationaldelaphotographie.com\/en\/wp-json\/wp\/v2\/pages\/2495","targetHints":{"allow":["GET"]}}],"collection":[{"href":"https:\/\/museenationaldelaphotographie.com\/en\/wp-json\/wp\/v2\/pages"}],"about":[{"href":"https:\/\/museenationaldelaphotographie.com\/en\/wp-json\/wp\/v2\/types\/page"}],"author":[{"embeddable":true,"href":"https:\/\/museenationaldelaphotographie.com\/en\/wp-json\/wp\/v2\/users\/1"}],"replies":[{"embeddable":true,"href":"https:\/\/museenationaldelaphotographie.com\/en\/wp-json\/wp\/v2\/comments?post=2495"}],"version-history":[{"count":8,"href":"https:\/\/museenationaldelaphotographie.com\/en\/wp-json\/wp\/v2\/pages\/2495\/revisions"}],"predecessor-version":[{"id":2745,"href":"https:\/\/museenationaldelaphotographie.com\/en\/wp-json\/wp\/v2\/pages\/2495\/revisions\/2745"}],"wp:attachment":[{"href":"https:\/\/museenationaldelaphotographie.com\/en\/wp-json\/wp\/v2\/media?parent=2495"}],"curies":[{"name":"wp","href":"https:\/\/api.w.org\/{rel}","templated":true}]}}