{"id":181,"date":"2020-03-02T20:29:43","date_gmt":"2020-03-02T20:29:43","guid":{"rendered":"http:\/\/museenationaldelaphotographie.com\/?page_id=181"},"modified":"2025-07-08T18:34:55","modified_gmt":"2025-07-08T18:34:55","slug":"expositions-et-versissages","status":"publish","type":"page","link":"https:\/\/museenationaldelaphotographie.com\/en\/expositions-et-versissages","title":{"rendered":"EXPOSITIONS"},"content":{"rendered":"<div data-elementor-type=\"wp-page\" data-elementor-id=\"181\" class=\"elementor elementor-181\">\n\t\t\t\t\t\t<section class=\"elementor-section elementor-top-section elementor-element elementor-element-2fe8849 elementor-section-stretched elementor-section-boxed elementor-section-height-default elementor-section-height-default\" data-id=\"2fe8849\" data-element_type=\"section\" data-e-type=\"section\" data-settings=\"{&quot;stretch_section&quot;:&quot;section-stretched&quot;}\">\n\t\t\t\t\t\t<div class=\"elementor-container elementor-column-gap-default\">\n\t\t\t\t\t<div class=\"elementor-column elementor-col-100 elementor-top-column elementor-element elementor-element-ada1168\" data-id=\"ada1168\" data-element_type=\"column\" data-e-type=\"column\">\n\t\t\t<div class=\"elementor-widget-wrap elementor-element-populated\">\n\t\t\t\t\t\t<div class=\"elementor-element elementor-element-8119f12 elementor-widget elementor-widget-image\" data-id=\"8119f12\" data-element_type=\"widget\" data-e-type=\"widget\" data-settings=\"{&quot;_animation&quot;:&quot;none&quot;}\" data-widget_type=\"image.default\">\n\t\t\t\t<div class=\"elementor-widget-container\">\n\t\t\t\t\t\t\t\t\t\t\t\t\t\t\t<img fetchpriority=\"high\" decoding=\"async\" width=\"740\" height=\"494\" src=\"https:\/\/i0.wp.com\/museenationaldelaphotographie.com\/wp-content\/uploads\/2025\/07\/expo-mpd-drummondville.jpg?fit=740%2C494&amp;ssl=1\" class=\"attachment-large size-large wp-image-5878\" alt=\"\" srcset=\"https:\/\/i0.wp.com\/museenationaldelaphotographie.com\/wp-content\/uploads\/2025\/07\/expo-mpd-drummondville.jpg?w=2048&amp;ssl=1 2048w, https:\/\/i0.wp.com\/museenationaldelaphotographie.com\/wp-content\/uploads\/2025\/07\/expo-mpd-drummondville.jpg?resize=300%2C200&amp;ssl=1 300w, https:\/\/i0.wp.com\/museenationaldelaphotographie.com\/wp-content\/uploads\/2025\/07\/expo-mpd-drummondville.jpg?resize=1024%2C683&amp;ssl=1 1024w, https:\/\/i0.wp.com\/museenationaldelaphotographie.com\/wp-content\/uploads\/2025\/07\/expo-mpd-drummondville.jpg?resize=768%2C512&amp;ssl=1 768w, https:\/\/i0.wp.com\/museenationaldelaphotographie.com\/wp-content\/uploads\/2025\/07\/expo-mpd-drummondville.jpg?resize=1536%2C1025&amp;ssl=1 1536w, https:\/\/i0.wp.com\/museenationaldelaphotographie.com\/wp-content\/uploads\/2025\/07\/expo-mpd-drummondville.jpg?resize=18%2C12&amp;ssl=1 18w, https:\/\/i0.wp.com\/museenationaldelaphotographie.com\/wp-content\/uploads\/2025\/07\/expo-mpd-drummondville.jpg?w=1480&amp;ssl=1 1480w\" sizes=\"100vw\" \/>\t\t\t\t\t\t\t\t\t\t\t\t\t\t\t<\/div>\n\t\t\t\t<\/div>\n\t\t\t\t<div class=\"elementor-element elementor-element-d881c87 elementor-widget elementor-widget-text-editor\" data-id=\"d881c87\" data-element_type=\"widget\" data-e-type=\"widget\" data-widget_type=\"text-editor.default\">\n\t\t\t\t<div class=\"elementor-widget-container\">\n\t\t\t\t\t\t\t\t\t<p style=\"text-align: center;\"><span style=\"font-size: 14px; font-family: arial, helvetica, sans-serif; color: #ffffff;\">Jean-Simon B\u00e9gin, exposition : <em>Solstice<\/em><\/span><\/p><p><span style=\"font-size: 20px; font-family: arial, helvetica, sans-serif; color: #ffffff;\">La grande diversit\u00e9 de notre offre d&rsquo;expositions permet \u00e0 chacun d&rsquo;y trouver son compte et, bien souvent, un coup de c\u0153ur. Notre personnel saura sans aucun doute vous faire vivre un moment m\u00e9morable, que vous choisissiez de faire l&rsquo;exp\u00e9rience d&rsquo;une visite guid\u00e9e, d&rsquo;une conf\u00e9rence ou d&rsquo;une activit\u00e9 de d\u00e9veloppement photographique en chambre noire.<\/span><\/p><p><span style=\"font-size: 20px; font-family: arial, helvetica, sans-serif; color: #ffffff;\">Nous vous invitons \u00e0 consulter les diff\u00e9rents onglets afin de d\u00e9couvrir tout ce que le Mus\u00e9e peut vous offrir.<\/span><\/p><p style=\"font-size: 18px; text-align: center;\"><span style=\"font-size: 20px; font-family: arial, helvetica, sans-serif; color: #ffffff;\">L&rsquo;\u00e9quipe vous dit \u00e0 bient\u00f4t!<\/span><\/p>\t\t\t\t\t\t\t\t<\/div>\n\t\t\t\t<\/div>\n\t\t\t\t\t<\/div>\n\t\t<\/div>\n\t\t\t\t\t<\/div>\n\t\t<\/section>\n\t\t\t\t<\/div>","protected":false},"excerpt":{"rendered":"<p>Jean-Simon B\u00e9gin, exposition : Solstice La grande diversit\u00e9 de notre offre d&rsquo;expositions permet \u00e0 chacun d&rsquo;y trouver son compte et, bien souvent, un coup de c\u0153ur. Notre personnel saura sans aucun doute vous faire vivre un moment m\u00e9morable, que vous choisissiez de faire l&rsquo;exp\u00e9rience d&rsquo;une visite guid\u00e9e, d&rsquo;une conf\u00e9rence ou d&rsquo;une activit\u00e9 de d\u00e9veloppement photographique &hellip; <\/p>\n<p class=\"link-more\"><a href=\"https:\/\/museenationaldelaphotographie.com\/en\/expositions-et-versissages\" class=\"more-link\">Continue reading<span class=\"screen-reader-text\"> \u00ab\u00a0EXPOSITIONS\u00a0\u00bb<\/span><\/a><\/p>","protected":false},"author":1,"featured_media":5884,"parent":0,"menu_order":0,"comment_status":"closed","ping_status":"closed","template":"","meta":{"ngg_post_thumbnail":0,"footnotes":""},"class_list":["post-181","page","type-page","status-publish","has-post-thumbnail","hentry"],"yoast_head":"<!-- This site is optimized with the Yoast SEO plugin v27.4 - https:\/\/yoast.com\/product\/yoast-seo-wordpress\/ -->\n<title>Expositions et vernissages de Drummondville -<\/title>\n<meta name=\"description\" content=\"Le Mus\u00e9e offre l&#039;acc\u00e8s \u00e0 une grande exposition de cam\u00e9ras historiques ainsi que des photographies d&#039;artistes reconnus et \u00e9mergents.\" \/>\n<meta name=\"robots\" content=\"index, follow, max-snippet:-1, max-image-preview:large, max-video-preview:-1\" \/>\n<link rel=\"canonical\" href=\"https:\/\/museenationaldelaphotographie.com\/en\/expositions-et-versissages\/\" \/>\n<meta property=\"og:locale\" content=\"en_US\" \/>\n<meta property=\"og:type\" content=\"article\" \/>\n<meta property=\"og:title\" content=\"Expositions et vernissages de Drummondville -\" \/>\n<meta property=\"og:description\" content=\"Le Mus\u00e9e offre l&#039;acc\u00e8s \u00e0 une grande exposition de cam\u00e9ras historiques ainsi que des photographies d&#039;artistes reconnus et \u00e9mergents.\" \/>\n<meta property=\"og:url\" content=\"https:\/\/museenationaldelaphotographie.com\/en\/expositions-et-versissages\/\" \/>\n<meta property=\"article:modified_time\" content=\"2025-07-08T18:34:55+00:00\" \/>\n<meta property=\"og:image\" content=\"https:\/\/museenationaldelaphotographie.com\/wp-content\/uploads\/2025\/07\/musee-photo-syllad.jpg\" \/>\n\t<meta property=\"og:image:width\" content=\"898\" \/>\n\t<meta property=\"og:image:height\" content=\"485\" \/>\n\t<meta property=\"og:image:type\" content=\"image\/jpeg\" \/>\n<meta name=\"twitter:card\" content=\"summary_large_image\" \/>\n<meta name=\"twitter:label1\" content=\"Est. reading time\" \/>\n\t<meta name=\"twitter:data1\" content=\"1 minute\" \/>\n<script type=\"application\/ld+json\" class=\"yoast-schema-graph\">{\"@context\":\"https:\\\/\\\/schema.org\",\"@graph\":[{\"@type\":\"WebPage\",\"@id\":\"https:\\\/\\\/museenationaldelaphotographie.com\\\/expositions-et-versissages\",\"url\":\"https:\\\/\\\/museenationaldelaphotographie.com\\\/expositions-et-versissages\",\"name\":\"Expositions et vernissages de Drummondville -\",\"isPartOf\":{\"@id\":\"https:\\\/\\\/museenationaldelaphotographie.com\\\/#website\"},\"primaryImageOfPage\":{\"@id\":\"https:\\\/\\\/museenationaldelaphotographie.com\\\/expositions-et-versissages#primaryimage\"},\"image\":{\"@id\":\"https:\\\/\\\/museenationaldelaphotographie.com\\\/expositions-et-versissages#primaryimage\"},\"thumbnailUrl\":\"https:\\\/\\\/i0.wp.com\\\/museenationaldelaphotographie.com\\\/wp-content\\\/uploads\\\/2025\\\/07\\\/musee-photo-syllad.jpg?fit=898%2C485&ssl=1\",\"datePublished\":\"2020-03-02T20:29:43+00:00\",\"dateModified\":\"2025-07-08T18:34:55+00:00\",\"description\":\"Le Mus\u00e9e offre l'acc\u00e8s \u00e0 une grande exposition de cam\u00e9ras historiques ainsi que des photographies d'artistes reconnus et \u00e9mergents.\",\"breadcrumb\":{\"@id\":\"https:\\\/\\\/museenationaldelaphotographie.com\\\/expositions-et-versissages#breadcrumb\"},\"inLanguage\":\"en-CA\",\"potentialAction\":[{\"@type\":\"ReadAction\",\"target\":[\"https:\\\/\\\/museenationaldelaphotographie.com\\\/expositions-et-versissages\"]}]},{\"@type\":\"ImageObject\",\"inLanguage\":\"en-CA\",\"@id\":\"https:\\\/\\\/museenationaldelaphotographie.com\\\/expositions-et-versissages#primaryimage\",\"url\":\"https:\\\/\\\/i0.wp.com\\\/museenationaldelaphotographie.com\\\/wp-content\\\/uploads\\\/2025\\\/07\\\/musee-photo-syllad.jpg?fit=898%2C485&ssl=1\",\"contentUrl\":\"https:\\\/\\\/i0.wp.com\\\/museenationaldelaphotographie.com\\\/wp-content\\\/uploads\\\/2025\\\/07\\\/musee-photo-syllad.jpg?fit=898%2C485&ssl=1\",\"width\":898,\"height\":485},{\"@type\":\"BreadcrumbList\",\"@id\":\"https:\\\/\\\/museenationaldelaphotographie.com\\\/expositions-et-versissages#breadcrumb\",\"itemListElement\":[{\"@type\":\"ListItem\",\"position\":1,\"name\":\"Accueil\",\"item\":\"https:\\\/\\\/museenationaldelaphotographie.com\\\/\"},{\"@type\":\"ListItem\",\"position\":2,\"name\":\"EXPOSITIONS\"}]},{\"@type\":\"WebSite\",\"@id\":\"https:\\\/\\\/museenationaldelaphotographie.com\\\/#website\",\"url\":\"https:\\\/\\\/museenationaldelaphotographie.com\\\/\",\"name\":\"\",\"description\":\"\",\"potentialAction\":[{\"@type\":\"SearchAction\",\"target\":{\"@type\":\"EntryPoint\",\"urlTemplate\":\"https:\\\/\\\/museenationaldelaphotographie.com\\\/?s={search_term_string}\"},\"query-input\":{\"@type\":\"PropertyValueSpecification\",\"valueRequired\":true,\"valueName\":\"search_term_string\"}}],\"inLanguage\":\"en-CA\"}]}<\/script>\n<!-- \/ Yoast SEO plugin. -->","yoast_head_json":{"title":"Expositions et vernissages de Drummondville -","description":"Le Mus\u00e9e offre l'acc\u00e8s \u00e0 une grande exposition de cam\u00e9ras historiques ainsi que des photographies d'artistes reconnus et \u00e9mergents.","robots":{"index":"index","follow":"follow","max-snippet":"max-snippet:-1","max-image-preview":"max-image-preview:large","max-video-preview":"max-video-preview:-1"},"canonical":"https:\/\/museenationaldelaphotographie.com\/en\/expositions-et-versissages\/","og_locale":"en_US","og_type":"article","og_title":"Expositions et vernissages de Drummondville -","og_description":"Le Mus\u00e9e offre l'acc\u00e8s \u00e0 une grande exposition de cam\u00e9ras historiques ainsi que des photographies d'artistes reconnus et \u00e9mergents.","og_url":"https:\/\/museenationaldelaphotographie.com\/en\/expositions-et-versissages\/","article_modified_time":"2025-07-08T18:34:55+00:00","og_image":[{"width":898,"height":485,"url":"https:\/\/museenationaldelaphotographie.com\/wp-content\/uploads\/2025\/07\/musee-photo-syllad.jpg","type":"image\/jpeg"}],"twitter_card":"summary_large_image","twitter_misc":{"Est. reading time":"1 minute"},"schema":{"@context":"https:\/\/schema.org","@graph":[{"@type":"WebPage","@id":"https:\/\/museenationaldelaphotographie.com\/expositions-et-versissages","url":"https:\/\/museenationaldelaphotographie.com\/expositions-et-versissages","name":"Expositions et vernissages de Drummondville -","isPartOf":{"@id":"https:\/\/museenationaldelaphotographie.com\/#website"},"primaryImageOfPage":{"@id":"https:\/\/museenationaldelaphotographie.com\/expositions-et-versissages#primaryimage"},"image":{"@id":"https:\/\/museenationaldelaphotographie.com\/expositions-et-versissages#primaryimage"},"thumbnailUrl":"https:\/\/i0.wp.com\/museenationaldelaphotographie.com\/wp-content\/uploads\/2025\/07\/musee-photo-syllad.jpg?fit=898%2C485&ssl=1","datePublished":"2020-03-02T20:29:43+00:00","dateModified":"2025-07-08T18:34:55+00:00","description":"Le Mus\u00e9e offre l'acc\u00e8s \u00e0 une grande exposition de cam\u00e9ras historiques ainsi que des photographies d'artistes reconnus et \u00e9mergents.","breadcrumb":{"@id":"https:\/\/museenationaldelaphotographie.com\/expositions-et-versissages#breadcrumb"},"inLanguage":"en-CA","potentialAction":[{"@type":"ReadAction","target":["https:\/\/museenationaldelaphotographie.com\/expositions-et-versissages"]}]},{"@type":"ImageObject","inLanguage":"en-CA","@id":"https:\/\/museenationaldelaphotographie.com\/expositions-et-versissages#primaryimage","url":"https:\/\/i0.wp.com\/museenationaldelaphotographie.com\/wp-content\/uploads\/2025\/07\/musee-photo-syllad.jpg?fit=898%2C485&ssl=1","contentUrl":"https:\/\/i0.wp.com\/museenationaldelaphotographie.com\/wp-content\/uploads\/2025\/07\/musee-photo-syllad.jpg?fit=898%2C485&ssl=1","width":898,"height":485},{"@type":"BreadcrumbList","@id":"https:\/\/museenationaldelaphotographie.com\/expositions-et-versissages#breadcrumb","itemListElement":[{"@type":"ListItem","position":1,"name":"Accueil","item":"https:\/\/museenationaldelaphotographie.com\/"},{"@type":"ListItem","position":2,"name":"EXPOSITIONS"}]},{"@type":"WebSite","@id":"https:\/\/museenationaldelaphotographie.com\/#website","url":"https:\/\/museenationaldelaphotographie.com\/","name":"","description":"","potentialAction":[{"@type":"SearchAction","target":{"@type":"EntryPoint","urlTemplate":"https:\/\/museenationaldelaphotographie.com\/?s={search_term_string}"},"query-input":{"@type":"PropertyValueSpecification","valueRequired":true,"valueName":"search_term_string"}}],"inLanguage":"en-CA"}]}},"jetpack_sharing_enabled":true,"_links":{"self":[{"href":"https:\/\/museenationaldelaphotographie.com\/en\/wp-json\/wp\/v2\/pages\/181","targetHints":{"allow":["GET"]}}],"collection":[{"href":"https:\/\/museenationaldelaphotographie.com\/en\/wp-json\/wp\/v2\/pages"}],"about":[{"href":"https:\/\/museenationaldelaphotographie.com\/en\/wp-json\/wp\/v2\/types\/page"}],"author":[{"embeddable":true,"href":"https:\/\/museenationaldelaphotographie.com\/en\/wp-json\/wp\/v2\/users\/1"}],"replies":[{"embeddable":true,"href":"https:\/\/museenationaldelaphotographie.com\/en\/wp-json\/wp\/v2\/comments?post=181"}],"version-history":[{"count":178,"href":"https:\/\/museenationaldelaphotographie.com\/en\/wp-json\/wp\/v2\/pages\/181\/revisions"}],"predecessor-version":[{"id":5882,"href":"https:\/\/museenationaldelaphotographie.com\/en\/wp-json\/wp\/v2\/pages\/181\/revisions\/5882"}],"wp:featuredmedia":[{"embeddable":true,"href":"https:\/\/museenationaldelaphotographie.com\/en\/wp-json\/wp\/v2\/media\/5884"}],"wp:attachment":[{"href":"https:\/\/museenationaldelaphotographie.com\/en\/wp-json\/wp\/v2\/media?parent=181"}],"curies":[{"name":"wp","href":"https:\/\/api.w.org\/{rel}","templated":true}]}}