{"id":140,"date":"2020-02-19T16:31:34","date_gmt":"2020-02-19T16:31:34","guid":{"rendered":"http:\/\/museenationaldelaphotographie.com\/?page_id=140"},"modified":"2020-07-21T13:06:51","modified_gmt":"2020-07-21T13:06:51","slug":"pret-de-materiel","status":"publish","type":"page","link":"https:\/\/museenationaldelaphotographie.com\/en\/pret-de-materiel","title":{"rendered":"MATERIAL LENDING"},"content":{"rendered":"<p style=\"text-align: center;\"><strong><span style=\"font-size: 36pt;\">MATERIAL LENDING<\/span><\/strong><\/p>\r\n<p style=\"font-size: 18px; text-align: center;\"><span style=\"font-size: 14pt;\">We offer the possibility to move multiple cameras at your desired location, whether it be for an exposition or to talk about the history of photography. You can share your ideas with us! It can be for a presentation in a school setting or even a polaroid lending for your many projects, in Drummondville or elsewhere, we'll gladly accompany you!<\/span><\/p>\r\n<p><span style=\"font-size: 14pt;\">\r\n\r\n<\/span><\/p>\r\n<p style=\"font-size: 18px; text-align: center;\"><span style=\"font-size: 14pt;\"><a href=\"https:\/\/museenationaldelaphotographie.com\/en\/nous-joindre\/\">Call us<\/a> for more details. It will make us happy to help fill your expectations<\/span><\/p>","protected":false},"excerpt":{"rendered":"<p>PR\u00caT DE MAT\u00c9RIEL Nous offrons la possibilit\u00e9 de d\u00e9placer plusieurs appareils \u00e0 l\u2019endroit d\u00e9sir\u00e9, soit pour une exposition ou pour raconter l\u2019histoire de la photographie. Vous pouvez nous faire part de vos id\u00e9es! Que ce soit pour une pr\u00e9sentation dans un cadre scolaire ou encore un pr\u00eat de polaroid pour vos nombreux projets, \u00e0 Drummondville &hellip; <\/p>\n<p class=\"link-more\"><a href=\"https:\/\/museenationaldelaphotographie.com\/en\/pret-de-materiel\" class=\"more-link\">Continue reading<span class=\"screen-reader-text\"> \u00ab\u00a0PR\u00caT DE MAT\u00c9RIEL\u00a0\u00bb<\/span><\/a><\/p>","protected":false},"author":1,"featured_media":209,"parent":0,"menu_order":0,"comment_status":"closed","ping_status":"closed","template":"","meta":{"ngg_post_thumbnail":0,"footnotes":""},"class_list":["post-140","page","type-page","status-publish","has-post-thumbnail","hentry"],"yoast_head":"<!-- This site is optimized with the Yoast SEO plugin v27.4 - https:\/\/yoast.com\/product\/yoast-seo-wordpress\/ -->\n<title>PR\u00caT DE MAT\u00c9RIEL -<\/title>\n<meta name=\"robots\" content=\"index, follow, max-snippet:-1, max-image-preview:large, max-video-preview:-1\" \/>\n<link rel=\"canonical\" href=\"https:\/\/museenationaldelaphotographie.com\/en\/pret-de-materiel\/\" \/>\n<meta property=\"og:locale\" content=\"en_US\" \/>\n<meta property=\"og:type\" content=\"article\" \/>\n<meta property=\"og:title\" content=\"PR\u00caT DE MAT\u00c9RIEL -\" \/>\n<meta property=\"og:description\" content=\"PR\u00caT DE MAT\u00c9RIEL Nous offrons la possibilit\u00e9 de d\u00e9placer plusieurs appareils \u00e0 l\u2019endroit d\u00e9sir\u00e9, soit pour une exposition ou pour raconter l\u2019histoire de la photographie. Vous pouvez nous faire part de vos id\u00e9es! Que ce soit pour une pr\u00e9sentation dans un cadre scolaire ou encore un pr\u00eat de polaroid pour vos nombreux projets, \u00e0 Drummondville &hellip; Continue reading &quot;PR\u00caT DE MAT\u00c9RIEL&quot;\" \/>\n<meta property=\"og:url\" content=\"https:\/\/museenationaldelaphotographie.com\/en\/pret-de-materiel\/\" \/>\n<meta property=\"article:modified_time\" content=\"2020-07-21T13:06:51+00:00\" \/>\n<meta property=\"og:image\" content=\"https:\/\/i1.wp.com\/museenationaldelaphotographie.com\/wp-content\/uploads\/2020\/03\/RT.jpeg?fit=1880%2C1253&ssl=1\" \/>\n\t<meta property=\"og:image:width\" content=\"1880\" \/>\n\t<meta property=\"og:image:height\" content=\"1253\" \/>\n\t<meta property=\"og:image:type\" content=\"image\/jpeg\" \/>\n<meta name=\"twitter:card\" content=\"summary_large_image\" \/>\n<script type=\"application\/ld+json\" class=\"yoast-schema-graph\">{\"@context\":\"https:\\\/\\\/schema.org\",\"@graph\":[{\"@type\":\"WebPage\",\"@id\":\"https:\\\/\\\/museenationaldelaphotographie.com\\\/pret-de-materiel\",\"url\":\"https:\\\/\\\/museenationaldelaphotographie.com\\\/pret-de-materiel\",\"name\":\"PR\u00caT DE MAT\u00c9RIEL -\",\"isPartOf\":{\"@id\":\"https:\\\/\\\/museenationaldelaphotographie.com\\\/#website\"},\"primaryImageOfPage\":{\"@id\":\"https:\\\/\\\/museenationaldelaphotographie.com\\\/pret-de-materiel#primaryimage\"},\"image\":{\"@id\":\"https:\\\/\\\/museenationaldelaphotographie.com\\\/pret-de-materiel#primaryimage\"},\"thumbnailUrl\":\"https:\\\/\\\/i0.wp.com\\\/museenationaldelaphotographie.com\\\/wp-content\\\/uploads\\\/2020\\\/03\\\/RT.jpeg?fit=1880%2C1253&ssl=1\",\"datePublished\":\"2020-02-19T16:31:34+00:00\",\"dateModified\":\"2020-07-21T13:06:51+00:00\",\"breadcrumb\":{\"@id\":\"https:\\\/\\\/museenationaldelaphotographie.com\\\/pret-de-materiel#breadcrumb\"},\"inLanguage\":\"en-CA\",\"potentialAction\":[{\"@type\":\"ReadAction\",\"target\":[\"https:\\\/\\\/museenationaldelaphotographie.com\\\/pret-de-materiel\"]}]},{\"@type\":\"ImageObject\",\"inLanguage\":\"en-CA\",\"@id\":\"https:\\\/\\\/museenationaldelaphotographie.com\\\/pret-de-materiel#primaryimage\",\"url\":\"https:\\\/\\\/i0.wp.com\\\/museenationaldelaphotographie.com\\\/wp-content\\\/uploads\\\/2020\\\/03\\\/RT.jpeg?fit=1880%2C1253&ssl=1\",\"contentUrl\":\"https:\\\/\\\/i0.wp.com\\\/museenationaldelaphotographie.com\\\/wp-content\\\/uploads\\\/2020\\\/03\\\/RT.jpeg?fit=1880%2C1253&ssl=1\",\"width\":1880,\"height\":1253},{\"@type\":\"BreadcrumbList\",\"@id\":\"https:\\\/\\\/museenationaldelaphotographie.com\\\/pret-de-materiel#breadcrumb\",\"itemListElement\":[{\"@type\":\"ListItem\",\"position\":1,\"name\":\"Accueil\",\"item\":\"https:\\\/\\\/museenationaldelaphotographie.com\\\/\"},{\"@type\":\"ListItem\",\"position\":2,\"name\":\"PR\u00caT DE MAT\u00c9RIEL\"}]},{\"@type\":\"WebSite\",\"@id\":\"https:\\\/\\\/museenationaldelaphotographie.com\\\/#website\",\"url\":\"https:\\\/\\\/museenationaldelaphotographie.com\\\/\",\"name\":\"\",\"description\":\"\",\"potentialAction\":[{\"@type\":\"SearchAction\",\"target\":{\"@type\":\"EntryPoint\",\"urlTemplate\":\"https:\\\/\\\/museenationaldelaphotographie.com\\\/?s={search_term_string}\"},\"query-input\":{\"@type\":\"PropertyValueSpecification\",\"valueRequired\":true,\"valueName\":\"search_term_string\"}}],\"inLanguage\":\"en-CA\"}]}<\/script>\n<!-- \/ Yoast SEO plugin. -->","yoast_head_json":{"title":"PR\u00caT DE MAT\u00c9RIEL -","robots":{"index":"index","follow":"follow","max-snippet":"max-snippet:-1","max-image-preview":"max-image-preview:large","max-video-preview":"max-video-preview:-1"},"canonical":"https:\/\/museenationaldelaphotographie.com\/en\/pret-de-materiel\/","og_locale":"en_US","og_type":"article","og_title":"PR\u00caT DE MAT\u00c9RIEL -","og_description":"PR\u00caT DE MAT\u00c9RIEL Nous offrons la possibilit\u00e9 de d\u00e9placer plusieurs appareils \u00e0 l\u2019endroit d\u00e9sir\u00e9, soit pour une exposition ou pour raconter l\u2019histoire de la photographie. Vous pouvez nous faire part de vos id\u00e9es! Que ce soit pour une pr\u00e9sentation dans un cadre scolaire ou encore un pr\u00eat de polaroid pour vos nombreux projets, \u00e0 Drummondville &hellip; Continue reading \"PR\u00caT DE MAT\u00c9RIEL\"","og_url":"https:\/\/museenationaldelaphotographie.com\/en\/pret-de-materiel\/","article_modified_time":"2020-07-21T13:06:51+00:00","og_image":[{"width":1880,"height":1253,"url":"https:\/\/i1.wp.com\/museenationaldelaphotographie.com\/wp-content\/uploads\/2020\/03\/RT.jpeg?fit=1880%2C1253&ssl=1","type":"image\/jpeg"}],"twitter_card":"summary_large_image","schema":{"@context":"https:\/\/schema.org","@graph":[{"@type":"WebPage","@id":"https:\/\/museenationaldelaphotographie.com\/pret-de-materiel","url":"https:\/\/museenationaldelaphotographie.com\/pret-de-materiel","name":"PR\u00caT DE MAT\u00c9RIEL -","isPartOf":{"@id":"https:\/\/museenationaldelaphotographie.com\/#website"},"primaryImageOfPage":{"@id":"https:\/\/museenationaldelaphotographie.com\/pret-de-materiel#primaryimage"},"image":{"@id":"https:\/\/museenationaldelaphotographie.com\/pret-de-materiel#primaryimage"},"thumbnailUrl":"https:\/\/i0.wp.com\/museenationaldelaphotographie.com\/wp-content\/uploads\/2020\/03\/RT.jpeg?fit=1880%2C1253&ssl=1","datePublished":"2020-02-19T16:31:34+00:00","dateModified":"2020-07-21T13:06:51+00:00","breadcrumb":{"@id":"https:\/\/museenationaldelaphotographie.com\/pret-de-materiel#breadcrumb"},"inLanguage":"en-CA","potentialAction":[{"@type":"ReadAction","target":["https:\/\/museenationaldelaphotographie.com\/pret-de-materiel"]}]},{"@type":"ImageObject","inLanguage":"en-CA","@id":"https:\/\/museenationaldelaphotographie.com\/pret-de-materiel#primaryimage","url":"https:\/\/i0.wp.com\/museenationaldelaphotographie.com\/wp-content\/uploads\/2020\/03\/RT.jpeg?fit=1880%2C1253&ssl=1","contentUrl":"https:\/\/i0.wp.com\/museenationaldelaphotographie.com\/wp-content\/uploads\/2020\/03\/RT.jpeg?fit=1880%2C1253&ssl=1","width":1880,"height":1253},{"@type":"BreadcrumbList","@id":"https:\/\/museenationaldelaphotographie.com\/pret-de-materiel#breadcrumb","itemListElement":[{"@type":"ListItem","position":1,"name":"Accueil","item":"https:\/\/museenationaldelaphotographie.com\/"},{"@type":"ListItem","position":2,"name":"PR\u00caT DE MAT\u00c9RIEL"}]},{"@type":"WebSite","@id":"https:\/\/museenationaldelaphotographie.com\/#website","url":"https:\/\/museenationaldelaphotographie.com\/","name":"","description":"","potentialAction":[{"@type":"SearchAction","target":{"@type":"EntryPoint","urlTemplate":"https:\/\/museenationaldelaphotographie.com\/?s={search_term_string}"},"query-input":{"@type":"PropertyValueSpecification","valueRequired":true,"valueName":"search_term_string"}}],"inLanguage":"en-CA"}]}},"jetpack_sharing_enabled":true,"_links":{"self":[{"href":"https:\/\/museenationaldelaphotographie.com\/en\/wp-json\/wp\/v2\/pages\/140","targetHints":{"allow":["GET"]}}],"collection":[{"href":"https:\/\/museenationaldelaphotographie.com\/en\/wp-json\/wp\/v2\/pages"}],"about":[{"href":"https:\/\/museenationaldelaphotographie.com\/en\/wp-json\/wp\/v2\/types\/page"}],"author":[{"embeddable":true,"href":"https:\/\/museenationaldelaphotographie.com\/en\/wp-json\/wp\/v2\/users\/1"}],"replies":[{"embeddable":true,"href":"https:\/\/museenationaldelaphotographie.com\/en\/wp-json\/wp\/v2\/comments?post=140"}],"version-history":[{"count":11,"href":"https:\/\/museenationaldelaphotographie.com\/en\/wp-json\/wp\/v2\/pages\/140\/revisions"}],"predecessor-version":[{"id":2164,"href":"https:\/\/museenationaldelaphotographie.com\/en\/wp-json\/wp\/v2\/pages\/140\/revisions\/2164"}],"wp:featuredmedia":[{"embeddable":true,"href":"https:\/\/museenationaldelaphotographie.com\/en\/wp-json\/wp\/v2\/media\/209"}],"wp:attachment":[{"href":"https:\/\/museenationaldelaphotographie.com\/en\/wp-json\/wp\/v2\/media?parent=140"}],"curies":[{"name":"wp","href":"https:\/\/api.w.org\/{rel}","templated":true}]}}