{"id":110,"date":"2020-02-19T15:04:30","date_gmt":"2020-02-19T15:04:30","guid":{"rendered":"http:\/\/museenationaldelaphotographie.com\/?page_id=110"},"modified":"2026-03-31T13:00:40","modified_gmt":"2026-03-31T13:00:40","slug":"evenements-corporatifs","status":"publish","type":"page","link":"https:\/\/museenationaldelaphotographie.com\/en\/evenements-corporatifs","title":{"rendered":"ACTIVIT\u00c9S CORPORATIVES"},"content":{"rendered":"<div data-elementor-type=\"wp-page\" data-elementor-id=\"110\" class=\"elementor elementor-110\">\n\t\t\t\t\t\t<section class=\"elementor-section elementor-top-section elementor-element elementor-element-25f629b elementor-section-boxed elementor-section-height-default elementor-section-height-default\" data-id=\"25f629b\" data-element_type=\"section\" data-e-type=\"section\">\n\t\t\t\t\t\t<div class=\"elementor-container elementor-column-gap-default\">\n\t\t\t\t\t<div class=\"elementor-column elementor-col-100 elementor-top-column elementor-element elementor-element-b48cd33\" data-id=\"b48cd33\" data-element_type=\"column\" data-e-type=\"column\">\n\t\t\t<div class=\"elementor-widget-wrap elementor-element-populated\">\n\t\t\t\t\t\t<div class=\"elementor-element elementor-element-627380d elementor-widget elementor-widget-heading\" data-id=\"627380d\" data-element_type=\"widget\" data-e-type=\"widget\" data-widget_type=\"heading.default\">\n\t\t\t\t<div class=\"elementor-widget-container\">\n\t\t\t\t\t<h2 class=\"elementor-heading-title elementor-size-default\">GROUPE CORPORATIF<\/h2>\t\t\t\t<\/div>\n\t\t\t\t<\/div>\n\t\t\t\t\t<\/div>\n\t\t<\/div>\n\t\t\t\t\t<\/div>\n\t\t<\/section>\n\t\t\t\t<section class=\"elementor-section elementor-top-section elementor-element elementor-element-1d3fb6f7 elementor-section-stretched elementor-section-boxed elementor-section-height-default elementor-section-height-default\" data-id=\"1d3fb6f7\" data-element_type=\"section\" data-e-type=\"section\" data-settings=\"{&quot;stretch_section&quot;:&quot;section-stretched&quot;}\">\n\t\t\t\t\t\t<div class=\"elementor-container elementor-column-gap-default\">\n\t\t\t\t\t<div class=\"elementor-column elementor-col-100 elementor-top-column elementor-element elementor-element-3d9e4e0c\" data-id=\"3d9e4e0c\" data-element_type=\"column\" data-e-type=\"column\">\n\t\t\t<div class=\"elementor-widget-wrap elementor-element-populated\">\n\t\t\t\t\t\t<div class=\"elementor-element elementor-element-37ef170c elementor-widget elementor-widget-text-editor\" data-id=\"37ef170c\" data-element_type=\"widget\" data-e-type=\"widget\" data-widget_type=\"text-editor.default\">\n\t\t\t\t<div class=\"elementor-widget-container\">\n\t\t\t\t\t\t\t\t\t<p><span style=\"color: #ffffff; font-family: arial, helvetica, sans-serif; font-size: 19px; text-align: left;\">Saviez-vous qu\u2019il est possible de r\u00e9server le Mus\u00e9e pour vos \u00e9v\u00e9nements corporatifs? Que ce soit un 5 \u00e0 7 de bureau, du renforcement d\u2019\u00e9quipe ou une journ\u00e9e de formation, nous avons l\u2019espace dont vous avez besoin!<\/span><\/p>\n<p><span style=\"font-family: arial, helvetica, sans-serif; font-size: 19px; color: #ffffff;\">Contactez-nous afin de faire de votre projet une r\u00e9ussite: <\/span><span style=\"font-family: arial, helvetica, sans-serif; font-size: 19px; color: #ffffff;\">819 474-5782<\/span><\/p>\n<p><span style=\"font-family: arial, helvetica, sans-serif; font-size: 19px; color: #ffffff;\">* Groupes de 10 personnes et plus seulement.\u00a0<\/span><\/p>\n<p><!-- \/wp:paragraph --><\/p>\t\t\t\t\t\t\t\t<\/div>\n\t\t\t\t<\/div>\n\t\t\t\t\t<\/div>\n\t\t<\/div>\n\t\t\t\t\t<\/div>\n\t\t<\/section>\n\t\t\t\t<section class=\"elementor-section elementor-top-section elementor-element elementor-element-fdc9ce4 elementor-section-boxed elementor-section-height-default elementor-section-height-default\" data-id=\"fdc9ce4\" data-element_type=\"section\" data-e-type=\"section\">\n\t\t\t\t\t\t<div class=\"elementor-container elementor-column-gap-default\">\n\t\t\t\t\t<div class=\"elementor-column elementor-col-100 elementor-top-column elementor-element elementor-element-aa17881\" data-id=\"aa17881\" data-element_type=\"column\" data-e-type=\"column\">\n\t\t\t<div class=\"elementor-widget-wrap elementor-element-populated\">\n\t\t\t\t\t\t<div class=\"elementor-element elementor-element-09c79d4 elementor-align-center elementor-widget elementor-widget-button\" data-id=\"09c79d4\" data-element_type=\"widget\" data-e-type=\"widget\" data-widget_type=\"button.default\">\n\t\t\t\t<div class=\"elementor-widget-container\">\n\t\t\t\t\t\t\t\t\t<div class=\"elementor-button-wrapper\">\n\t\t\t\t\t<a class=\"elementor-button elementor-button-link elementor-size-sm\" href=\"https:\/\/www.zeffy.com\/fr-CA\/ticketing\/groupe-affaires-et-team-building\" target=\"_blank\">\n\t\t\t\t\t\t<span class=\"elementor-button-content-wrapper\">\n\t\t\t\t\t\t\t\t\t<span class=\"elementor-button-text\">BILLETTERIE EN LIGNE<\/span>\n\t\t\t\t\t<\/span>\n\t\t\t\t\t<\/a>\n\t\t\t\t<\/div>\n\t\t\t\t\t\t\t\t<\/div>\n\t\t\t\t<\/div>\n\t\t\t\t<div class=\"elementor-element elementor-element-1a0020f elementor-align-center elementor-widget elementor-widget-button\" data-id=\"1a0020f\" data-element_type=\"widget\" data-e-type=\"widget\" data-widget_type=\"button.default\">\n\t\t\t\t<div class=\"elementor-widget-container\">\n\t\t\t\t\t\t\t\t\t<div class=\"elementor-button-wrapper\">\n\t\t\t\t\t<a class=\"elementor-button elementor-button-link elementor-size-sm\" href=\"https:\/\/museenationaldelaphotographie.com\/en\/informations%20\/\">\n\t\t\t\t\t\t<span class=\"elementor-button-content-wrapper\">\n\t\t\t\t\t\t\t\t\t<span class=\"elementor-button-text\">CONTACT US<\/span>\n\t\t\t\t\t<\/span>\n\t\t\t\t\t<\/a>\n\t\t\t\t<\/div>\n\t\t\t\t\t\t\t\t<\/div>\n\t\t\t\t<\/div>\n\t\t\t\t\t<\/div>\n\t\t<\/div>\n\t\t\t\t\t<\/div>\n\t\t<\/section>\n\t\t\t\t<\/div>","protected":false},"excerpt":{"rendered":"<p>GROUPE CORPORATIF Saviez-vous qu\u2019il est possible de r\u00e9server le Mus\u00e9e pour vos \u00e9v\u00e9nements corporatifs? Que ce soit un 5 \u00e0 7 de bureau, du renforcement d\u2019\u00e9quipe ou une journ\u00e9e de formation, nous avons l\u2019espace dont vous avez besoin! Contactez-nous afin de faire de votre projet une r\u00e9ussite: 819 474-5782 * Groupes de 10 personnes et &hellip; <\/p>\n<p class=\"link-more\"><a href=\"https:\/\/museenationaldelaphotographie.com\/en\/evenements-corporatifs\" class=\"more-link\">Continue reading<span class=\"screen-reader-text\"> \u00ab\u00a0ACTIVIT\u00c9S CORPORATIVES\u00a0\u00bb<\/span><\/a><\/p>","protected":false},"author":1,"featured_media":0,"parent":0,"menu_order":0,"comment_status":"closed","ping_status":"closed","template":"","meta":{"ngg_post_thumbnail":0,"footnotes":""},"class_list":["post-110","page","type-page","status-publish","hentry"],"yoast_head":"<!-- This site is optimized with the Yoast SEO plugin v27.3 - https:\/\/yoast.com\/product\/yoast-seo-wordpress\/ -->\n<title>ACTIVIT\u00c9S CORPORATIVES -<\/title>\n<meta name=\"description\" content=\"Le Mus\u00e9e de la Photographie est l&#039;endroit id\u00e9al \u00e0 Drummondville pour la location de salles pour des r\u00e9ceptions, \u00e9v\u00e8nements et 5 \u00e07 de bureau.\" \/>\n<meta name=\"robots\" content=\"index, follow, max-snippet:-1, max-image-preview:large, max-video-preview:-1\" \/>\n<link rel=\"canonical\" href=\"https:\/\/museenationaldelaphotographie.com\/en\/evenements-corporatifs\/\" \/>\n<meta property=\"og:locale\" content=\"en_US\" \/>\n<meta property=\"og:type\" content=\"article\" \/>\n<meta property=\"og:title\" content=\"ACTIVIT\u00c9S CORPORATIVES -\" \/>\n<meta property=\"og:description\" content=\"Le Mus\u00e9e de la Photographie est l&#039;endroit id\u00e9al \u00e0 Drummondville pour la location de salles pour des r\u00e9ceptions, \u00e9v\u00e8nements et 5 \u00e07 de bureau.\" \/>\n<meta property=\"og:url\" content=\"https:\/\/museenationaldelaphotographie.com\/en\/evenements-corporatifs\/\" \/>\n<meta property=\"article:modified_time\" content=\"2026-03-31T13:00:40+00:00\" \/>\n<meta name=\"twitter:card\" content=\"summary_large_image\" \/>\n<meta name=\"twitter:label1\" content=\"Est. reading time\" \/>\n\t<meta name=\"twitter:data1\" content=\"1 minute\" \/>\n<script type=\"application\/ld+json\" class=\"yoast-schema-graph\">{\"@context\":\"https:\\\/\\\/schema.org\",\"@graph\":[{\"@type\":\"WebPage\",\"@id\":\"https:\\\/\\\/museenationaldelaphotographie.com\\\/evenements-corporatifs\",\"url\":\"https:\\\/\\\/museenationaldelaphotographie.com\\\/evenements-corporatifs\",\"name\":\"ACTIVIT\u00c9S CORPORATIVES -\",\"isPartOf\":{\"@id\":\"https:\\\/\\\/museenationaldelaphotographie.com\\\/#website\"},\"datePublished\":\"2020-02-19T15:04:30+00:00\",\"dateModified\":\"2026-03-31T13:00:40+00:00\",\"description\":\"Le Mus\u00e9e de la Photographie est l'endroit id\u00e9al \u00e0 Drummondville pour la location de salles pour des r\u00e9ceptions, \u00e9v\u00e8nements et 5 \u00e07 de bureau.\",\"breadcrumb\":{\"@id\":\"https:\\\/\\\/museenationaldelaphotographie.com\\\/evenements-corporatifs#breadcrumb\"},\"inLanguage\":\"en-CA\",\"potentialAction\":[{\"@type\":\"ReadAction\",\"target\":[\"https:\\\/\\\/museenationaldelaphotographie.com\\\/evenements-corporatifs\"]}]},{\"@type\":\"BreadcrumbList\",\"@id\":\"https:\\\/\\\/museenationaldelaphotographie.com\\\/evenements-corporatifs#breadcrumb\",\"itemListElement\":[{\"@type\":\"ListItem\",\"position\":1,\"name\":\"Accueil\",\"item\":\"https:\\\/\\\/museenationaldelaphotographie.com\\\/\"},{\"@type\":\"ListItem\",\"position\":2,\"name\":\"ACTIVIT\u00c9S CORPORATIVES\"}]},{\"@type\":\"WebSite\",\"@id\":\"https:\\\/\\\/museenationaldelaphotographie.com\\\/#website\",\"url\":\"https:\\\/\\\/museenationaldelaphotographie.com\\\/\",\"name\":\"\",\"description\":\"\",\"potentialAction\":[{\"@type\":\"SearchAction\",\"target\":{\"@type\":\"EntryPoint\",\"urlTemplate\":\"https:\\\/\\\/museenationaldelaphotographie.com\\\/?s={search_term_string}\"},\"query-input\":{\"@type\":\"PropertyValueSpecification\",\"valueRequired\":true,\"valueName\":\"search_term_string\"}}],\"inLanguage\":\"en-CA\"}]}<\/script>\n<!-- \/ Yoast SEO plugin. -->","yoast_head_json":{"title":"ACTIVIT\u00c9S CORPORATIVES -","description":"Le Mus\u00e9e de la Photographie est l'endroit id\u00e9al \u00e0 Drummondville pour la location de salles pour des r\u00e9ceptions, \u00e9v\u00e8nements et 5 \u00e07 de bureau.","robots":{"index":"index","follow":"follow","max-snippet":"max-snippet:-1","max-image-preview":"max-image-preview:large","max-video-preview":"max-video-preview:-1"},"canonical":"https:\/\/museenationaldelaphotographie.com\/en\/evenements-corporatifs\/","og_locale":"en_US","og_type":"article","og_title":"ACTIVIT\u00c9S CORPORATIVES -","og_description":"Le Mus\u00e9e de la Photographie est l'endroit id\u00e9al \u00e0 Drummondville pour la location de salles pour des r\u00e9ceptions, \u00e9v\u00e8nements et 5 \u00e07 de bureau.","og_url":"https:\/\/museenationaldelaphotographie.com\/en\/evenements-corporatifs\/","article_modified_time":"2026-03-31T13:00:40+00:00","twitter_card":"summary_large_image","twitter_misc":{"Est. reading time":"1 minute"},"schema":{"@context":"https:\/\/schema.org","@graph":[{"@type":"WebPage","@id":"https:\/\/museenationaldelaphotographie.com\/evenements-corporatifs","url":"https:\/\/museenationaldelaphotographie.com\/evenements-corporatifs","name":"ACTIVIT\u00c9S CORPORATIVES -","isPartOf":{"@id":"https:\/\/museenationaldelaphotographie.com\/#website"},"datePublished":"2020-02-19T15:04:30+00:00","dateModified":"2026-03-31T13:00:40+00:00","description":"Le Mus\u00e9e de la Photographie est l'endroit id\u00e9al \u00e0 Drummondville pour la location de salles pour des r\u00e9ceptions, \u00e9v\u00e8nements et 5 \u00e07 de bureau.","breadcrumb":{"@id":"https:\/\/museenationaldelaphotographie.com\/evenements-corporatifs#breadcrumb"},"inLanguage":"en-CA","potentialAction":[{"@type":"ReadAction","target":["https:\/\/museenationaldelaphotographie.com\/evenements-corporatifs"]}]},{"@type":"BreadcrumbList","@id":"https:\/\/museenationaldelaphotographie.com\/evenements-corporatifs#breadcrumb","itemListElement":[{"@type":"ListItem","position":1,"name":"Accueil","item":"https:\/\/museenationaldelaphotographie.com\/"},{"@type":"ListItem","position":2,"name":"ACTIVIT\u00c9S CORPORATIVES"}]},{"@type":"WebSite","@id":"https:\/\/museenationaldelaphotographie.com\/#website","url":"https:\/\/museenationaldelaphotographie.com\/","name":"","description":"","potentialAction":[{"@type":"SearchAction","target":{"@type":"EntryPoint","urlTemplate":"https:\/\/museenationaldelaphotographie.com\/?s={search_term_string}"},"query-input":{"@type":"PropertyValueSpecification","valueRequired":true,"valueName":"search_term_string"}}],"inLanguage":"en-CA"}]}},"jetpack_sharing_enabled":true,"_links":{"self":[{"href":"https:\/\/museenationaldelaphotographie.com\/en\/wp-json\/wp\/v2\/pages\/110","targetHints":{"allow":["GET"]}}],"collection":[{"href":"https:\/\/museenationaldelaphotographie.com\/en\/wp-json\/wp\/v2\/pages"}],"about":[{"href":"https:\/\/museenationaldelaphotographie.com\/en\/wp-json\/wp\/v2\/types\/page"}],"author":[{"embeddable":true,"href":"https:\/\/museenationaldelaphotographie.com\/en\/wp-json\/wp\/v2\/users\/1"}],"replies":[{"embeddable":true,"href":"https:\/\/museenationaldelaphotographie.com\/en\/wp-json\/wp\/v2\/comments?post=110"}],"version-history":[{"count":51,"href":"https:\/\/museenationaldelaphotographie.com\/en\/wp-json\/wp\/v2\/pages\/110\/revisions"}],"predecessor-version":[{"id":6037,"href":"https:\/\/museenationaldelaphotographie.com\/en\/wp-json\/wp\/v2\/pages\/110\/revisions\/6037"}],"wp:attachment":[{"href":"https:\/\/museenationaldelaphotographie.com\/en\/wp-json\/wp\/v2\/media?parent=110"}],"curies":[{"name":"wp","href":"https:\/\/api.w.org\/{rel}","templated":true}]}}